{"id":112,"date":"2024-04-14T16:55:15","date_gmt":"2024-04-14T13:55:15","guid":{"rendered":"https:\/\/www.sooraw.eu\/?page_id=112"},"modified":"2025-02-06T10:05:24","modified_gmt":"2025-02-06T08:05:24","slug":"za-nas","status":"publish","type":"page","link":"https:\/\/www.sooraw.eu\/es\/za-nas\/","title":{"rendered":"Qui\u00e9nes somos"},"content":{"rendered":"<div data-elementor-type=\"wp-page\" data-elementor-id=\"112\" class=\"elementor elementor-112\" data-elementor-post-type=\"page\">\n\t\t\t\t\t\t<section class=\"elementor-section elementor-top-section elementor-element elementor-element-12d93573 elementor-section-boxed elementor-section-height-default elementor-section-height-default\" data-id=\"12d93573\" data-element_type=\"section\" data-e-type=\"section\" data-settings=\"{&quot;background_background&quot;:&quot;classic&quot;}\">\n\t\t\t\t\t\t\t<div class=\"elementor-background-overlay\"><\/div>\n\t\t\t\t\t\t\t<div class=\"elementor-container elementor-column-gap-default\">\n\t\t\t\t\t<div class=\"elementor-column elementor-col-100 elementor-top-column elementor-element elementor-element-5da86d22\" data-id=\"5da86d22\" data-element_type=\"column\" data-e-type=\"column\">\n\t\t\t<div class=\"elementor-widget-wrap elementor-element-populated\">\n\t\t\t\t\t\t<div class=\"elementor-element elementor-element-270803b7 elementor-widget elementor-widget-heading\" data-id=\"270803b7\" data-element_type=\"widget\" data-e-type=\"widget\" data-widget_type=\"heading.default\">\n\t\t\t\t<div class=\"elementor-widget-container\">\n\t\t\t\t\t<h2 class=\"elementor-heading-title elementor-size-default\">Qui\u00e9nes somos<\/h2>\t\t\t\t<\/div>\n\t\t\t\t<\/div>\n\t\t\t\t<div class=\"elementor-element elementor-element-495bad3e elementor-icon-list--layout-inline elementor-align-center elementor-list-item-link-full_width elementor-widget elementor-widget-icon-list\" data-id=\"495bad3e\" data-element_type=\"widget\" data-e-type=\"widget\" data-widget_type=\"icon-list.default\">\n\t\t\t\t<div class=\"elementor-widget-container\">\n\t\t\t\t\t\t\t<ul class=\"elementor-icon-list-items elementor-inline-items\">\n\t\t\t\t\t\t\t<li class=\"elementor-icon-list-item elementor-inline-item\">\n\t\t\t\t\t\t\t\t\t\t<span class=\"elementor-icon-list-text\">Soo Raw<\/span>\n\t\t\t\t\t\t\t\t\t<\/li>\n\t\t\t\t\t\t\t\t<li class=\"elementor-icon-list-item elementor-inline-item\">\n\t\t\t\t\t\t\t\t\t\t\t<span class=\"elementor-icon-list-icon\">\n\t\t\t\t\t\t\t<svg aria-hidden=\"true\" class=\"e-font-icon-svg e-fas-chevron-right\" viewbox=\"0 0 320 512\" xmlns=\"http:\/\/www.w3.org\/2000\/svg\"><path d=\"M285.476 272.971L91.132 467.314c-9.373 9.373-24.569 9.373-33.941 0l-22.667-22.667c-9.357-9.357-9.375-24.522-.04-33.901L188.505 256 34.484 101.255c-9.335-9.379-9.317-24.544.04-33.901l22.667-22.667c9.373-9.373 24.569-9.373 33.941 0L285.475 239.03c9.373 9.372 9.373 24.568.001 33.941z\"><\/path><\/svg>\t\t\t\t\t\t<\/span>\n\t\t\t\t\t\t\t\t\t\t<span class=\"elementor-icon-list-text\">Qui\u00e9nes somos<\/span>\n\t\t\t\t\t\t\t\t\t<\/li>\n\t\t\t\t\t\t<\/ul>\n\t\t\t\t\t\t<\/div>\n\t\t\t\t<\/div>\n\t\t\t\t\t<\/div>\n\t\t<\/div>\n\t\t\t\t\t<\/div>\n\t\t<\/section>\n\t\t<div class=\"elementor-element elementor-element-e764356 e-flex e-con-boxed e-con e-parent\" data-id=\"e764356\" data-element_type=\"container\" data-e-type=\"container\">\n\t\t\t\t\t<div class=\"e-con-inner\">\n\t\t<div class=\"elementor-element elementor-element-9863e6c e-flex e-con-boxed e-con e-child\" data-id=\"9863e6c\" data-element_type=\"container\" data-e-type=\"container\">\n\t\t\t\t\t<div class=\"e-con-inner\">\n\t\t\t\t<div class=\"elementor-element elementor-element-58f34ef elementor-widget elementor-widget-heading\" data-id=\"58f34ef\" data-element_type=\"widget\" data-e-type=\"widget\" data-widget_type=\"heading.default\">\n\t\t\t\t<div class=\"elementor-widget-container\">\n\t\t\t\t\t<h2 class=\"elementor-heading-title elementor-size-default\">MADE IN BULGARIA... INSPIRADO EN LA NATURALEZA<\/h2>\t\t\t\t<\/div>\n\t\t\t\t<\/div>\n\t\t\t\t\t<\/div>\n\t\t\t\t<\/div>\n\t\t\t\t\t<\/div>\n\t\t\t\t<\/div>\n\t\t<div class=\"elementor-element elementor-element-79fa137 e-flex e-con-boxed e-con e-parent\" data-id=\"79fa137\" data-element_type=\"container\" data-e-type=\"container\">\n\t\t\t\t\t<div class=\"e-con-inner\">\n\t\t<div class=\"elementor-element elementor-element-11a7581 e-flex e-con-boxed e-con e-child\" data-id=\"11a7581\" data-element_type=\"container\" data-e-type=\"container\">\n\t\t\t\t\t<div class=\"e-con-inner\">\n\t\t<div class=\"elementor-element elementor-element-6bf5d49 e-con-full e-flex e-con e-child\" data-id=\"6bf5d49\" data-element_type=\"container\" data-e-type=\"container\">\n\t\t\t\t<div class=\"elementor-element elementor-element-5379f79 elementor-widget elementor-widget-text-editor\" data-id=\"5379f79\" data-element_type=\"widget\" data-e-type=\"widget\" data-widget_type=\"text-editor.default\">\n\t\t\t\t<div class=\"elementor-widget-container\">\n\t\t\t\t\t\t\t\t\t<p>Impulsados por el deseo de elegir alimentos limpios, en los \u00faltimos a\u00f1os nos hemos enfrentado a una enorme oferta de productos que incluyen cada vez m\u00e1s aditivos, potenciadores, colorantes, saborizantes... todas las cosas que toda persona preocupada por su salud desear\u00eda evitar. As\u00ed naci\u00f3 la idea de crear productos que no contuvieran aditivos, que estuvieran m\u00ednimamente procesados y que s\u00f3lo incluyeran ingredientes de calidad. Quer\u00eda crear postres y galletas saladas que fueran c\u00f3modas para llevar al trabajo o de viaje, pero tambi\u00e9n deliciosas y libres de culpa para comer en casa.<\/p>\n<p>Estamos desarrollando nuestra propia planta de producci\u00f3n, donde creamos nuestros productos - con ingredientes puros - naturales u org\u00e1nicos.<\/p>\n<p>Nuestros productos se elaboran con aut\u00e9nticas frutas, frutos secos y semillas, verduras y especias b\u00falgaras. Las recetas en las que trabajamos desde hace meses se crean con mucho amor por un estilo de vida sano y atenci\u00f3n al sabor de calidad. Seleccionamos, combinamos y probamos los ingredientes cada d\u00eda para conseguir un equilibrio perfecto y una saturaci\u00f3n de sabores nuevos y novedosos.<\/p>\t\t\t\t\t\t\t\t<\/div>\n\t\t\t\t<\/div>\n\t\t\t\t<\/div>\n\t\t<div class=\"elementor-element elementor-element-1c2fd6f e-con-full e-flex e-con e-child\" data-id=\"1c2fd6f\" data-element_type=\"container\" data-e-type=\"container\">\n\t\t\t\t<div class=\"elementor-element elementor-element-532c751 elementor-widget elementor-widget-image\" data-id=\"532c751\" data-element_type=\"widget\" data-e-type=\"widget\" data-widget_type=\"image.default\">\n\t\t\t\t<div class=\"elementor-widget-container\">\n\t\t\t\t\t\t\t\t\t\t\t\t\t\t\t<img fetchpriority=\"high\" decoding=\"async\" width=\"916\" height=\"628\" src=\"https:\/\/www.sooraw.eu\/wp-content\/uploads\/sooraw-199119.png\" class=\"attachment-full size-full wp-image-721\" alt=\"Sooraw 199119\" srcset=\"https:\/\/www.sooraw.eu\/wp-content\/uploads\/sooraw-199119.png 916w, https:\/\/www.sooraw.eu\/wp-content\/uploads\/sooraw-199119-300x206.png 300w, https:\/\/www.sooraw.eu\/wp-content\/uploads\/sooraw-199119-768x527.png 768w, https:\/\/www.sooraw.eu\/wp-content\/uploads\/sooraw-199119-18x12.png 18w, https:\/\/www.sooraw.eu\/wp-content\/uploads\/sooraw-199119-600x411.png 600w\" sizes=\"(max-width: 916px) 100vw, 916px\" \/>\t\t\t\t\t\t\t\t\t\t\t\t\t\t\t<\/div>\n\t\t\t\t<\/div>\n\t\t\t\t<\/div>\n\t\t\t\t\t<\/div>\n\t\t\t\t<\/div>\n\t\t\t\t\t<\/div>\n\t\t\t\t<\/div>\n\t\t<div class=\"elementor-element elementor-element-63a49c9 e-flex e-con-boxed e-con e-parent\" data-id=\"63a49c9\" data-element_type=\"container\" data-e-type=\"container\">\n\t\t\t\t\t<div class=\"e-con-inner\">\n\t\t<div class=\"elementor-element elementor-element-27fd3de e-flex e-con-boxed e-con e-child\" data-id=\"27fd3de\" data-element_type=\"container\" data-e-type=\"container\">\n\t\t\t\t\t<div class=\"e-con-inner\">\n\t\t<div class=\"elementor-element elementor-element-b036007 e-flex e-con-boxed e-con e-child\" data-id=\"b036007\" data-element_type=\"container\" data-e-type=\"container\">\n\t\t\t\t\t<div class=\"e-con-inner\">\n\t\t<div class=\"elementor-element elementor-element-d093a25 e-con-full e-flex e-con e-child\" data-id=\"d093a25\" data-element_type=\"container\" data-e-type=\"container\">\n\t\t\t\t<div class=\"elementor-element elementor-element-a3add93 elementor-widget elementor-widget-image\" data-id=\"a3add93\" data-element_type=\"widget\" data-e-type=\"widget\" data-widget_type=\"image.default\">\n\t\t\t\t<div class=\"elementor-widget-container\">\n\t\t\t\t\t\t\t\t\t\t\t\t\t\t\t<img decoding=\"async\" width=\"916\" height=\"628\" src=\"https:\/\/www.sooraw.eu\/wp-content\/uploads\/sooraw-199222.png\" class=\"attachment-full size-full wp-image-757\" alt=\"Sooraw 199222\" srcset=\"https:\/\/www.sooraw.eu\/wp-content\/uploads\/sooraw-199222.png 916w, https:\/\/www.sooraw.eu\/wp-content\/uploads\/sooraw-199222-300x206.png 300w, https:\/\/www.sooraw.eu\/wp-content\/uploads\/sooraw-199222-768x527.png 768w, https:\/\/www.sooraw.eu\/wp-content\/uploads\/sooraw-199222-18x12.png 18w, https:\/\/www.sooraw.eu\/wp-content\/uploads\/sooraw-199222-600x411.png 600w\" sizes=\"(max-width: 916px) 100vw, 916px\" \/>\t\t\t\t\t\t\t\t\t\t\t\t\t\t\t<\/div>\n\t\t\t\t<\/div>\n\t\t\t\t<\/div>\n\t\t<div class=\"elementor-element elementor-element-6693d17 e-con-full e-flex e-con e-child\" data-id=\"6693d17\" data-element_type=\"container\" data-e-type=\"container\">\n\t\t\t\t<div class=\"elementor-element elementor-element-cd40893 elementor-widget elementor-widget-heading\" data-id=\"cd40893\" data-element_type=\"widget\" data-e-type=\"widget\" data-widget_type=\"heading.default\">\n\t\t\t\t<div class=\"elementor-widget-container\">\n\t\t\t\t\t<h2 class=\"elementor-heading-title elementor-size-default\">NUESTRA FILOSOF\u00cdA<\/h2>\t\t\t\t<\/div>\n\t\t\t\t<\/div>\n\t\t\t\t<div class=\"elementor-element elementor-element-ac29a9d elementor-widget elementor-widget-text-editor\" data-id=\"ac29a9d\" data-element_type=\"widget\" data-e-type=\"widget\" data-widget_type=\"text-editor.default\">\n\t\t\t\t<div class=\"elementor-widget-container\">\n\t\t\t\t\t\t\t\t\t<p>El h\u00e1bito que creas hoy para tus hijos, ma\u00f1ana lo legar\u00e1n a tus nietos.\u00a0<\/p><p>En este sentido, optamos por elaborar productos nuevos y diferentes para educar en una nueva forma de comer, para prestar atenci\u00f3n a los alimentos que compartimos con nuestros seres queridos. A trav\u00e9s de nuestros productos queremos transmitir esta filosof\u00eda de alimentaci\u00f3n sana, pensamiento sano y, por tanto, vida sana.<\/p><p>Pensemos en nosotros, en nuestros herederos, ese es el mensaje que queremos transmitir. Y no hablamos s\u00f3lo de una alimentaci\u00f3n sana, sino de una forma de pensar y una educaci\u00f3n que transmitir a la siguiente generaci\u00f3n. Lo que ense\u00f1amos hoy a nuestros hijos y nietos es uno de los principales m\u00e9todos para dejar nuestra huella en las generaciones venideras.<\/p>\t\t\t\t\t\t\t\t<\/div>\n\t\t\t\t<\/div>\n\t\t\t\t<div class=\"elementor-element elementor-element-2907187 elementor-align-center elementor-widget elementor-widget-button\" data-id=\"2907187\" data-element_type=\"widget\" data-e-type=\"widget\" data-widget_type=\"button.default\">\n\t\t\t\t<div class=\"elementor-widget-container\">\n\t\t\t\t\t\t\t\t\t<div class=\"elementor-button-wrapper\">\n\t\t\t\t\t<a class=\"elementor-button elementor-button-link elementor-size-sm\" href=\"\/es\/kontakti\/\">\n\t\t\t\t\t\t<span class=\"elementor-button-content-wrapper\">\n\t\t\t\t\t\t\t\t\t<span class=\"elementor-button-text\">P\u00f3ngase en contacto con<\/span>\n\t\t\t\t\t<\/span>\n\t\t\t\t\t<\/a>\n\t\t\t\t<\/div>\n\t\t\t\t\t\t\t\t<\/div>\n\t\t\t\t<\/div>\n\t\t\t\t<\/div>\n\t\t\t\t\t<\/div>\n\t\t\t\t<\/div>\n\t\t\t\t\t<\/div>\n\t\t\t\t<\/div>\n\t\t\t\t\t<\/div>\n\t\t\t\t<\/div>\n\t\t\t\t<\/div>","protected":false},"excerpt":{"rendered":"<p>\u0417\u0430 \u043d\u0430\u0441 Soo Raw \u0417\u0430 \u043d\u0430\u0441 \u041f\u0420\u041e\u0418\u0417\u0412\u0415\u0414\u0415\u041d\u041e \u0412 \u0411\u042a\u041b\u0413\u0410\u0420\u0418\u042f&#8230; \u0412\u0414\u042a\u0425\u041d\u041e\u0412\u0415\u041d\u041e \u041e\u0422 \u041f\u0420\u0418\u0420\u041e\u0414\u0410\u0422\u0410 \u0412\u043e\u0434\u0435\u043d\u0438 \u043e\u0442 \u0436\u0435\u043b\u0430\u043d\u0438\u0435\u0442\u043e \u0437\u0430 \u0438\u0437\u0431\u043e\u0440 \u043d\u0430 \u0447\u0438\u0441\u0442\u0430 \u0445\u0440\u0430\u043d\u0430, \u043f\u0440\u0435\u0437 \u043f\u043e\u0441\u043b\u0435\u0434\u043d\u0438\u0442\u0435 \u0433\u043e\u0434\u0438\u043d\u0438 \u0441\u0435 \u0441\u0431\u043b\u044a\u0441\u043a\u0430\u0445\u043c\u0435 \u0441 \u043e\u0433\u0440\u043e\u043c\u043d\u043e\u0442\u043e \u043f\u0440\u0435\u0434\u043b\u0430\u0433\u0430\u043d\u0435 \u043d\u0430 \u043f\u0440\u043e\u0434\u0443\u043a\u0442\u0438, \u043a\u043e\u0438\u0442\u043e \u0432\u043a\u043b\u044e\u0447\u0432\u0430\u0442 \u0432\u0441\u0435 \u043f\u043e\u0432\u0435\u0447\u0435 \u0434\u043e\u0431\u0430\u0432\u043a\u0438, \u043f\u043e\u0434\u043e\u0431\u0440\u0438\u0442\u0435\u043b\u0438, \u043e\u0446\u0432\u0435\u0442\u0438\u0442\u0435\u043b\u0438, \u0430\u0440\u043e\u043c\u0430\u0442\u0438\u0437\u0430\u0442\u043e\u0440\u0438\u2026 \u0432\u0441\u0435 \u043d\u0435\u0449\u0430, \u043a\u043e\u0438\u0442\u043e \u0432\u0441\u0435\u043a\u0438 \u0447\u043e\u0432\u0435\u043a, \u0433\u0440\u0438\u0436\u0435\u0449 \u0441\u0435 \u0437\u0430 \u0437\u0434\u0440\u0430\u0432\u0435\u0442\u043e \u0441\u0438 \u0431\u0438 \u0438\u0441\u043a\u0430\u043b \u0434\u0430 \u0438\u0437\u0431\u0435\u0433\u043d\u0435. \u0422\u0430\u043a\u0430 \u0441\u0435 \u0437\u0430\u0440\u043e\u0434\u0438 [&hellip;]<\/p>\n","protected":false},"author":1,"featured_media":0,"parent":0,"menu_order":0,"comment_status":"closed","ping_status":"closed","template":"","meta":{"slim_seo":{"description":"Tenemos nuestra propia planta de producci\u00f3n donde estamos muy dispuestos a crear nuestros productos - con ingredientes puros - naturales u org\u00e1nicos.","title":"Sobre nosotros - Soo Raw"},"footnotes":""},"class_list":["post-112","page","type-page","status-publish","hentry"],"_links":{"self":[{"href":"https:\/\/www.sooraw.eu\/es\/wp-json\/wp\/v2\/pages\/112","targetHints":{"allow":["GET"]}}],"collection":[{"href":"https:\/\/www.sooraw.eu\/es\/wp-json\/wp\/v2\/pages"}],"about":[{"href":"https:\/\/www.sooraw.eu\/es\/wp-json\/wp\/v2\/types\/page"}],"author":[{"embeddable":true,"href":"https:\/\/www.sooraw.eu\/es\/wp-json\/wp\/v2\/users\/1"}],"replies":[{"embeddable":true,"href":"https:\/\/www.sooraw.eu\/es\/wp-json\/wp\/v2\/comments?post=112"}],"version-history":[{"count":37,"href":"https:\/\/www.sooraw.eu\/es\/wp-json\/wp\/v2\/pages\/112\/revisions"}],"predecessor-version":[{"id":760,"href":"https:\/\/www.sooraw.eu\/es\/wp-json\/wp\/v2\/pages\/112\/revisions\/760"}],"wp:attachment":[{"href":"https:\/\/www.sooraw.eu\/es\/wp-json\/wp\/v2\/media?parent=112"}],"curies":[{"name":"wp","href":"https:\/\/api.w.org\/{rel}","templated":true}]}}