{"id":207,"date":"2024-04-14T18:33:48","date_gmt":"2024-04-14T15:33:48","guid":{"rendered":"https:\/\/www.sooraw.eu\/?page_id=207"},"modified":"2024-04-19T12:31:21","modified_gmt":"2024-04-19T09:31:21","slug":"naturalni-deserti","status":"publish","type":"page","link":"https:\/\/www.sooraw.eu\/es\/naturalni-deserti\/","title":{"rendered":"Postres naturales"},"content":{"rendered":"<div data-elementor-type=\"wp-page\" data-elementor-id=\"207\" class=\"elementor elementor-207\" data-elementor-post-type=\"page\">\n\t\t\t\t\t\t<section class=\"elementor-section elementor-top-section elementor-element elementor-element-aa14b32 elementor-section-boxed elementor-section-height-default elementor-section-height-default\" data-id=\"aa14b32\" data-element_type=\"section\" data-e-type=\"section\" data-settings=\"{&quot;background_background&quot;:&quot;classic&quot;}\">\n\t\t\t\t\t\t\t<div class=\"elementor-background-overlay\"><\/div>\n\t\t\t\t\t\t\t<div class=\"elementor-container elementor-column-gap-default\">\n\t\t\t\t\t<div class=\"elementor-column elementor-col-100 elementor-top-column elementor-element elementor-element-714c5c5\" data-id=\"714c5c5\" data-element_type=\"column\" data-e-type=\"column\">\n\t\t\t<div class=\"elementor-widget-wrap elementor-element-populated\">\n\t\t\t\t\t<div class=\"elementor-background-overlay\"><\/div>\n\t\t\t\t\t\t<div class=\"elementor-element elementor-element-7948708 elementor-widget elementor-widget-heading\" data-id=\"7948708\" data-element_type=\"widget\" data-e-type=\"widget\" data-widget_type=\"heading.default\">\n\t\t\t\t<div class=\"elementor-widget-container\">\n\t\t\t\t\t<h2 class=\"elementor-heading-title elementor-size-default\">Postres naturales<\/h2>\t\t\t\t<\/div>\n\t\t\t\t<\/div>\n\t\t\t\t<div class=\"elementor-element elementor-element-f3543e9 elementor-icon-list--layout-inline elementor-align-center elementor-list-item-link-full_width elementor-widget elementor-widget-icon-list\" data-id=\"f3543e9\" data-element_type=\"widget\" data-e-type=\"widget\" data-widget_type=\"icon-list.default\">\n\t\t\t\t<div class=\"elementor-widget-container\">\n\t\t\t\t\t\t\t<ul class=\"elementor-icon-list-items elementor-inline-items\">\n\t\t\t\t\t\t\t<li class=\"elementor-icon-list-item elementor-inline-item\">\n\t\t\t\t\t\t\t\t\t\t<span class=\"elementor-icon-list-text\">Soo Raw<\/span>\n\t\t\t\t\t\t\t\t\t<\/li>\n\t\t\t\t\t\t\t\t<li class=\"elementor-icon-list-item elementor-inline-item\">\n\t\t\t\t\t\t\t\t\t\t\t<span class=\"elementor-icon-list-icon\">\n\t\t\t\t\t\t\t<svg aria-hidden=\"true\" class=\"e-font-icon-svg e-fas-chevron-right\" viewbox=\"0 0 320 512\" xmlns=\"http:\/\/www.w3.org\/2000\/svg\"><path d=\"M285.476 272.971L91.132 467.314c-9.373 9.373-24.569 9.373-33.941 0l-22.667-22.667c-9.357-9.357-9.375-24.522-.04-33.901L188.505 256 34.484 101.255c-9.335-9.379-9.317-24.544.04-33.901l22.667-22.667c9.373-9.373 24.569-9.373 33.941 0L285.475 239.03c9.373 9.372 9.373 24.568.001 33.941z\"><\/path><\/svg>\t\t\t\t\t\t<\/span>\n\t\t\t\t\t\t\t\t\t\t<span class=\"elementor-icon-list-text\">Postres naturales<\/span>\n\t\t\t\t\t\t\t\t\t<\/li>\n\t\t\t\t\t\t<\/ul>\n\t\t\t\t\t\t<\/div>\n\t\t\t\t<\/div>\n\t\t\t\t\t<\/div>\n\t\t<\/div>\n\t\t\t\t\t<\/div>\n\t\t<\/section>\n\t\t<div class=\"elementor-element elementor-element-b976204 e-flex e-con-boxed e-con e-parent\" data-id=\"b976204\" data-element_type=\"container\" data-e-type=\"container\">\n\t\t\t\t\t<div class=\"e-con-inner\">\n\t\t<div class=\"elementor-element elementor-element-a54d76b e-flex e-con-boxed e-con e-child\" data-id=\"a54d76b\" data-element_type=\"container\" data-e-type=\"container\">\n\t\t\t\t\t<div class=\"e-con-inner\">\n\t\t\t\t<div class=\"elementor-element elementor-element-c9b5ba6 elementor-widget elementor-widget-heading\" data-id=\"c9b5ba6\" data-element_type=\"widget\" data-e-type=\"widget\" data-widget_type=\"heading.default\">\n\t\t\t\t<div class=\"elementor-widget-container\">\n\t\t\t\t\t<h2 class=\"elementor-heading-title elementor-size-default\">Deliciosas barritas naturales y ecol\u00f3gicas<\/h2>\t\t\t\t<\/div>\n\t\t\t\t<\/div>\n\t\t\t\t<div class=\"elementor-element elementor-element-5574a94 elementor-widget elementor-widget-text-editor\" data-id=\"5574a94\" data-element_type=\"widget\" data-e-type=\"widget\" data-widget_type=\"text-editor.default\">\n\t\t\t\t<div class=\"elementor-widget-container\">\n\t\t\t\t\t\t\t\t\t<p style=\"text-align: center;\">Creemos en nuestros hijos una actitud hacia la comida y un estilo de vida sano.&nbsp;<\/p><p style=\"text-align: center;\">Los postres que elaboramos no contienen gluten, ni az\u00facares a\u00f1adidos, ni al\u00e9rgenos: s\u00f3lo la dulzura de la aut\u00e9ntica fruta de calidad: cereza, fresa y ar\u00e1ndano.<\/p>\t\t\t\t\t\t\t\t<\/div>\n\t\t\t\t<\/div>\n\t\t\t\t\t<\/div>\n\t\t\t\t<\/div>\n\t\t<div class=\"elementor-element elementor-element-11b8b9a e-flex e-con-boxed e-con e-child\" data-id=\"11b8b9a\" data-element_type=\"container\" data-e-type=\"container\">\n\t\t\t\t\t<div class=\"e-con-inner\">\n\t\t\t\t<div class=\"elementor-element elementor-element-36977e0 elementor-grid-3 elementor-product-loop-item--align-center elementor-grid-tablet-2 elementor-grid-mobile-1 elementor-products-grid elementor-wc-products elementor-widget elementor-widget-woocommerce-products\" data-id=\"36977e0\" data-element_type=\"widget\" data-e-type=\"widget\" data-widget_type=\"woocommerce-products.default\">\n\t\t\t\t<div class=\"elementor-widget-container\">\n\t\t\t\t\t<div class=\"woocommerce columns-3\"><ul class=\"products elementor-grid columns-3\">\n<li class=\"product type-product post-232 status-publish first instock product_cat-naturalni-deserti has-post-thumbnail shipping-taxable purchasable product-type-simple\">\n\t<a href=\"https:\/\/www.sooraw.eu\/es\/producto\/detski-bio-bar-soo-raw-kosmicheska-borovinka\/\" class=\"woocommerce-LoopProduct-link woocommerce-loop-product__link\"><img fetchpriority=\"high\" decoding=\"async\" width=\"300\" height=\"300\" src=\"https:\/\/www.sooraw.eu\/wp-content\/uploads\/kids-berry-300x300.jpg\" class=\"attachment-woocommerce_thumbnail size-woocommerce_thumbnail\" alt=\"\u0414\u0435\u0442\u0441\u043a\u0438 \u0431\u0438\u043e \u0431\u0430\u0440 SOO RAW \u043a\u043e\u0441\u043c\u0438\u0447\u0435\u0441\u043a\u0430 \u0431\u043e\u0440\u043e\u0432\u0438\u043d\u043a\u0430\" srcset=\"https:\/\/www.sooraw.eu\/wp-content\/uploads\/kids-berry-300x300.jpg 300w, https:\/\/www.sooraw.eu\/wp-content\/uploads\/kids-berry-100x100.jpg 100w, https:\/\/www.sooraw.eu\/wp-content\/uploads\/kids-berry-600x600.jpg 600w, https:\/\/www.sooraw.eu\/wp-content\/uploads\/kids-berry-150x150.jpg 150w, https:\/\/www.sooraw.eu\/wp-content\/uploads\/kids-berry-768x768.jpg 768w, https:\/\/www.sooraw.eu\/wp-content\/uploads\/kids-berry.jpg 800w\" sizes=\"(max-width: 300px) 100vw, 300px\" \/><h2 class=\"woocommerce-loop-product__title\">Barrita bio para ni\u00f1os SOO RAW cosmic blueberry<\/h2>\n\t<span class=\"price\"><span class=\"woocommerce-Price-amount amount\"><bdi>19,70&nbsp;<span class=\"woocommerce-Price-currencySymbol\">lv.<\/span><\/bdi><\/span> <span class=\"eur-price\">\/ 10.07 \u20ac<\/span><\/span>\n<\/a><a href=\"\/es\/wp-json\/wp\/v2\/pages\/207?add-to-cart=232\" aria-describedby=\"woocommerce_loop_add_to_cart_link_describedby_232\" data-quantity=\"1\" class=\"button product_type_simple add_to_cart_button ajax_add_to_cart\" data-product_id=\"232\" data-product_sku=\"\" aria-label=\"A\u00f1adir al carrito: \u201c\u0414\u0435\u0442\u0441\u043a\u0438 \u0431\u0438\u043e \u0431\u0430\u0440 SOO RAW \u043a\u043e\u0441\u043c\u0438\u0447\u0435\u0441\u043a\u0430 \u0431\u043e\u0440\u043e\u0432\u0438\u043d\u043a\u0430\u201d\" rel=\"nofollow\" data-success_message=\"\u00ab\u0414\u0435\u0442\u0441\u043a\u0438 \u0431\u0438\u043e \u0431\u0430\u0440 SOO RAW \u043a\u043e\u0441\u043c\u0438\u0447\u0435\u0441\u043a\u0430 \u0431\u043e\u0440\u043e\u0432\u0438\u043d\u043a\u0430\u00bb se ha a\u00f1adido a tu carrito\" role=\"button\" data-no-translation=\"\" data-trp-gettext=\"\" data-no-translation-aria-label=\"\" data-no-translation-data-success_message=\"\">A\u00f1adir al carrito<\/a>\t<span id=\"woocommerce_loop_add_to_cart_link_describedby_232\" class=\"screen-reader-text\">\n\t\t\t<\/span>\n<\/li>\n<li class=\"product type-product post-231 status-publish instock product_cat-naturalni-deserti has-post-thumbnail shipping-taxable purchasable product-type-simple\">\n\t<a href=\"https:\/\/www.sooraw.eu\/es\/producto\/detski-bio-bar-soo-raw-chereshova-galaktika\/\" class=\"woocommerce-LoopProduct-link woocommerce-loop-product__link\"><img decoding=\"async\" width=\"300\" height=\"300\" src=\"https:\/\/www.sooraw.eu\/wp-content\/uploads\/kids-cherry-300x300.jpg\" class=\"attachment-woocommerce_thumbnail size-woocommerce_thumbnail\" alt=\"\u0414\u0435\u0442\u0441\u043a\u0438 \u0431\u0438\u043e \u0431\u0430\u0440 SOO RAW \u0447\u0435\u0440\u0435\u0448\u043e\u0432\u0430 \u0433\u0430\u043b\u0430\u043a\u0442\u0438\u043a\u0430\" srcset=\"https:\/\/www.sooraw.eu\/wp-content\/uploads\/kids-cherry-300x300.jpg 300w, https:\/\/www.sooraw.eu\/wp-content\/uploads\/kids-cherry-100x100.jpg 100w, https:\/\/www.sooraw.eu\/wp-content\/uploads\/kids-cherry-600x600.jpg 600w, https:\/\/www.sooraw.eu\/wp-content\/uploads\/kids-cherry-150x150.jpg 150w, https:\/\/www.sooraw.eu\/wp-content\/uploads\/kids-cherry-768x768.jpg 768w, https:\/\/www.sooraw.eu\/wp-content\/uploads\/kids-cherry.jpg 800w\" sizes=\"(max-width: 300px) 100vw, 300px\" \/><h2 class=\"woocommerce-loop-product__title\">Barrita ecol\u00f3gica infantil SOO RAW cereza galaxia<\/h2>\n\t<span class=\"price\"><span class=\"woocommerce-Price-amount amount\"><bdi>19,70&nbsp;<span class=\"woocommerce-Price-currencySymbol\">lv.<\/span><\/bdi><\/span> <span class=\"eur-price\">\/ 10.07 \u20ac<\/span><\/span>\n<\/a><a href=\"\/es\/wp-json\/wp\/v2\/pages\/207?add-to-cart=231\" aria-describedby=\"woocommerce_loop_add_to_cart_link_describedby_231\" data-quantity=\"1\" class=\"button product_type_simple add_to_cart_button ajax_add_to_cart\" data-product_id=\"231\" data-product_sku=\"\" aria-label=\"A\u00f1adir al carrito: \u201c\u0414\u0435\u0442\u0441\u043a\u0438 \u0431\u0438\u043e \u0431\u0430\u0440 SOO RAW \u0447\u0435\u0440\u0435\u0448\u043e\u0432\u0430 \u0433\u0430\u043b\u0430\u043a\u0442\u0438\u043a\u0430\u201d\" rel=\"nofollow\" data-success_message=\"\u00ab\u0414\u0435\u0442\u0441\u043a\u0438 \u0431\u0438\u043e \u0431\u0430\u0440 SOO RAW \u0447\u0435\u0440\u0435\u0448\u043e\u0432\u0430 \u0433\u0430\u043b\u0430\u043a\u0442\u0438\u043a\u0430\u00bb se ha a\u00f1adido a tu carrito\" role=\"button\" data-no-translation=\"\" data-trp-gettext=\"\" data-no-translation-aria-label=\"\" data-no-translation-data-success_message=\"\">A\u00f1adir al carrito<\/a>\t<span id=\"woocommerce_loop_add_to_cart_link_describedby_231\" class=\"screen-reader-text\">\n\t\t\t<\/span>\n<\/li>\n<li class=\"product type-product post-230 status-publish last instock product_cat-naturalni-deserti has-post-thumbnail shipping-taxable purchasable product-type-simple\">\n\t<a href=\"https:\/\/www.sooraw.eu\/es\/producto\/detski-bio-bar-soo-raw-yagodov-pat\/\" class=\"woocommerce-LoopProduct-link woocommerce-loop-product__link\"><img decoding=\"async\" width=\"300\" height=\"300\" src=\"https:\/\/www.sooraw.eu\/wp-content\/uploads\/kids-strawberry-300x300.jpg\" class=\"attachment-woocommerce_thumbnail size-woocommerce_thumbnail\" alt=\"\u0414\u0435\u0442\u0441\u043a\u0438 \u0431\u0438\u043e \u0431\u0430\u0440 SOO RAW \u044f\u0433\u043e\u0434\u043e\u0432 \u043f\u044a\u0442\" srcset=\"https:\/\/www.sooraw.eu\/wp-content\/uploads\/kids-strawberry-300x300.jpg 300w, https:\/\/www.sooraw.eu\/wp-content\/uploads\/kids-strawberry-100x100.jpg 100w, https:\/\/www.sooraw.eu\/wp-content\/uploads\/kids-strawberry-600x600.jpg 600w, https:\/\/www.sooraw.eu\/wp-content\/uploads\/kids-strawberry-150x150.jpg 150w, https:\/\/www.sooraw.eu\/wp-content\/uploads\/kids-strawberry-768x768.jpg 768w, https:\/\/www.sooraw.eu\/wp-content\/uploads\/kids-strawberry.jpg 800w\" sizes=\"(max-width: 300px) 100vw, 300px\" \/><h2 class=\"woocommerce-loop-product__title\">Barrita ecol\u00f3gica infantil SOO RAW camino de fresa<\/h2>\n\t<span class=\"price\"><span class=\"woocommerce-Price-amount amount\"><bdi>19,70&nbsp;<span class=\"woocommerce-Price-currencySymbol\">lv.<\/span><\/bdi><\/span> <span class=\"eur-price\">\/ 10.07 \u20ac<\/span><\/span>\n<\/a><a href=\"\/es\/wp-json\/wp\/v2\/pages\/207?add-to-cart=230\" aria-describedby=\"woocommerce_loop_add_to_cart_link_describedby_230\" data-quantity=\"1\" class=\"button product_type_simple add_to_cart_button ajax_add_to_cart\" data-product_id=\"230\" data-product_sku=\"\" aria-label=\"A\u00f1adir al carrito: \u201c\u0414\u0435\u0442\u0441\u043a\u0438 \u0431\u0438\u043e \u0431\u0430\u0440 SOO RAW \u044f\u0433\u043e\u0434\u043e\u0432 \u043f\u044a\u0442\u201d\" rel=\"nofollow\" data-success_message=\"\u00ab\u0414\u0435\u0442\u0441\u043a\u0438 \u0431\u0438\u043e \u0431\u0430\u0440 SOO RAW \u044f\u0433\u043e\u0434\u043e\u0432 \u043f\u044a\u0442\u00bb se ha a\u00f1adido a tu carrito\" role=\"button\" data-no-translation=\"\" data-trp-gettext=\"\" data-no-translation-aria-label=\"\" data-no-translation-data-success_message=\"\">A\u00f1adir al carrito<\/a>\t<span id=\"woocommerce_loop_add_to_cart_link_describedby_230\" class=\"screen-reader-text\">\n\t\t\t<\/span>\n<\/li>\n<li class=\"product type-product post-674 status-publish first instock product_cat-naturalni-deserti has-post-thumbnail shipping-taxable purchasable product-type-simple\">\n\t<a href=\"https:\/\/www.sooraw.eu\/es\/producto\/konopeno-barche-s-menta\/\" class=\"woocommerce-LoopProduct-link woocommerce-loop-product__link\"><img loading=\"lazy\" decoding=\"async\" width=\"300\" height=\"300\" src=\"https:\/\/www.sooraw.eu\/wp-content\/uploads\/hemp-181610-300x300.jpg\" class=\"attachment-woocommerce_thumbnail size-woocommerce_thumbnail\" alt=\"Hemp 181610\" srcset=\"https:\/\/www.sooraw.eu\/wp-content\/uploads\/hemp-181610-300x300.jpg 300w, https:\/\/www.sooraw.eu\/wp-content\/uploads\/hemp-181610-150x150.jpg 150w, https:\/\/www.sooraw.eu\/wp-content\/uploads\/hemp-181610-768x768.jpg 768w, https:\/\/www.sooraw.eu\/wp-content\/uploads\/hemp-181610-12x12.jpg 12w, https:\/\/www.sooraw.eu\/wp-content\/uploads\/hemp-181610-600x600.jpg 600w, https:\/\/www.sooraw.eu\/wp-content\/uploads\/hemp-181610-100x100.jpg 100w, https:\/\/www.sooraw.eu\/wp-content\/uploads\/hemp-181610.jpg 800w\" sizes=\"(max-width: 300px) 100vw, 300px\" \/><h2 class=\"woocommerce-loop-product__title\">Soo C\u00e1\u00f1amo Menta<\/h2>\n\t<span class=\"price\"><span class=\"woocommerce-Price-amount amount\"><bdi>3,20&nbsp;<span class=\"woocommerce-Price-currencySymbol\">lv.<\/span><\/bdi><\/span> <span class=\"eur-price\">\/ 1.64 \u20ac<\/span><\/span>\n<\/a><a href=\"\/es\/wp-json\/wp\/v2\/pages\/207?add-to-cart=674\" aria-describedby=\"woocommerce_loop_add_to_cart_link_describedby_674\" data-quantity=\"1\" class=\"button product_type_simple add_to_cart_button ajax_add_to_cart\" data-product_id=\"674\" data-product_sku=\"\" aria-label=\"A\u00f1adir al carrito: \u201cSoo Hemp \u041c\u0435\u043d\u0442\u0430\u201d\" rel=\"nofollow\" data-success_message=\"\u00abSoo Hemp \u041c\u0435\u043d\u0442\u0430\u00bb se ha a\u00f1adido a tu carrito\" role=\"button\" data-no-translation=\"\" data-trp-gettext=\"\" data-no-translation-aria-label=\"\" data-no-translation-data-success_message=\"\">A\u00f1adir al carrito<\/a>\t<span id=\"woocommerce_loop_add_to_cart_link_describedby_674\" class=\"screen-reader-text\">\n\t\t\t<\/span>\n<\/li>\n<li class=\"product type-product post-685 status-publish instock product_cat-naturalni-deserti has-post-thumbnail shipping-taxable purchasable product-type-simple\">\n\t<a href=\"https:\/\/www.sooraw.eu\/es\/producto\/konopeno-barche-s-menta-12-broya\/\" class=\"woocommerce-LoopProduct-link woocommerce-loop-product__link\"><img loading=\"lazy\" decoding=\"async\" width=\"300\" height=\"300\" src=\"https:\/\/www.sooraw.eu\/wp-content\/uploads\/hemp-992310-300x300.jpg\" class=\"attachment-woocommerce_thumbnail size-woocommerce_thumbnail\" alt=\"Hemp 992310\" srcset=\"https:\/\/www.sooraw.eu\/wp-content\/uploads\/hemp-992310-300x300.jpg 300w, https:\/\/www.sooraw.eu\/wp-content\/uploads\/hemp-992310-150x150.jpg 150w, https:\/\/www.sooraw.eu\/wp-content\/uploads\/hemp-992310-768x768.jpg 768w, https:\/\/www.sooraw.eu\/wp-content\/uploads\/hemp-992310-12x12.jpg 12w, https:\/\/www.sooraw.eu\/wp-content\/uploads\/hemp-992310-600x600.jpg 600w, https:\/\/www.sooraw.eu\/wp-content\/uploads\/hemp-992310-100x100.jpg 100w, https:\/\/www.sooraw.eu\/wp-content\/uploads\/hemp-992310.jpg 800w\" sizes=\"(max-width: 300px) 100vw, 300px\" \/><h2 class=\"woocommerce-loop-product__title\">Soo C\u00e1\u00f1amo Menta 12 piezas<\/h2>\n\t<span class=\"price\"><span class=\"woocommerce-Price-amount amount\"><bdi>35,90&nbsp;<span class=\"woocommerce-Price-currencySymbol\">lv.<\/span><\/bdi><\/span> <span class=\"eur-price\">\/ 18.36 \u20ac<\/span><\/span>\n<\/a><a href=\"\/es\/wp-json\/wp\/v2\/pages\/207?add-to-cart=685\" aria-describedby=\"woocommerce_loop_add_to_cart_link_describedby_685\" data-quantity=\"1\" class=\"button product_type_simple add_to_cart_button ajax_add_to_cart\" data-product_id=\"685\" data-product_sku=\"\" aria-label=\"A\u00f1adir al carrito: \u201cSoo Hemp \u041c\u0435\u043d\u0442\u0430 12 \u0431\u0440\u043e\u044f\u201d\" rel=\"nofollow\" data-success_message=\"\u00abSoo Hemp \u041c\u0435\u043d\u0442\u0430 12 \u0431\u0440\u043e\u044f\u00bb se ha a\u00f1adido a tu carrito\" role=\"button\" data-no-translation=\"\" data-trp-gettext=\"\" data-no-translation-aria-label=\"\" data-no-translation-data-success_message=\"\">A\u00f1adir al carrito<\/a>\t<span id=\"woocommerce_loop_add_to_cart_link_describedby_685\" class=\"screen-reader-text\">\n\t\t\t<\/span>\n<\/li>\n<li class=\"product type-product post-686 status-publish last instock product_cat-naturalni-deserti has-post-thumbnail shipping-taxable purchasable product-type-simple\">\n\t<a href=\"https:\/\/www.sooraw.eu\/es\/producto\/soo-hemp-cheresha\/\" class=\"woocommerce-LoopProduct-link woocommerce-loop-product__link\"><img loading=\"lazy\" decoding=\"async\" width=\"300\" height=\"300\" src=\"https:\/\/www.sooraw.eu\/wp-content\/uploads\/hemp-cherra-281242-300x300.jpg\" class=\"attachment-woocommerce_thumbnail size-woocommerce_thumbnail\" alt=\"Hemp Cherr\u044a 281242\" srcset=\"https:\/\/www.sooraw.eu\/wp-content\/uploads\/hemp-cherra-281242-300x300.jpg 300w, https:\/\/www.sooraw.eu\/wp-content\/uploads\/hemp-cherra-281242-150x150.jpg 150w, https:\/\/www.sooraw.eu\/wp-content\/uploads\/hemp-cherra-281242-768x768.jpg 768w, https:\/\/www.sooraw.eu\/wp-content\/uploads\/hemp-cherra-281242-12x12.jpg 12w, https:\/\/www.sooraw.eu\/wp-content\/uploads\/hemp-cherra-281242-600x600.jpg 600w, https:\/\/www.sooraw.eu\/wp-content\/uploads\/hemp-cherra-281242-100x100.jpg 100w, https:\/\/www.sooraw.eu\/wp-content\/uploads\/hemp-cherra-281242.jpg 800w\" sizes=\"(max-width: 300px) 100vw, 300px\" \/><h2 class=\"woocommerce-loop-product__title\">Soo C\u00e1\u00f1amo Cereza<\/h2>\n\t<span class=\"price\"><span class=\"woocommerce-Price-amount amount\"><bdi>3,20&nbsp;<span class=\"woocommerce-Price-currencySymbol\">lv.<\/span><\/bdi><\/span> <span class=\"eur-price\">\/ 1.64 \u20ac<\/span><\/span>\n<\/a><a href=\"\/es\/wp-json\/wp\/v2\/pages\/207?add-to-cart=686\" aria-describedby=\"woocommerce_loop_add_to_cart_link_describedby_686\" data-quantity=\"1\" class=\"button product_type_simple add_to_cart_button ajax_add_to_cart\" data-product_id=\"686\" data-product_sku=\"\" aria-label=\"A\u00f1adir al carrito: \u201cSoo Hemp \u0427\u0435\u0440\u0435\u0448\u0430\u201d\" rel=\"nofollow\" data-success_message=\"\u00abSoo Hemp \u0427\u0435\u0440\u0435\u0448\u0430\u00bb se ha a\u00f1adido a tu carrito\" role=\"button\" data-no-translation=\"\" data-trp-gettext=\"\" data-no-translation-aria-label=\"\" data-no-translation-data-success_message=\"\">A\u00f1adir al carrito<\/a>\t<span id=\"woocommerce_loop_add_to_cart_link_describedby_686\" class=\"screen-reader-text\">\n\t\t\t<\/span>\n<\/li>\n<li class=\"product type-product post-689 status-publish first instock product_cat-naturalni-deserti has-post-thumbnail sale shipping-taxable purchasable product-type-simple\">\n\t<a href=\"https:\/\/www.sooraw.eu\/es\/producto\/soo-hemp-cheresha-12-broya\/\" class=\"woocommerce-LoopProduct-link woocommerce-loop-product__link\">\n\t<span class=\"onsale\" data-no-translation=\"\" data-trp-gettext=\"\">\u00a1Oferta!<\/span>\n\t<img loading=\"lazy\" decoding=\"async\" width=\"300\" height=\"300\" src=\"https:\/\/www.sooraw.eu\/wp-content\/uploads\/hemp-cherry-992310-300x300.jpg\" class=\"attachment-woocommerce_thumbnail size-woocommerce_thumbnail\" alt=\"Hemp Cherry 992310\" srcset=\"https:\/\/www.sooraw.eu\/wp-content\/uploads\/hemp-cherry-992310-300x300.jpg 300w, https:\/\/www.sooraw.eu\/wp-content\/uploads\/hemp-cherry-992310-1024x1024.jpg 1024w, https:\/\/www.sooraw.eu\/wp-content\/uploads\/hemp-cherry-992310-150x150.jpg 150w, https:\/\/www.sooraw.eu\/wp-content\/uploads\/hemp-cherry-992310-768x768.jpg 768w, https:\/\/www.sooraw.eu\/wp-content\/uploads\/hemp-cherry-992310-1536x1536.jpg 1536w, https:\/\/www.sooraw.eu\/wp-content\/uploads\/hemp-cherry-992310-2048x2048.jpg 2048w, https:\/\/www.sooraw.eu\/wp-content\/uploads\/hemp-cherry-992310-12x12.jpg 12w, https:\/\/www.sooraw.eu\/wp-content\/uploads\/hemp-cherry-992310-600x600.jpg 600w, https:\/\/www.sooraw.eu\/wp-content\/uploads\/hemp-cherry-992310-100x100.jpg 100w\" sizes=\"(max-width: 300px) 100vw, 300px\" \/><h2 class=\"woocommerce-loop-product__title\">Soo C\u00e1\u00f1amo Cereza 12 piezas<\/h2>\n\t<span class=\"price\"><del aria-hidden=\"true\"><span class=\"woocommerce-Price-amount amount\"><bdi>35,90&nbsp;<span class=\"woocommerce-Price-currencySymbol\">lv.<\/span><\/bdi><\/span> <span class=\"eur-price\">\/ 18.36 \u20ac<\/span><\/del> <span class=\"screen-reader-text\" data-no-translation=\"\" data-trp-gettext=\"\">El precio original era: 35,90&nbsp;&#1083;&#1074;. \/ 18.36 \u20ac.<\/span><ins aria-hidden=\"true\"><span class=\"woocommerce-Price-amount amount\"><bdi>28,50&nbsp;<span class=\"woocommerce-Price-currencySymbol\">lv.<\/span><\/bdi><\/span> <span class=\"eur-price\">\/ 14.57 \u20ac<\/span><\/ins><span class=\"screen-reader-text\" data-no-translation=\"\" data-trp-gettext=\"\">El precio actual es: 28,50&nbsp;&#1083;&#1074;. \/ 14.57 \u20ac.<\/span><\/span>\n<\/a><a href=\"\/es\/wp-json\/wp\/v2\/pages\/207?add-to-cart=689\" aria-describedby=\"woocommerce_loop_add_to_cart_link_describedby_689\" data-quantity=\"1\" class=\"button product_type_simple add_to_cart_button ajax_add_to_cart\" data-product_id=\"689\" data-product_sku=\"\" aria-label=\"A\u00f1adir al carrito: \u201cSoo Hemp \u0427\u0435\u0440\u0435\u0448\u0430 12 \u0431\u0440\u043e\u044f\u201d\" rel=\"nofollow\" data-success_message=\"\u00abSoo Hemp \u0427\u0435\u0440\u0435\u0448\u0430 12 \u0431\u0440\u043e\u044f\u00bb se ha a\u00f1adido a tu carrito\" role=\"button\" data-no-translation=\"\" data-trp-gettext=\"\" data-no-translation-aria-label=\"\" data-no-translation-data-success_message=\"\">A\u00f1adir al carrito<\/a>\t<span id=\"woocommerce_loop_add_to_cart_link_describedby_689\" class=\"screen-reader-text\">\n\t\t\t<\/span>\n<\/li>\n<\/ul>\n<\/div>\t\t\t\t<\/div>\n\t\t\t\t<\/div>\n\t\t\t\t\t<\/div>\n\t\t\t\t<\/div>\n\t\t\t\t\t<\/div>\n\t\t\t\t<\/div>\n\t\t\t\t<\/div>","protected":false},"excerpt":{"rendered":"<p>Postres naturales Soo Raw Postres naturales Deliciosas barritas naturales y ecol\u00f3gicas Creemos en nuestros hijos una actitud hacia la alimentaci\u00f3n y la vida sana.  Los postres que elaboramos no contienen gluten, az\u00facar a\u00f1adido ni al\u00e9rgenos: s\u00f3lo la dulzura de la aut\u00e9ntica fruta de calidad: cereza, fresa y ar\u00e1ndano.<\/p>","protected":false},"author":1,"featured_media":0,"parent":0,"menu_order":0,"comment_status":"closed","ping_status":"closed","template":"","meta":{"slim_seo":{"description":"Sin gluten, sin az\u00facares a\u00f1adidos, sin al\u00e9rgenos: s\u00f3lo la dulzura de la aut\u00e9ntica fruta de calidad: cereza, fresa y ar\u00e1ndano.","title":"Postres naturales - Soo Raw"},"footnotes":""},"class_list":["post-207","page","type-page","status-publish","hentry"],"_links":{"self":[{"href":"https:\/\/www.sooraw.eu\/es\/wp-json\/wp\/v2\/pages\/207","targetHints":{"allow":["GET"]}}],"collection":[{"href":"https:\/\/www.sooraw.eu\/es\/wp-json\/wp\/v2\/pages"}],"about":[{"href":"https:\/\/www.sooraw.eu\/es\/wp-json\/wp\/v2\/types\/page"}],"author":[{"embeddable":true,"href":"https:\/\/www.sooraw.eu\/es\/wp-json\/wp\/v2\/users\/1"}],"replies":[{"embeddable":true,"href":"https:\/\/www.sooraw.eu\/es\/wp-json\/wp\/v2\/comments?post=207"}],"version-history":[{"count":40,"href":"https:\/\/www.sooraw.eu\/es\/wp-json\/wp\/v2\/pages\/207\/revisions"}],"predecessor-version":[{"id":606,"href":"https:\/\/www.sooraw.eu\/es\/wp-json\/wp\/v2\/pages\/207\/revisions\/606"}],"wp:attachment":[{"href":"https:\/\/www.sooraw.eu\/es\/wp-json\/wp\/v2\/media?parent=207"}],"curies":[{"name":"wp","href":"https:\/\/api.w.org\/{rel}","templated":true}]}}