{"id":213,"date":"2024-04-14T18:40:16","date_gmt":"2024-04-14T15:40:16","guid":{"rendered":"https:\/\/www.sooraw.eu\/?page_id=213"},"modified":"2024-04-18T21:22:49","modified_gmt":"2024-04-18T18:22:49","slug":"susheni-krekeri","status":"publish","type":"page","link":"https:\/\/www.sooraw.eu\/es\/susheni-krekeri\/","title":{"rendered":"Galletas secas"},"content":{"rendered":"<div data-elementor-type=\"wp-page\" data-elementor-id=\"213\" class=\"elementor elementor-213\" data-elementor-post-type=\"page\">\n\t\t\t\t\t\t<section class=\"elementor-section elementor-top-section elementor-element elementor-element-66bbf22 elementor-section-boxed elementor-section-height-default elementor-section-height-default\" data-id=\"66bbf22\" data-element_type=\"section\" data-e-type=\"section\" data-settings=\"{&quot;background_background&quot;:&quot;classic&quot;}\">\n\t\t\t\t\t\t\t<div class=\"elementor-background-overlay\"><\/div>\n\t\t\t\t\t\t\t<div class=\"elementor-container elementor-column-gap-default\">\n\t\t\t\t\t<div class=\"elementor-column elementor-col-100 elementor-top-column elementor-element elementor-element-f564dc1\" data-id=\"f564dc1\" data-element_type=\"column\" data-e-type=\"column\">\n\t\t\t<div class=\"elementor-widget-wrap elementor-element-populated\">\n\t\t\t\t\t<div class=\"elementor-background-overlay\"><\/div>\n\t\t\t\t\t\t<div class=\"elementor-element elementor-element-6355bc3 elementor-widget elementor-widget-heading\" data-id=\"6355bc3\" data-element_type=\"widget\" data-e-type=\"widget\" data-widget_type=\"heading.default\">\n\t\t\t\t<div class=\"elementor-widget-container\">\n\t\t\t\t\t<h2 class=\"elementor-heading-title elementor-size-default\">Galletas secas<\/h2>\t\t\t\t<\/div>\n\t\t\t\t<\/div>\n\t\t\t\t<div class=\"elementor-element elementor-element-a8dad83 elementor-icon-list--layout-inline elementor-align-center elementor-list-item-link-full_width elementor-widget elementor-widget-icon-list\" data-id=\"a8dad83\" data-element_type=\"widget\" data-e-type=\"widget\" data-widget_type=\"icon-list.default\">\n\t\t\t\t<div class=\"elementor-widget-container\">\n\t\t\t\t\t\t\t<ul class=\"elementor-icon-list-items elementor-inline-items\">\n\t\t\t\t\t\t\t<li class=\"elementor-icon-list-item elementor-inline-item\">\n\t\t\t\t\t\t\t\t\t\t<span class=\"elementor-icon-list-text\">Soo Raw<\/span>\n\t\t\t\t\t\t\t\t\t<\/li>\n\t\t\t\t\t\t\t\t<li class=\"elementor-icon-list-item elementor-inline-item\">\n\t\t\t\t\t\t\t\t\t\t\t<span class=\"elementor-icon-list-icon\">\n\t\t\t\t\t\t\t<svg aria-hidden=\"true\" class=\"e-font-icon-svg e-fas-chevron-right\" viewbox=\"0 0 320 512\" xmlns=\"http:\/\/www.w3.org\/2000\/svg\"><path d=\"M285.476 272.971L91.132 467.314c-9.373 9.373-24.569 9.373-33.941 0l-22.667-22.667c-9.357-9.357-9.375-24.522-.04-33.901L188.505 256 34.484 101.255c-9.335-9.379-9.317-24.544.04-33.901l22.667-22.667c9.373-9.373 24.569-9.373 33.941 0L285.475 239.03c9.373 9.372 9.373 24.568.001 33.941z\"><\/path><\/svg>\t\t\t\t\t\t<\/span>\n\t\t\t\t\t\t\t\t\t\t<span class=\"elementor-icon-list-text\">Galletas secas<\/span>\n\t\t\t\t\t\t\t\t\t<\/li>\n\t\t\t\t\t\t<\/ul>\n\t\t\t\t\t\t<\/div>\n\t\t\t\t<\/div>\n\t\t\t\t\t<\/div>\n\t\t<\/div>\n\t\t\t\t\t<\/div>\n\t\t<\/section>\n\t\t<div class=\"elementor-element elementor-element-a24180b e-flex e-con-boxed e-con e-parent\" data-id=\"a24180b\" data-element_type=\"container\" data-e-type=\"container\">\n\t\t\t\t\t<div class=\"e-con-inner\">\n\t\t<div class=\"elementor-element elementor-element-be0935f e-flex e-con-boxed e-con e-child\" data-id=\"be0935f\" data-element_type=\"container\" data-e-type=\"container\">\n\t\t\t\t\t<div class=\"e-con-inner\">\n\t\t\t\t<div class=\"elementor-element elementor-element-70c6703 elementor-widget elementor-widget-heading\" data-id=\"70c6703\" data-element_type=\"widget\" data-e-type=\"widget\" data-widget_type=\"heading.default\">\n\t\t\t\t<div class=\"elementor-widget-container\">\n\t\t\t\t\t<h2 class=\"elementor-heading-title elementor-size-default\">Galletas crujientes, sanas y naturales<\/h2>\t\t\t\t<\/div>\n\t\t\t\t<\/div>\n\t\t\t\t<div class=\"elementor-element elementor-element-b7db857 elementor-widget elementor-widget-text-editor\" data-id=\"b7db857\" data-element_type=\"widget\" data-e-type=\"widget\" data-widget_type=\"text-editor.default\">\n\t\t\t\t<div class=\"elementor-widget-container\">\n\t\t\t\t\t\t\t\t\t<p style=\"text-align: center;\">Un producto \u00fanico, sustituto perfecto de todas las patatas fritas y aperitivos poco saludables. Muy crujiente, elaborado a partir de 100% ingredientes puros y naturales - verduras, semillas y especias, tomates secos naturales, ortiga b\u00falgara y prote\u00edna de calabaza. Con una cantidad m\u00ednima de sal, secado durante m\u00e1s de 18 horas a unos 42 C, lo que permite conservar todas las vitaminas, fibras y sustancias beneficiosas.<\/p>\t\t\t\t\t\t\t\t<\/div>\n\t\t\t\t<\/div>\n\t\t\t\t\t<\/div>\n\t\t\t\t<\/div>\n\t\t<div class=\"elementor-element elementor-element-8497222 e-flex e-con-boxed e-con e-child\" data-id=\"8497222\" data-element_type=\"container\" data-e-type=\"container\">\n\t\t\t\t\t<div class=\"e-con-inner\">\n\t\t\t\t<div class=\"elementor-element elementor-element-2dec589 elementor-grid-3 elementor-product-loop-item--align-center elementor-grid-tablet-2 elementor-grid-mobile-1 elementor-products-grid elementor-wc-products elementor-widget elementor-widget-woocommerce-products\" data-id=\"2dec589\" data-element_type=\"widget\" data-e-type=\"widget\" data-widget_type=\"woocommerce-products.default\">\n\t\t\t\t<div class=\"elementor-widget-container\">\n\t\t\t\t\t<div class=\"woocommerce columns-3\"><ul class=\"products elementor-grid columns-3\">\n<li class=\"product type-product post-237 status-publish first instock product_cat-susheni-krekeri has-post-thumbnail shipping-taxable purchasable product-type-simple\">\n\t<a href=\"https:\/\/www.sooraw.eu\/es\/producto\/susheni-krekeri-soo-raw-domat-i-bosilek\/\" class=\"woocommerce-LoopProduct-link woocommerce-loop-product__link\"><img fetchpriority=\"high\" decoding=\"async\" width=\"300\" height=\"300\" src=\"https:\/\/www.sooraw.eu\/wp-content\/uploads\/crackers-tomato-300x300.jpg\" class=\"attachment-woocommerce_thumbnail size-woocommerce_thumbnail\" alt=\"\u0421\u0443\u0448\u0435\u043d\u0438 \u043a\u0440\u0435\u043a\u0435\u0440\u0438 SOO RAW \u0434\u043e\u043c\u0430\u0442 \u0438 \u0431\u043e\u0441\u0438\u043b\u0435\u043a\" srcset=\"https:\/\/www.sooraw.eu\/wp-content\/uploads\/crackers-tomato-300x300.jpg 300w, https:\/\/www.sooraw.eu\/wp-content\/uploads\/crackers-tomato-100x100.jpg 100w, https:\/\/www.sooraw.eu\/wp-content\/uploads\/crackers-tomato-600x600.jpg 600w, https:\/\/www.sooraw.eu\/wp-content\/uploads\/crackers-tomato-150x150.jpg 150w, https:\/\/www.sooraw.eu\/wp-content\/uploads\/crackers-tomato-768x768.jpg 768w, https:\/\/www.sooraw.eu\/wp-content\/uploads\/crackers-tomato.jpg 800w\" sizes=\"(max-width: 300px) 100vw, 300px\" \/><h2 class=\"woocommerce-loop-product__title\">Galletas secas SOO RAW tomate y albahaca<\/h2>\n\t<span class=\"price\"><span class=\"woocommerce-Price-amount amount\"><bdi>4,90&nbsp;<span class=\"woocommerce-Price-currencySymbol\">lv.<\/span><\/bdi><\/span> <span class=\"eur-price\">\/ 2.51 \u20ac<\/span><\/span>\n<\/a><a href=\"\/es\/wp-json\/wp\/v2\/pages\/213?add-to-cart=237\" aria-describedby=\"woocommerce_loop_add_to_cart_link_describedby_237\" data-quantity=\"1\" class=\"button product_type_simple add_to_cart_button ajax_add_to_cart\" data-product_id=\"237\" data-product_sku=\"\" aria-label=\"A\u00f1adir al carrito: \u201c\u0421\u0443\u0448\u0435\u043d\u0438 \u043a\u0440\u0435\u043a\u0435\u0440\u0438 SOO RAW \u0434\u043e\u043c\u0430\u0442 \u0438 \u0431\u043e\u0441\u0438\u043b\u0435\u043a\u201d\" rel=\"nofollow\" data-success_message=\"\u00ab\u0421\u0443\u0448\u0435\u043d\u0438 \u043a\u0440\u0435\u043a\u0435\u0440\u0438 SOO RAW \u0434\u043e\u043c\u0430\u0442 \u0438 \u0431\u043e\u0441\u0438\u043b\u0435\u043a\u00bb se ha a\u00f1adido a tu carrito\" role=\"button\" data-no-translation=\"\" data-trp-gettext=\"\" data-no-translation-aria-label=\"\" data-no-translation-data-success_message=\"\">A\u00f1adir al carrito<\/a>\t<span id=\"woocommerce_loop_add_to_cart_link_describedby_237\" class=\"screen-reader-text\">\n\t\t\t<\/span>\n<\/li>\n<li class=\"product type-product post-236 status-publish instock product_cat-susheni-krekeri has-post-thumbnail shipping-taxable purchasable product-type-simple\">\n\t<a href=\"https:\/\/www.sooraw.eu\/es\/producto\/susheni-krekeri-soo-raw-konop\/\" class=\"woocommerce-LoopProduct-link woocommerce-loop-product__link\"><img decoding=\"async\" width=\"300\" height=\"300\" src=\"https:\/\/www.sooraw.eu\/wp-content\/uploads\/crackers-hemp-300x300.jpg\" class=\"attachment-woocommerce_thumbnail size-woocommerce_thumbnail\" alt=\"\u0421\u0443\u0448\u0435\u043d\u0438 \u043a\u0440\u0435\u043a\u0435\u0440\u0438 SOO RAW \u043a\u043e\u043d\u043e\u043f\" srcset=\"https:\/\/www.sooraw.eu\/wp-content\/uploads\/crackers-hemp-300x300.jpg 300w, https:\/\/www.sooraw.eu\/wp-content\/uploads\/crackers-hemp-100x100.jpg 100w, https:\/\/www.sooraw.eu\/wp-content\/uploads\/crackers-hemp-600x600.jpg 600w, https:\/\/www.sooraw.eu\/wp-content\/uploads\/crackers-hemp-150x150.jpg 150w, https:\/\/www.sooraw.eu\/wp-content\/uploads\/crackers-hemp-768x768.jpg 768w, https:\/\/www.sooraw.eu\/wp-content\/uploads\/crackers-hemp.jpg 800w\" sizes=\"(max-width: 300px) 100vw, 300px\" \/><h2 class=\"woocommerce-loop-product__title\">Galletas de c\u00e1\u00f1amo secas SOO RAW<\/h2>\n\t<span class=\"price\"><span class=\"woocommerce-Price-amount amount\"><bdi>4,90&nbsp;<span class=\"woocommerce-Price-currencySymbol\">lv.<\/span><\/bdi><\/span> <span class=\"eur-price\">\/ 2.51 \u20ac<\/span><\/span>\n<\/a><a href=\"\/es\/wp-json\/wp\/v2\/pages\/213?add-to-cart=236\" aria-describedby=\"woocommerce_loop_add_to_cart_link_describedby_236\" data-quantity=\"1\" class=\"button product_type_simple add_to_cart_button ajax_add_to_cart\" data-product_id=\"236\" data-product_sku=\"\" aria-label=\"A\u00f1adir al carrito: \u201c\u0421\u0443\u0448\u0435\u043d\u0438 \u043a\u0440\u0435\u043a\u0435\u0440\u0438 SOO RAW \u043a\u043e\u043d\u043e\u043f\u201d\" rel=\"nofollow\" data-success_message=\"\u00ab\u0421\u0443\u0448\u0435\u043d\u0438 \u043a\u0440\u0435\u043a\u0435\u0440\u0438 SOO RAW \u043a\u043e\u043d\u043e\u043f\u00bb se ha a\u00f1adido a tu carrito\" role=\"button\" data-no-translation=\"\" data-trp-gettext=\"\" data-no-translation-aria-label=\"\" data-no-translation-data-success_message=\"\">A\u00f1adir al carrito<\/a>\t<span id=\"woocommerce_loop_add_to_cart_link_describedby_236\" class=\"screen-reader-text\">\n\t\t\t<\/span>\n<\/li>\n<li class=\"product type-product post-235 status-publish last instock product_cat-susheni-krekeri has-post-thumbnail shipping-taxable purchasable product-type-simple\">\n\t<a href=\"https:\/\/www.sooraw.eu\/es\/producto\/susheni-krekeri-soo-raw-kopriva-i-cheren-kimion\/\" class=\"woocommerce-LoopProduct-link woocommerce-loop-product__link\"><img decoding=\"async\" width=\"300\" height=\"300\" src=\"https:\/\/www.sooraw.eu\/wp-content\/uploads\/crackers-nettles-300x300.jpg\" class=\"attachment-woocommerce_thumbnail size-woocommerce_thumbnail\" alt=\"\u0421\u0443\u0448\u0435\u043d\u0438 \u043a\u0440\u0435\u043a\u0435\u0440\u0438 SOO RAW \u043a\u043e\u043f\u0440\u0438\u0432\u0430 \u0438 \u0447\u0435\u0440\u0435\u043d \u043a\u0438\u043c\u0438\u043e\u043d\" srcset=\"https:\/\/www.sooraw.eu\/wp-content\/uploads\/crackers-nettles-300x300.jpg 300w, https:\/\/www.sooraw.eu\/wp-content\/uploads\/crackers-nettles-100x100.jpg 100w, https:\/\/www.sooraw.eu\/wp-content\/uploads\/crackers-nettles-600x600.jpg 600w, https:\/\/www.sooraw.eu\/wp-content\/uploads\/crackers-nettles-150x150.jpg 150w, https:\/\/www.sooraw.eu\/wp-content\/uploads\/crackers-nettles-768x768.jpg 768w, https:\/\/www.sooraw.eu\/wp-content\/uploads\/crackers-nettles.jpg 800w\" sizes=\"(max-width: 300px) 100vw, 300px\" \/><h2 class=\"woocommerce-loop-product__title\">Galletas secas SOO RAW ortiga y comino negro<\/h2>\n\t<span class=\"price\"><span class=\"woocommerce-Price-amount amount\"><bdi>4,90&nbsp;<span class=\"woocommerce-Price-currencySymbol\">lv.<\/span><\/bdi><\/span> <span class=\"eur-price\">\/ 2.51 \u20ac<\/span><\/span>\n<\/a><a href=\"\/es\/wp-json\/wp\/v2\/pages\/213?add-to-cart=235\" aria-describedby=\"woocommerce_loop_add_to_cart_link_describedby_235\" data-quantity=\"1\" class=\"button product_type_simple add_to_cart_button ajax_add_to_cart\" data-product_id=\"235\" data-product_sku=\"\" aria-label=\"A\u00f1adir al carrito: \u201c\u0421\u0443\u0448\u0435\u043d\u0438 \u043a\u0440\u0435\u043a\u0435\u0440\u0438 SOO RAW \u043a\u043e\u043f\u0440\u0438\u0432\u0430 \u0438 \u0447\u0435\u0440\u0435\u043d \u043a\u0438\u043c\u0438\u043e\u043d\u201d\" rel=\"nofollow\" data-success_message=\"\u00ab\u0421\u0443\u0448\u0435\u043d\u0438 \u043a\u0440\u0435\u043a\u0435\u0440\u0438 SOO RAW \u043a\u043e\u043f\u0440\u0438\u0432\u0430 \u0438 \u0447\u0435\u0440\u0435\u043d \u043a\u0438\u043c\u0438\u043e\u043d\u00bb se ha a\u00f1adido a tu carrito\" role=\"button\" data-no-translation=\"\" data-trp-gettext=\"\" data-no-translation-aria-label=\"\" data-no-translation-data-success_message=\"\">A\u00f1adir al carrito<\/a>\t<span id=\"woocommerce_loop_add_to_cart_link_describedby_235\" class=\"screen-reader-text\">\n\t\t\t<\/span>\n<\/li>\n<li class=\"product type-product post-234 status-publish first instock product_cat-susheni-krekeri has-post-thumbnail shipping-taxable purchasable product-type-simple\">\n\t<a href=\"https:\/\/www.sooraw.eu\/es\/producto\/susheni-krekeri-soo-raw-protein\/\" class=\"woocommerce-LoopProduct-link woocommerce-loop-product__link\"><img loading=\"lazy\" decoding=\"async\" width=\"300\" height=\"300\" src=\"https:\/\/www.sooraw.eu\/wp-content\/uploads\/crackers-protein-300x300.jpg\" class=\"attachment-woocommerce_thumbnail size-woocommerce_thumbnail\" alt=\"\u0421\u0443\u0448\u0435\u043d\u0438 \u043a\u0440\u0435\u043a\u0435\u0440\u0438 SOO RAW \u043f\u0440\u043e\u0442\u0435\u0438\u043d\" srcset=\"https:\/\/www.sooraw.eu\/wp-content\/uploads\/crackers-protein-300x300.jpg 300w, https:\/\/www.sooraw.eu\/wp-content\/uploads\/crackers-protein-100x100.jpg 100w, https:\/\/www.sooraw.eu\/wp-content\/uploads\/crackers-protein-600x600.jpg 600w, https:\/\/www.sooraw.eu\/wp-content\/uploads\/crackers-protein-150x150.jpg 150w, https:\/\/www.sooraw.eu\/wp-content\/uploads\/crackers-protein-768x768.jpg 768w, https:\/\/www.sooraw.eu\/wp-content\/uploads\/crackers-protein.jpg 800w\" sizes=\"(max-width: 300px) 100vw, 300px\" \/><h2 class=\"woocommerce-loop-product__title\">Galletas secas SOO RAW prote\u00edna<\/h2>\n\t<span class=\"price\"><span class=\"woocommerce-Price-amount amount\"><bdi>4,90&nbsp;<span class=\"woocommerce-Price-currencySymbol\">lv.<\/span><\/bdi><\/span> <span class=\"eur-price\">\/ 2.51 \u20ac<\/span><\/span>\n<\/a><a href=\"\/es\/wp-json\/wp\/v2\/pages\/213?add-to-cart=234\" aria-describedby=\"woocommerce_loop_add_to_cart_link_describedby_234\" data-quantity=\"1\" class=\"button product_type_simple add_to_cart_button ajax_add_to_cart\" data-product_id=\"234\" data-product_sku=\"\" aria-label=\"A\u00f1adir al carrito: \u201c\u0421\u0443\u0448\u0435\u043d\u0438 \u043a\u0440\u0435\u043a\u0435\u0440\u0438 SOO RAW \u043f\u0440\u043e\u0442\u0435\u0438\u043d\u201d\" rel=\"nofollow\" data-success_message=\"\u00ab\u0421\u0443\u0448\u0435\u043d\u0438 \u043a\u0440\u0435\u043a\u0435\u0440\u0438 SOO RAW \u043f\u0440\u043e\u0442\u0435\u0438\u043d\u00bb se ha a\u00f1adido a tu carrito\" role=\"button\" data-no-translation=\"\" data-trp-gettext=\"\" data-no-translation-aria-label=\"\" data-no-translation-data-success_message=\"\">A\u00f1adir al carrito<\/a>\t<span id=\"woocommerce_loop_add_to_cart_link_describedby_234\" class=\"screen-reader-text\">\n\t\t\t<\/span>\n<\/li>\n<li class=\"product type-product post-233 status-publish instock product_cat-susheni-krekeri has-post-thumbnail shipping-taxable purchasable product-type-simple\">\n\t<a href=\"https:\/\/www.sooraw.eu\/es\/producto\/susheni-krekeri-soo-raw-cheren-susam\/\" class=\"woocommerce-LoopProduct-link woocommerce-loop-product__link\"><img loading=\"lazy\" decoding=\"async\" width=\"300\" height=\"300\" src=\"https:\/\/www.sooraw.eu\/wp-content\/uploads\/crackers-sesame-300x300.jpg\" class=\"attachment-woocommerce_thumbnail size-woocommerce_thumbnail\" alt=\"\u0421\u0443\u0448\u0435\u043d\u0438 \u043a\u0440\u0435\u043a\u0435\u0440\u0438 SOO RAW \u0447\u0435\u0440\u0435\u043d \u0441\u0443\u0441\u0430\u043c\" srcset=\"https:\/\/www.sooraw.eu\/wp-content\/uploads\/crackers-sesame-300x300.jpg 300w, https:\/\/www.sooraw.eu\/wp-content\/uploads\/crackers-sesame-100x100.jpg 100w, https:\/\/www.sooraw.eu\/wp-content\/uploads\/crackers-sesame-600x600.jpg 600w, https:\/\/www.sooraw.eu\/wp-content\/uploads\/crackers-sesame-150x150.jpg 150w, https:\/\/www.sooraw.eu\/wp-content\/uploads\/crackers-sesame-768x768.jpg 768w, https:\/\/www.sooraw.eu\/wp-content\/uploads\/crackers-sesame.jpg 800w\" sizes=\"(max-width: 300px) 100vw, 300px\" \/><h2 class=\"woocommerce-loop-product__title\">Galletas secas SOO RAW s\u00e9samo negro<\/h2>\n\t<span class=\"price\"><span class=\"woocommerce-Price-amount amount\"><bdi>4,90&nbsp;<span class=\"woocommerce-Price-currencySymbol\">lv.<\/span><\/bdi><\/span> <span class=\"eur-price\">\/ 2.51 \u20ac<\/span><\/span>\n<\/a><a href=\"\/es\/wp-json\/wp\/v2\/pages\/213?add-to-cart=233\" aria-describedby=\"woocommerce_loop_add_to_cart_link_describedby_233\" data-quantity=\"1\" class=\"button product_type_simple add_to_cart_button ajax_add_to_cart\" data-product_id=\"233\" data-product_sku=\"\" aria-label=\"A\u00f1adir al carrito: \u201c\u0421\u0443\u0448\u0435\u043d\u0438 \u043a\u0440\u0435\u043a\u0435\u0440\u0438 SOO RAW \u0447\u0435\u0440\u0435\u043d \u0441\u0443\u0441\u0430\u043c\u201d\" rel=\"nofollow\" data-success_message=\"\u00ab\u0421\u0443\u0448\u0435\u043d\u0438 \u043a\u0440\u0435\u043a\u0435\u0440\u0438 SOO RAW \u0447\u0435\u0440\u0435\u043d \u0441\u0443\u0441\u0430\u043c\u00bb se ha a\u00f1adido a tu carrito\" role=\"button\" data-no-translation=\"\" data-trp-gettext=\"\" data-no-translation-aria-label=\"\" data-no-translation-data-success_message=\"\">A\u00f1adir al carrito<\/a>\t<span id=\"woocommerce_loop_add_to_cart_link_describedby_233\" class=\"screen-reader-text\">\n\t\t\t<\/span>\n<\/li>\n<\/ul>\n<\/div>\t\t\t\t<\/div>\n\t\t\t\t<\/div>\n\t\t\t\t\t<\/div>\n\t\t\t\t<\/div>\n\t\t\t\t\t<\/div>\n\t\t\t\t<\/div>\n\t\t\t\t<\/div>","protected":false},"excerpt":{"rendered":"<p>\u0421\u0443\u0448\u0435\u043d\u0438 \u043a\u0440\u0435\u043a\u0435\u0440\u0438 Soo Raw \u0421\u0443\u0448\u0435\u043d\u0438 \u043a\u0440\u0435\u043a\u0435\u0440\u0438 \u0425\u0440\u0443\u043f\u043a\u0430\u0432\u0438, \u0437\u0434\u0440\u0430\u0432\u043e\u0441\u043b\u043e\u0432\u043d\u0438, \u043d\u0430\u0442\u0443\u0440\u0430\u043b\u043d\u0438 \u043a\u0440\u0435\u043a\u0435\u0440\u0438 \u0423\u043d\u0438\u043a\u0430\u043b\u0435\u043d \u043f\u0440\u043e\u0434\u0443\u043a\u0442, \u043f\u0435\u0440\u0444\u0435\u043a\u0442\u0435\u043d \u0437\u0430\u043c\u0435\u0441\u0442\u0438\u0442\u0435\u043b \u043d\u0430 \u0432\u0441\u0438\u0447\u043a\u0438 \u043d\u0435\u0437\u0434\u0440\u0430\u0432\u043e\u0441\u043b\u043e\u0432\u043d\u0438 \u0447\u0438\u043f\u0441\u043e\u0432\u0435 \u0438 \u0441\u043d\u0430\u043a\u0441\u043e\u0432\u0435. \u041c\u043d\u043e\u0433\u043e \u0445\u0440\u0443\u043f\u043a\u0430\u0432\u0438, \u043d\u0430\u043f\u0440\u0430\u0432\u0435\u043d\u0438 \u043e\u0442 100% \u0447\u0438\u0441\u0442\u0438 \u0438 \u043d\u0430\u0442\u0443\u0440\u0430\u043b\u043d\u0438 \u0441\u044a\u0441\u0442\u0430\u0432\u043a\u0438 &#8211; \u0437\u0435\u043b\u0435\u043d\u0447\u0443\u0446\u0438, \u0441\u0435\u043c\u0435\u043d\u0430 \u0438 \u043f\u043e\u0434\u043f\u0440\u0430\u0432\u043a\u0438, \u043d\u0430\u0442\u0443\u0440\u0430\u043b\u043d\u0438 \u0441\u0443\u0448\u0435\u043d\u0438 \u0434\u043e\u043c\u0430\u0442\u0438, \u0431\u044a\u043b\u0433\u0430\u0440\u0441\u043a\u0430 \u043a\u043e\u043f\u0440\u0438\u0432\u0430 \u0438 \u0442\u0438\u043a\u0432\u0435\u043d \u043f\u0440\u043e\u0442\u0435\u0438\u043d. \u0421 \u043c\u0438\u043d\u0438\u043c\u0430\u043b\u043d\u043e \u043a\u043e\u043b\u0438\u0447\u0435\u0441\u0442\u0432\u043e \u0441\u043e\u043b, \u0441\u0443\u0448\u0435\u043d\u0438 \u043f\u043e\u0432\u0435\u0447\u0435 \u043e\u0442 18 \u0447\u0430\u0441\u0430 \u043d\u0430 \u043e\u043a\u043e\u043b\u043e 42 \u0421, [&hellip;]<\/p>\n","protected":false},"author":1,"featured_media":0,"parent":0,"menu_order":0,"comment_status":"closed","ping_status":"closed","template":"","meta":{"slim_seo":{"description":"Un producto \u00fanico, sustituto perfecto de todas las patatas fritas y aperitivos poco saludables.","title":"Galletas secas - Soo Raw"},"footnotes":""},"class_list":["post-213","page","type-page","status-publish","hentry"],"_links":{"self":[{"href":"https:\/\/www.sooraw.eu\/es\/wp-json\/wp\/v2\/pages\/213","targetHints":{"allow":["GET"]}}],"collection":[{"href":"https:\/\/www.sooraw.eu\/es\/wp-json\/wp\/v2\/pages"}],"about":[{"href":"https:\/\/www.sooraw.eu\/es\/wp-json\/wp\/v2\/types\/page"}],"author":[{"embeddable":true,"href":"https:\/\/www.sooraw.eu\/es\/wp-json\/wp\/v2\/users\/1"}],"replies":[{"embeddable":true,"href":"https:\/\/www.sooraw.eu\/es\/wp-json\/wp\/v2\/comments?post=213"}],"version-history":[{"count":31,"href":"https:\/\/www.sooraw.eu\/es\/wp-json\/wp\/v2\/pages\/213\/revisions"}],"predecessor-version":[{"id":516,"href":"https:\/\/www.sooraw.eu\/es\/wp-json\/wp\/v2\/pages\/213\/revisions\/516"}],"wp:attachment":[{"href":"https:\/\/www.sooraw.eu\/es\/wp-json\/wp\/v2\/media?parent=213"}],"curies":[{"name":"wp","href":"https:\/\/api.w.org\/{rel}","templated":true}]}}