{"id":535,"date":"2024-04-18T20:32:04","date_gmt":"2024-04-18T17:32:04","guid":{"rendered":"https:\/\/www.sooraw.eu\/?page_id=535"},"modified":"2024-04-18T21:20:44","modified_gmt":"2024-04-18T18:20:44","slug":"politika-za-poveritelnost","status":"publish","type":"page","link":"https:\/\/www.sooraw.eu\/es\/politika-za-poveritelnost\/","title":{"rendered":"Pol\u00edtica de privacidad"},"content":{"rendered":"<div data-elementor-type=\"wp-page\" data-elementor-id=\"535\" class=\"elementor elementor-535\" data-elementor-post-type=\"page\">\n\t\t\t\t\t\t<section class=\"elementor-section elementor-top-section elementor-element elementor-element-6b84bbee elementor-section-boxed elementor-section-height-default elementor-section-height-default\" data-id=\"6b84bbee\" data-element_type=\"section\" data-e-type=\"section\" data-settings=\"{&quot;background_background&quot;:&quot;classic&quot;}\">\n\t\t\t\t\t\t\t<div class=\"elementor-background-overlay\"><\/div>\n\t\t\t\t\t\t\t<div class=\"elementor-container elementor-column-gap-default\">\n\t\t\t\t\t<div class=\"elementor-column elementor-col-100 elementor-top-column elementor-element elementor-element-15b90cf\" data-id=\"15b90cf\" data-element_type=\"column\" data-e-type=\"column\">\n\t\t\t<div class=\"elementor-widget-wrap elementor-element-populated\">\n\t\t\t\t\t<div class=\"elementor-background-overlay\"><\/div>\n\t\t\t\t\t\t<div class=\"elementor-element elementor-element-5d7f2ff6 elementor-widget elementor-widget-heading\" data-id=\"5d7f2ff6\" data-element_type=\"widget\" data-e-type=\"widget\" data-widget_type=\"heading.default\">\n\t\t\t\t<div class=\"elementor-widget-container\">\n\t\t\t\t\t<h2 class=\"elementor-heading-title elementor-size-default\">Pol\u00edtica de privacidad<\/h2>\t\t\t\t<\/div>\n\t\t\t\t<\/div>\n\t\t\t\t<div class=\"elementor-element elementor-element-1acbb0b6 elementor-icon-list--layout-inline elementor-align-center elementor-list-item-link-full_width elementor-widget elementor-widget-icon-list\" data-id=\"1acbb0b6\" data-element_type=\"widget\" data-e-type=\"widget\" data-widget_type=\"icon-list.default\">\n\t\t\t\t<div class=\"elementor-widget-container\">\n\t\t\t\t\t\t\t<ul class=\"elementor-icon-list-items elementor-inline-items\">\n\t\t\t\t\t\t\t<li class=\"elementor-icon-list-item elementor-inline-item\">\n\t\t\t\t\t\t\t\t\t\t<span class=\"elementor-icon-list-text\">Soo Raw<\/span>\n\t\t\t\t\t\t\t\t\t<\/li>\n\t\t\t\t\t\t\t\t<li class=\"elementor-icon-list-item elementor-inline-item\">\n\t\t\t\t\t\t\t\t\t\t\t<span class=\"elementor-icon-list-icon\">\n\t\t\t\t\t\t\t<svg aria-hidden=\"true\" class=\"e-font-icon-svg e-fas-chevron-right\" viewbox=\"0 0 320 512\" xmlns=\"http:\/\/www.w3.org\/2000\/svg\"><path d=\"M285.476 272.971L91.132 467.314c-9.373 9.373-24.569 9.373-33.941 0l-22.667-22.667c-9.357-9.357-9.375-24.522-.04-33.901L188.505 256 34.484 101.255c-9.335-9.379-9.317-24.544.04-33.901l22.667-22.667c9.373-9.373 24.569-9.373 33.941 0L285.475 239.03c9.373 9.372 9.373 24.568.001 33.941z\"><\/path><\/svg>\t\t\t\t\t\t<\/span>\n\t\t\t\t\t\t\t\t\t\t<span class=\"elementor-icon-list-text\">Pol\u00edtica de privacidad<\/span>\n\t\t\t\t\t\t\t\t\t<\/li>\n\t\t\t\t\t\t<\/ul>\n\t\t\t\t\t\t<\/div>\n\t\t\t\t<\/div>\n\t\t\t\t\t<\/div>\n\t\t<\/div>\n\t\t\t\t\t<\/div>\n\t\t<\/section>\n\t\t<div class=\"elementor-element elementor-element-695ffc38 e-flex e-con-boxed e-con e-parent\" data-id=\"695ffc38\" data-element_type=\"container\" data-e-type=\"container\">\n\t\t\t\t\t<div class=\"e-con-inner\">\n\t\t\t\t<div class=\"elementor-element elementor-element-43de8c0a elementor-widget elementor-widget-text-editor\" data-id=\"43de8c0a\" data-element_type=\"widget\" data-e-type=\"widget\" data-widget_type=\"text-editor.default\">\n\t\t\t\t<div class=\"elementor-widget-container\">\n\t\t\t\t\t\t\t\t\t<p>Esta pol\u00edtica de privacidad tiene como objetivo proporcionar informaci\u00f3n de manera transparente sobre sus datos personales que recopilamos y procesamos, en cumplimiento de la legislaci\u00f3n europea y nacional pertinente, que incluye, entre otros, el Reglamento (UE) 2016\/679 del Parlamento Europeo y del Consejo, de 27 de abril de 2016, relativo a la protecci\u00f3n de las personas f\u00edsicas en lo que respecta al tratamiento de datos personales y a la libre circulaci\u00f3n de estos datos y por el que se deroga la Directiva 95\/46\/CE (Reglamento general de protecci\u00f3n de datos), la Ley de protecci\u00f3n de datos personales promulgada por el Esta pol\u00edtica tambi\u00e9n explica c\u00f3mo recogemos y procesamos sus datos personales. Por datos personales se entiende cualquier informaci\u00f3n o conjunto de informaci\u00f3n que le identifique o pueda utilizarse para identificarle (junto con otra informaci\u00f3n), lo que incluye la informaci\u00f3n que comparte con nosotros y la que obtenemos de usted.<\/p><p>Puede realizar solicitudes y pedir respuestas sobre la protecci\u00f3n de sus datos personales y el ejercicio de sus derechos en relaci\u00f3n con ellos poni\u00e9ndose en contacto con nosotros en: office@sooraw.eu<\/p><p><strong>\u00bfQui\u00e9nes somos?<\/strong><br \/>Somos \"Sou Rowe\" Ltd, UIC 207345549, con domicilio social y direcci\u00f3n registrada. Nuestro domicilio social y direcci\u00f3n registrada es. Plovdiv, domicilio social no. 1, oficina 1<br \/>P\u00e1gina web:www.sooraw.eu<br \/>Tel\u00e9fono de contacto: +359 885 149 216<\/p><p><strong>Formas de recogida de datos personales<br \/><\/strong>Datos personales que recopilamos.<b> <\/b>Datos personales que usted nos facilita. Cuando utiliza nuestro sitio web para pedir un art\u00edculo, necesitamos sus datos personales para poder tramitar su pedido y que usted reciba el art\u00edculo que desea. Para poder servirle y tramitar sus pedidos, necesitamos los siguientes datos:<\/p><p>nombre y apellidos<br \/>correo electr\u00f3nico<br \/>tel\u00e9fono de contacto<br \/>direcci\u00f3n de facturaci\u00f3n y entrega<br \/>c\u00f3digo postal<br \/>nombre de la empresa<br \/>UIC<\/p><p><strong>Informaci\u00f3n de terceros<\/strong><br \/>Podemos ver qu\u00e9 navegador utiliza, su direcci\u00f3n IP y qu\u00e9 sistemas operativos utiliza. Podemos utilizar esta informaci\u00f3n para mejorar los servicios que ofrecemos.<\/p><p>Los datos personales sensibles son una categor\u00eda de datos que incluye (pero no se limita a) datos sobre salud, origen racial o \u00e9tnico, creencias religiosas y opiniones pol\u00edticas. No recopilamos este tipo de informaci\u00f3n.<\/p><p><strong>Cookies<\/strong><br \/>Nuestro sitio web sooraw.eu utiliza cookies para facilitar la navegaci\u00f3n por nuestro sitio web, mejorar su funcionalidad y optimizarlo seg\u00fan sus preferencias. Muchas cookies contienen un identificador \u00fanico que permite a nuestro sitio web distinguir su navegador de los navegadores de Internet que contienen otras cookies. Mediante el uso de cookies, le proporcionamos servicios m\u00e1s f\u00e1ciles de usar que no ser\u00edan posibles sin ellas, como no tener que introducir los datos de acceso cada vez que acceda a nuestro sitio web.<br \/>Puede impedir la instalaci\u00f3n de cookies o bloquearlas configurando su navegador para que rechace todas o algunas cookies. Las cookies ya instaladas pueden ser eliminadas en cualquier momento por su navegador de Internet u otros programas de software.<br \/>Si decide desactivar la configuraci\u00f3n de cookies en el navegador de Internet que utiliza, es posible que no pueda utilizar todas las funciones de nuestro sitio web.<br \/>Tenga en cuenta que tambi\u00e9n hay cookies que son necesarias para el funcionamiento de nuestro sitio web y que no pueden desactivarse si desea utilizarlo.<\/p><p><strong>\u00bfC\u00f3mo utilizaremos sus datos personales?<\/strong><br \/>El juicio sobre el tratamiento de sus datos personales depender\u00e1 de los motivos de su relaci\u00f3n con nosotros. Los motivos jur\u00eddicos que utilizamos para tratar sus datos personales son los siguientes:<\/p><p><strong>Necesidad de ejecutar el contrato<\/strong><br \/>El tratamiento de sus datos personales suele ser necesario en relaci\u00f3n con la celebraci\u00f3n de un contrato entre nosotros para la compraventa de los art\u00edculos que ofrece nuestro sitio web.<\/p><p><strong>Consentimiento<\/strong><br \/>En algunos casos, nos basaremos en su consentimiento expl\u00edcito para utilizar sus datos personales. Esta base jur\u00eddica se utiliza normalmente para enviarle informaci\u00f3n comercial y para decidir si deseamos compartir sus datos personales con uno de nuestros socios (\"terceros\") para cumplir uno de nuestros objetivos. Por consentimiento se entender\u00e1 toda manifestaci\u00f3n de asentimiento libre, espec\u00edfica, informada e inequ\u00edvoca, que podr\u00e1 adoptar la forma de una declaraci\u00f3n u otro acto afirmativo inequ\u00edvoco, dada por el interesado que consienta el tratamiento de datos personales que le conciernan.<\/p><p><strong>Intereses leg\u00edtimos<\/strong><br \/>Cuando tratamos sus datos personales para nuestros fines administrativos internos y cuando necesitamos tomar medidas para proteger la seguridad de la red de la empresa, nos basamos en el motivo del inter\u00e9s leg\u00edtimo. Cuando el tratamiento sea necesario para proteger intereses leg\u00edtimos perseguidos por nosotros o por un tercero, a menos que sus intereses o sus derechos y libertades fundamentales prevalezcan sobre dichos intereses, lo que requiere la protecci\u00f3n de los datos personales. En estos casos, tenemos un inter\u00e9s organizativo leg\u00edtimo en el tratamiento de sus datos personales.<\/p><p><strong>Base jur\u00eddica<\/strong><br \/>Todos los casos en los que tratamos sus datos personales en cumplimiento de una obligaci\u00f3n legal, por ejemplo, cuando el tratamiento es exigido por la ley u otras normativas.<\/p><p><strong>Informaci\u00f3n comercial<\/strong><br \/>Queremos asegurarnos de que recibe la cantidad de informaci\u00f3n sobre \"SOU ROU\" Ltd que ha solicitado previamente. Tambi\u00e9n queremos ponernos en contacto con usted de un modo que le resulte c\u00f3modo y aceptable. Sus preferencias se aplican a la informaci\u00f3n comercial que recibe de nosotros. Por ejemplo, si forma parte de nuestro programa, podemos ponernos en contacto con usted de la manera que consideremos adecuada para que el programa siga adelante. Este tipo de comunicaci\u00f3n es administrativa y no est\u00e1 cubierta por sus preferencias.<\/p><p><strong>Marketing por correo electr\u00f3nico<\/strong><br \/>Si da su consentimiento expl\u00edcito junto con su direcci\u00f3n de correo electr\u00f3nico, podremos ponernos en contacto con usted con fines de marketing por correo electr\u00f3nico. Al suscribirse a un bolet\u00edn, nos da derecho a utilizar su direcci\u00f3n de correo electr\u00f3nico con fines de marketing por correo electr\u00f3nico.<br \/>La decisi\u00f3n de recibir nuestras comunicaciones comerciales es exclusivamente suya. Contendr\u00e1n informaci\u00f3n sobre nuestro trabajo y nuestros productos.<br \/>Puede cambiar sus preferencias en cualquier momento haciendo clic en el enlace \"Cancelar suscripci\u00f3n\" situado en la parte inferior de cualquier correo electr\u00f3nico. Tambi\u00e9n puede cambiar sus preferencias de contacto en cualquier momento (incluso indic\u00e1ndonos que no desea que nos pongamos en contacto con usted con fines de marketing por correo) poni\u00e9ndose en contacto con nosotros en la direcci\u00f3n de correo electr\u00f3nico arriba indicada.<\/p><p><strong>\u00bfCon qui\u00e9n compartimos sus datos personales?<\/strong><br \/>Podemos compartir sus datos personales con terceros:<br \/>A empresas afiliadas y proveedores de servicios para proporcionarle los productos o servicios que nos haya solicitado.<br \/>A terceros que prestan servicios y procesan datos para nosotros. Esto incluye a socios de confianza que trabajan con nosotros. Esto se hace en funci\u00f3n de sus preferencias de marketing y de nuestras pol\u00edticas y procedimientos internos. Exigimos a dichos terceros que cumplan nuestras directrices y los requisitos legales de protecci\u00f3n de datos.<br \/>Tambi\u00e9n es posible que tengamos que cumplir una obligaci\u00f3n legal de revelar sus datos personales (por ejemplo, una petici\u00f3n de la polic\u00eda), ejercer nuestros derechos o proteger los intereses de la empresa (por ejemplo, en caso de sospecha de fraude).<br \/>No compartiremos, venderemos ni intercambiaremos sus datos personales con terceros para sus propios fines comerciales a menos que nos haya dado su consentimiento para hacerlo.<br \/>Si utilizamos contenidos, herramientas u otros servicios de otras empresas cuya sede social se encuentra en un tercer pa\u00eds, se considerar\u00e1 que se ha producido una transferencia de datos a los pa\u00edses de origen de esos terceros proveedores. La transferencia de datos personales a terceros s\u00f3lo tendr\u00e1 lugar si existe un nivel adecuado de protecci\u00f3n de datos, el consentimiento del usuario u otra autorizaci\u00f3n legal.<br \/>Nuestro sitio puede incluir funciones de medios sociales, como el bot\u00f3n \"Me gusta\" de Facebook y \"Widgets\", como el bot\u00f3n \"Compartir\" o miniprogramas interactivos que se muestran en nuestro sitio. Estas funciones pueden recopilar datos sobre su direcci\u00f3n IP, qu\u00e9 p\u00e1gina visita en nuestro sitio y pueden colocar cookies para que la funci\u00f3n funcione correctamente. Las funciones de redes sociales y los widgets son alojados por terceros. La presente Pol\u00edtica de Privacidad no se aplica a estas funciones. Sus interacciones con estas funciones se rigen por las pol\u00edticas de privacidad (confidencialidad) y otras pol\u00edticas de las empresas que las proporcionan. No tenemos ning\u00fan control sobre estas funciones de las redes sociales y, por lo tanto, no somos responsables de la informaci\u00f3n o funciones que contengan.<br \/>Adem\u00e1s, podemos utilizar servicios de terceros como:<br \/>Google Analytics, que recopila, supervisa y analiza el modo en que usted interact\u00faa con el Sitio.<br \/>MailChimp para almacenar su direcci\u00f3n de correo electr\u00f3nico, as\u00ed como otros datos relacionados con su direcci\u00f3n de correo electr\u00f3nico. Utilizamos MailChimp como nuestra plataforma de automatizaci\u00f3n de marketing. Al enviar un formulario en el Sitio, usted reconoce que la informaci\u00f3n que proporcione ser\u00e1 transferida a MailChimp para su procesamiento de acuerdo con su Pol\u00edtica de Privacidad (Privacidad) y T\u00e9rminos.<br \/>Los siguientes plug-ins:<br \/>\"Insertar encabezados y pies de p\u00e1gina\" por WPBeginner.<br \/>\"MailChimp para WordPress\" por ibericode.<br \/>\"Aviso sobre cookies\" de dFactory.<br \/>\"Yoast SEO\".<br \/>\"Formulario de contacto 7\", de Takayuki Miyoshi.<br \/>\"Desactivar comentarios\", por Samir Shah.<br \/>\"Imagen de perfil de usuario\" por Ronald Huereca.<br \/>\"Forzar HTTPS (redirecci\u00f3n SSL y correcci\u00f3n de contenido inseguro)\" por LittleBizzy.<br \/>\"Loco Translate\", de Tim Whitlock.<br \/>\"P\u00edxel de Facebook\".<br \/>\"Etiqueta de remarketing de Google\".<\/p><p><strong>\u00bfCu\u00e1nto tiempo conservaremos sus datos personales?<\/strong><br \/>Conservaremos sus datos personales durante el tiempo que sea necesario para cumplir los fines para los que los recopilamos, incluido el cumplimiento de cualquier requisito legal, contable o de elaboraci\u00f3n de informes.<br \/>Para determinar el periodo de conservaci\u00f3n adecuado, tenemos en cuenta el volumen, la naturaleza y la sensibilidad de los datos personales, el riesgo potencial de da\u00f1o derivado del uso o la divulgaci\u00f3n no autorizados de sus datos personales, los fines para los que procesamos sus datos personales y si podemos lograr esos fines por otros medios, los requisitos legales aplicables.<\/p><p><strong>Seguridad del tratamiento<\/strong><br \/>Hemos establecido medidas de seguridad t\u00e9cnicas y organizativas adecuadas y de vanguardia. De este modo, los datos tratados por nosotros est\u00e1n protegidos contra manipulaciones accidentales o intencionadas, p\u00e9rdida, destrucci\u00f3n y acceso no autorizado.<\/p><p><strong>Sus derechos<\/strong><br \/>Tiene derecho a solicitar el acceso a sus datos personales en cualquier momento. Tiene derecho a saber qu\u00e9 categor\u00edas de datos personales procesamos sobre usted y sobre ellos, para qu\u00e9 los utilizamos y c\u00f3mo los almacenamos. Tambi\u00e9n tiene derecho a recibir informaci\u00f3n sobre los datos personales que se est\u00e1n tratando y cualquier informaci\u00f3n disponible sobre su origen, a menos que est\u00e9n protegidos por el secreto legal. Para ejercer su derecho de acceso, env\u00edenos una solicitud de acceso por correo electr\u00f3nico. En el raro caso de que no podamos facilitarle el acceso a los datos personales en el plazo de un mes, se lo notificaremos, indicando los motivos.<\/p><p>Tambi\u00e9n tiene derecho a pedirnos que corrijamos cualquier inexactitud en sus datos personales y en los datos personales de sus hijos menores. Puede enviar su solicitud de actualizaci\u00f3n de sus datos personales a la direcci\u00f3n de correo electr\u00f3nico arriba indicada.<\/p><p>Adem\u00e1s de los derechos enumerados anteriormente, tiene derecho a solicitar:<br \/>supresi\u00f3n de datos;<br \/>restricci\u00f3n del tratamiento de datos durante un determinado periodo de tiempo;<br \/>oponerse al tratamiento de sus datos personales;<br \/>pedirnos que dejemos de utilizarlos si no hay necesidad de hacerlo<\/p><p>Tambi\u00e9n puede retirar su consentimiento para que utilicemos sus datos personales en cualquier momento. P\u00f3ngase en contacto con nosotros en la direcci\u00f3n de correo electr\u00f3nico arriba indicada si desea retirar su consentimiento. Tenga en cuenta que si retira su consentimiento, es posible que no podamos prestarle determinados servicios.<\/p><p>Siempre tratamos de atender sus solicitudes cuando \u00e9stas son admisibles y est\u00e1n justificadas, y de darle una respuesta dentro del plazo legal. En raras ocasiones, puede que necesitemos ampliar este plazo, pero no m\u00e1s all\u00e1 del plazo m\u00e1ximo permitido por la ley.<\/p><p>En algunos casos, estamos obligados por ley a conservar los datos personales pertinentes y no ser\u00e1 posible eliminarlos de nuestros sistemas a petici\u00f3n suya. En caso de que crea que estamos vulnerando sus derechos, puede ponerse en contacto con nosotros para que investiguemos el asunto.<\/p><p><strong>Presentar una denuncia<\/strong><br \/>Si no est\u00e1 satisfecho con el uso que hemos hecho de sus datos personales, le rogamos que nos lo comunique por correo electr\u00f3nico.<\/p><p>Tambi\u00e9n puede presentar una queja o denuncia ante la Comisi\u00f3n de Protecci\u00f3n de Datos. Encontrar\u00e1 informaci\u00f3n actualizada sobre c\u00f3mo ejercer su derecho a reclamar ante la CPD en: https:\/\/www.cpdp.bg\/ - el sitio web de la autoridad de control.<\/p><p><strong>Descargo de responsabilidad<br \/><\/strong>No garantizamos el funcionamiento continuo del sitio.<br \/>Nos reservamos el derecho a interrumpir el acceso a determinado material o a todo el sitio web durante un periodo de tiempo indefinido, ya sea de forma programada o aleatoria. No seremos responsables de los da\u00f1os sufridos por los Usuarios como consecuencia de dichas interrupciones.<br \/>Nos reservamos el derecho de redirigir a los Usuarios a otros sitios web controlados por nosotros. En este caso, el Usuario deber\u00e1 aceptar las condiciones de dichos sitios web.<br \/>Nos reservamos el derecho de redirigir a los Usuarios a otros sitios web que son propiedad y est\u00e1n controlados por terceros. No tenemos ning\u00fan control sobre el contenido de estos sitios web y, en consecuencia, no somos responsables de su contenido.<br \/>La informaci\u00f3n contenida en el Sitio no debe interpretarse en modo alguno como asesoramiento o consulta. Todas las acciones de los Usuarios relacionadas con la protecci\u00f3n de sus derechos e intereses leg\u00edtimos deben llevarse a cabo consultando a un especialista en la materia correspondiente.<br \/>La informaci\u00f3n proporcionada en el Sitio puede ser general y abstracta. Su correcta aplicaci\u00f3n en la pr\u00e1ctica depende de la ley, incluidos los hechos jur\u00eddicos de la situaci\u00f3n concreta, que no pueden describirse en el Sitio. Por este motivo, no nos hacemos responsables de la forma en que los Usuarios apliquen la informaci\u00f3n en diversas situaciones m\u00e1s complejas o en situaciones con caracter\u00edsticas espec\u00edficas que resulten perjudiciales para el Usuario.<\/p><p><strong>Cambios en la pol\u00edtica de privacidad<\/strong><br \/>Podemos actualizar los t\u00e9rminos de esta pol\u00edtica en cualquier momento. Revisamos y actualizamos peri\u00f3dicamente esta pol\u00edtica de privacidad con el fin de que sea lo m\u00e1s clara, precisa y transparente posible y abarque cualquier nuevo cambio o modificaci\u00f3n de la legislaci\u00f3n pertinente que se nos ocurra. Si contin\u00faa utilizando nuestro sitio web y nuestros servicios, se considerar\u00e1 que acepta estos cambios.<\/p>\t\t\t\t\t\t\t\t<\/div>\n\t\t\t\t<\/div>\n\t\t\t\t\t<\/div>\n\t\t\t\t<\/div>\n\t\t\t\t<\/div>","protected":false},"excerpt":{"rendered":"<p>\u041f\u043e\u043b\u0438\u0442\u0438\u043a\u0430 \u0437\u0430 \u043f\u043e\u0432\u0435\u0440\u0438\u0442\u0435\u043b\u043d\u043e\u0441\u0442 Soo Raw \u041f\u043e\u043b\u0438\u0442\u0438\u043a\u0430 \u0437\u0430 \u043f\u043e\u0432\u0435\u0440\u0438\u0442\u0435\u043b\u043d\u043e\u0441\u0442 \u0422\u0430\u0437\u0438 \u043f\u043e\u043b\u0438\u0442\u0438\u043a\u0430 \u0437\u0430 \u043f\u043e\u0432\u0435\u0440\u0438\u0442\u0435\u043b\u043d\u043e\u0441\u0442 \u0446\u0435\u043b\u0438 \u0434\u0430 \u043f\u0440\u0435\u0434\u043e\u0441\u0442\u0430\u0432\u0438 \u0438\u043d\u0444\u043e\u0440\u043c\u0430\u0446\u0438\u044f \u043f\u043e \u043f\u0440\u043e\u0437\u0440\u0430\u0447\u0435\u043d \u043d\u0430\u0447\u0438\u043d \u043e\u0442\u043d\u043e\u0441\u043d\u043e \u0412\u0430\u0448\u0438\u0442\u0435 \u043b\u0438\u0447\u043d\u0438 \u0434\u0430\u043d\u043d\u0438, \u043a\u043e\u0438\u0442\u043e \u0441\u044a\u0431\u0438\u0440\u0430\u043c\u0435 \u0438 \u043e\u0431\u0440\u0430\u0431\u043e\u0442\u0432\u0430\u043c\u0435, \u0441\u043f\u0430\u0437\u0432\u0430\u0439\u043a\u0438 \u043e\u0442\u043d\u043e\u0441\u0438\u043c\u043e\u0442\u043e \u0435\u0432\u0440\u043e\u043f\u0435\u0439\u0441\u043a\u043e \u0438 \u043d\u0430\u0446\u0438\u043e\u043d\u0430\u043b\u043d\u043e \u0437\u0430\u043a\u043e\u043d\u043e\u0434\u0430\u0442\u0435\u043b\u0441\u0442\u0432\u043e, \u043a\u043e\u0435\u0442\u043e \u0432\u043a\u043b\u044e\u0447\u0432\u0430, \u043d\u043e \u043d\u0435 \u0441\u0435 \u043e\u0433\u0440\u0430\u043d\u0438\u0447\u0430\u0432\u0430 \u0434\u043e \u0420\u0435\u0433\u043b\u0430\u043c\u0435\u043d\u0442 (\u0415\u0421) 2016\/679 \u043d\u0430 \u0415\u0432\u0440\u043e\u043f\u0435\u0439\u0441\u043a\u0438\u044f \u043f\u0430\u0440\u043b\u0430\u043c\u0435\u043d\u0442 \u0438 \u043d\u0430 \u0421\u044a\u0432\u0435\u0442\u0430 \u043e\u0442 27 \u0430\u043f\u0440\u0438\u043b 2016 \u0433\u043e\u0434\u0438\u043d\u0430 \u043e\u0442\u043d\u043e\u0441\u043d\u043e [&hellip;]<\/p>\n","protected":false},"author":1,"featured_media":0,"parent":0,"menu_order":0,"comment_status":"closed","ping_status":"closed","template":"","meta":{"slim_seo":{"noindex":"1","title":"Pol\u00edtica de privacidad - Soo Raw","description":"Pol\u00edtica de privacidad Pol\u00edtica de privacidad de Soo Raw El objetivo de esta pol\u00edtica de privacidad es proporcionar informaci\u00f3n de forma transparente sobre sus datos personales."},"footnotes":""},"class_list":["post-535","page","type-page","status-publish","hentry"],"_links":{"self":[{"href":"https:\/\/www.sooraw.eu\/es\/wp-json\/wp\/v2\/pages\/535","targetHints":{"allow":["GET"]}}],"collection":[{"href":"https:\/\/www.sooraw.eu\/es\/wp-json\/wp\/v2\/pages"}],"about":[{"href":"https:\/\/www.sooraw.eu\/es\/wp-json\/wp\/v2\/types\/page"}],"author":[{"embeddable":true,"href":"https:\/\/www.sooraw.eu\/es\/wp-json\/wp\/v2\/users\/1"}],"replies":[{"embeddable":true,"href":"https:\/\/www.sooraw.eu\/es\/wp-json\/wp\/v2\/comments?post=535"}],"version-history":[{"count":4,"href":"https:\/\/www.sooraw.eu\/es\/wp-json\/wp\/v2\/pages\/535\/revisions"}],"predecessor-version":[{"id":544,"href":"https:\/\/www.sooraw.eu\/es\/wp-json\/wp\/v2\/pages\/535\/revisions\/544"}],"wp:attachment":[{"href":"https:\/\/www.sooraw.eu\/es\/wp-json\/wp\/v2\/media?parent=535"}],"curies":[{"name":"wp","href":"https:\/\/api.w.org\/{rel}","templated":true}]}}