{"id":545,"date":"2024-04-18T20:36:08","date_gmt":"2024-04-18T17:36:08","guid":{"rendered":"https:\/\/www.sooraw.eu\/?page_id=545"},"modified":"2024-04-18T21:20:38","modified_gmt":"2024-04-18T18:20:38","slug":"obsthi-usloviya","status":"publish","type":"page","link":"https:\/\/www.sooraw.eu\/es\/obsthi-usloviya\/","title":{"rendered":"Condiciones generales"},"content":{"rendered":"<div data-elementor-type=\"wp-page\" data-elementor-id=\"545\" class=\"elementor elementor-545\" data-elementor-post-type=\"page\">\n\t\t\t\t\t\t<section class=\"elementor-section elementor-top-section elementor-element elementor-element-6ea5dea5 elementor-section-boxed elementor-section-height-default elementor-section-height-default\" data-id=\"6ea5dea5\" data-element_type=\"section\" data-e-type=\"section\" data-settings=\"{&quot;background_background&quot;:&quot;classic&quot;}\">\n\t\t\t\t\t\t\t<div class=\"elementor-background-overlay\"><\/div>\n\t\t\t\t\t\t\t<div class=\"elementor-container elementor-column-gap-default\">\n\t\t\t\t\t<div class=\"elementor-column elementor-col-100 elementor-top-column elementor-element elementor-element-6a9f24d7\" data-id=\"6a9f24d7\" data-element_type=\"column\" data-e-type=\"column\">\n\t\t\t<div class=\"elementor-widget-wrap elementor-element-populated\">\n\t\t\t\t\t<div class=\"elementor-background-overlay\"><\/div>\n\t\t\t\t\t\t<div class=\"elementor-element elementor-element-1bce5ce elementor-widget elementor-widget-heading\" data-id=\"1bce5ce\" data-element_type=\"widget\" data-e-type=\"widget\" data-widget_type=\"heading.default\">\n\t\t\t\t<div class=\"elementor-widget-container\">\n\t\t\t\t\t<h2 class=\"elementor-heading-title elementor-size-default\">Condiciones generales<\/h2>\t\t\t\t<\/div>\n\t\t\t\t<\/div>\n\t\t\t\t<div class=\"elementor-element elementor-element-3cb1ff51 elementor-icon-list--layout-inline elementor-align-center elementor-list-item-link-full_width elementor-widget elementor-widget-icon-list\" data-id=\"3cb1ff51\" data-element_type=\"widget\" data-e-type=\"widget\" data-widget_type=\"icon-list.default\">\n\t\t\t\t<div class=\"elementor-widget-container\">\n\t\t\t\t\t\t\t<ul class=\"elementor-icon-list-items elementor-inline-items\">\n\t\t\t\t\t\t\t<li class=\"elementor-icon-list-item elementor-inline-item\">\n\t\t\t\t\t\t\t\t\t\t<span class=\"elementor-icon-list-text\">Soo Raw<\/span>\n\t\t\t\t\t\t\t\t\t<\/li>\n\t\t\t\t\t\t\t\t<li class=\"elementor-icon-list-item elementor-inline-item\">\n\t\t\t\t\t\t\t\t\t\t\t<span class=\"elementor-icon-list-icon\">\n\t\t\t\t\t\t\t<svg aria-hidden=\"true\" class=\"e-font-icon-svg e-fas-chevron-right\" viewbox=\"0 0 320 512\" xmlns=\"http:\/\/www.w3.org\/2000\/svg\"><path d=\"M285.476 272.971L91.132 467.314c-9.373 9.373-24.569 9.373-33.941 0l-22.667-22.667c-9.357-9.357-9.375-24.522-.04-33.901L188.505 256 34.484 101.255c-9.335-9.379-9.317-24.544.04-33.901l22.667-22.667c9.373-9.373 24.569-9.373 33.941 0L285.475 239.03c9.373 9.372 9.373 24.568.001 33.941z\"><\/path><\/svg>\t\t\t\t\t\t<\/span>\n\t\t\t\t\t\t\t\t\t\t<span class=\"elementor-icon-list-text\">Qui\u00e9nes somos<\/span>\n\t\t\t\t\t\t\t\t\t<\/li>\n\t\t\t\t\t\t<\/ul>\n\t\t\t\t\t\t<\/div>\n\t\t\t\t<\/div>\n\t\t\t\t\t<\/div>\n\t\t<\/div>\n\t\t\t\t\t<\/div>\n\t\t<\/section>\n\t\t<div class=\"elementor-element elementor-element-2df0bfd e-flex e-con-boxed e-con e-parent\" data-id=\"2df0bfd\" data-element_type=\"container\" data-e-type=\"container\">\n\t\t\t\t\t<div class=\"e-con-inner\">\n\t\t\t\t<div class=\"elementor-element elementor-element-5f32615e elementor-widget elementor-widget-text-editor\" data-id=\"5f32615e\" data-element_type=\"widget\" data-e-type=\"widget\" data-widget_type=\"text-editor.default\">\n\t\t\t\t<div class=\"elementor-widget-container\">\n\t\t\t\t\t\t\t\t\t<p>Estos T\u00e9rminos y Condiciones constituyen un acuerdo legalmente vinculante entre la tienda online www.sooraw.eu de \"SOU ROU\" Ltd y los usuarios (usted) en relaci\u00f3n con los servicios ofrecidos por sooraw.eu. Al consultar las p\u00e1ginas, hacer clic en los sitios o enlaces ubicados en las p\u00e1ginas de sooraw.eu, usted est\u00e1 de acuerdo, acepta y se compromete a cumplir con estos T\u00e9rminos de Servicio.<br \/>\"SOU ROU\" Ltd. es una empresa registrada bajo la Ley Comercial de la Rep\u00fablica de Bulgaria con UIC 207345549, Sede y direcci\u00f3n postal. 1450 1505 \"Shipka\" \u211622, piso 1, oficina 1<\/p><p><strong>Sobre su privacidad<\/strong><br \/>\"SOU ROU\" Ltd. procesa y toma medidas para proteger los datos personales de los usuarios de acuerdo con los requisitos de la Ley de Protecci\u00f3n de Datos Personales. Los usuarios aceptan que SOU ROU Ltd tenga derecho a procesar sus datos personales en relaci\u00f3n con el uso de los servicios del sitio web. Con el fin de servirle y cumplir con sus pedidos, es necesario aceptar los siguientes datos:<\/p><p>nombre y apellidos<br \/>correo electr\u00f3nico<br \/>tel\u00e9fono de contacto<br \/>direcci\u00f3n de facturaci\u00f3n y entrega<br \/>c\u00f3digo postal<br \/>nombre de la empresa<br \/>UIC<\/p><p>Los datos que recibiremos al realizar el pedido, registrarse o consultar las p\u00e1ginas se utilizar\u00e1n exclusivamente para su servicio - aceptar y cumplir los pedidos, ponerse en contacto con usted en casos de necesidad relacionados con el pedido y mejorar el servicio de \"SOU ROU\" Ltd. (SOU ROU). Garantizamos que estos datos no se facilitar\u00e1n en forma alguna a terceros ni se utilizar\u00e1n para fines distintos de los descritos anteriormente.<br \/>Si lo desea, puede eliminar su perfil de usuario del sistema de \"SOU ROU\" Ltd junto con los datos asociados al mismo.<\/p><p><strong>La orden<\/strong><br \/>Cada pedido de un producto o servicio a trav\u00e9s del sistema de \"SOU ROU\" Ltd lleva asociada una obligaci\u00f3n de pago mediante el m\u00e9todo de pago de su elecci\u00f3n. Aceptamos pedidos las 24 horas del d\u00eda, tambi\u00e9n los fines de semana y d\u00edas festivos. Durante el proceso de pedido, tiene la oportunidad de ver los productos que est\u00e1 comprando y sus precios, su nombre, correo electr\u00f3nico, tel\u00e9fono, direcci\u00f3n, c\u00f3digo postal, forma de entrega y forma de pago. Una vez finalizado el pedido, recibir\u00e1 una llamada nuestra al n\u00famero de tel\u00e9fono facilitado confirmando la misma informaci\u00f3n.<\/p><p><strong>Precios<\/strong><br \/>Todos los precios se indican en BGN, IVA incluido. Los precios de los productos se muestran sin los gastos de env\u00edo, de los que recibir\u00e1 informaci\u00f3n durante el proceso de pedido.<\/p><p>Problemas en la ejecuci\u00f3n de las \u00f3rdenes<br \/>La ejecuci\u00f3n de su orden puede verse impedida por cualquiera de los siguientes motivos:<br \/>Es posible que alguno de los productos solicitados no est\u00e9 disponible; en ese caso, nos pondremos en contacto con usted lo antes posible por tel\u00e9fono o correo electr\u00f3nico.<br \/>Ha facilitado datos de entrega incorrectos o incompletos: nombre, direcci\u00f3n, n\u00famero de tel\u00e9fono, c\u00f3digo postal.<\/p><p>En caso de discrepancia entre los productos recibidos y los productos pedidos, o si se produce una inexactitud por culpa nuestra, correremos con los gastos de la posterior devoluci\u00f3n y sustituci\u00f3n de los productos no conformes. Si la entrega no es posible por causas ajenas a SOU ROU Ltd (usted no se encuentra en la direcci\u00f3n o no responde a las llamadas del proveedor), su pedido nos ser\u00e1 devuelto hasta que nos pongamos en contacto con usted.<\/p><p><strong>Pago<\/strong><br \/>Ofrecemos pago contra reembolso: al recibir su pedido, paga al mensajero en efectivo o con tarjeta de d\u00e9bito.<\/p><p><strong>Entrega y recepci\u00f3n de productos<\/strong><br \/>Entrega en:<br \/>Se selecciona durante el proceso de pago tras rellenar la direcci\u00f3n exacta, los nombres y el c\u00f3digo postal.<br \/>Entrega en la oficina de la empresa de mensajer\u00eda:<br \/>La ubicaci\u00f3n de la oficina y su nombre se seleccionan durante el proceso de pedido.<\/p><p><strong>Anulaci\u00f3n y devoluci\u00f3n de pedidos<\/strong><br \/>Puede anular su pedido gratuitamente en el mismo d\u00eda en que lo realiz\u00f3 y hasta las 16.00 horas. Para cancelar un pedido, llame al 0889 371 074 o env\u00edenos un correo electr\u00f3nico a office@sooraw.eu.<br \/>Si se rechaza un pedido fuera de los plazos indicados, el cliente deber\u00e1 pagar el env\u00edo de vuelta a nuestros almacenes.<br \/>El cliente tiene derecho a devolver el producto en un plazo de 14 d\u00edas si el tipo y la integridad del embalaje no se ven comprometidos.<br \/>Puede cambiar los productos por otros o le devolveremos el valor si no desea un cambio. Reembolsamos el valor de los productos, excluidos los gastos de env\u00edo.<\/p><p><strong>Quejas y preguntas<\/strong><br \/>P\u00f3ngase en contacto con nosotros en el 0889 371 074 o en el 0885 149 216 si tiene alguna pregunta sobre los productos o servicios que ofrece SOU ROU Ltd.<\/p><p><strong>Contenido y derechos de autor<\/strong><br \/>El Sitio Web contiene materiales y textos protegidos por derechos de autor, im\u00e1genes, logotipos gr\u00e1ficos, gr\u00e1ficos, logotipos de marcas comerciales, bases de datos y programas inform\u00e1ticos que son propiedad de SOU ROU Ltd. o est\u00e1n autorizados por ella y est\u00e1n protegidos por la legislaci\u00f3n b\u00falgara y otras leyes y convenciones aplicables en materia de derechos de autor, derechos conexos y otros derechos de propiedad intelectual. La reproducci\u00f3n del contenido del sitio web y\/o de cualquiera de sus elementos de propiedad intelectual s\u00f3lo podr\u00e1 realizarse con el consentimiento por escrito de SOU ROU Ltd. o de sus representantes. El uso de los servicios y del sitio web sooraw.eu no otorga a los usuarios ning\u00fan derecho sobre los objetos de propiedad intelectual en su totalidad o sobre parte de los mismos.<\/p><p><strong>Acerca de los productos<\/strong><br \/>La informaci\u00f3n y los productos de este sitio no pretenden diagnosticar, tratar, curar ni prevenir ninguna enfermedad o problema de salud.<\/p><p>De conformidad con la Ley de Protecci\u00f3n de los Consumidores, los consumidores de la tienda en l\u00ednea www.sooraw.eu pueden, a falta de una soluci\u00f3n amistosa, dirigir una reclamaci\u00f3n a las autoridades reguladoras a la siguiente direcci\u00f3n:<\/p><p>* Web: kzp.bg<br \/>* Tel: 0700 111 22<br \/>* Direcci\u00f3n. Sof\u00eda, PC 1000, pl. \"Slaveykov\" \u21164A<br \/>* Correo electr\u00f3nico: email: info@kzp.bg<\/p><p><a href=\"https:\/\/ec.europa.eu\/consumers\/odr\/main\/?event=main.complaints.screeningphase\" target=\"_blank\" rel=\"noopener\">Plataforma de resoluci\u00f3n de litigios en l\u00ednea de la UE (Plataforma RLL)<\/a><\/p><p><a href=\"https:\/\/europa.eu\/youreurope\/business\/dealing-with-customers\/solving-disputes\/online-dispute-resolution\/index_bg.htm\" target=\"_blank\" rel=\"noopener\">Resoluci\u00f3n alternativa de litigios<\/a><\/p>\t\t\t\t\t\t\t\t<\/div>\n\t\t\t\t<\/div>\n\t\t\t\t\t<\/div>\n\t\t\t\t<\/div>\n\t\t\t\t<\/div>","protected":false},"excerpt":{"rendered":"<p>\u041e\u0431\u0449\u0438 \u0443\u0441\u043b\u043e\u0432\u0438\u044f Soo Raw \u0417\u0430 \u043d\u0430\u0441 \u041d\u0430\u0441\u0442\u043e\u044f\u0449\u0438\u0442\u0435 \u041e\u0431\u0449\u0438 \u0443\u0441\u043b\u043e\u0432\u0438\u044f \u043f\u0440\u0435\u0434\u0441\u0442\u0430\u0432\u043b\u044f\u0432\u0430\u0442 \u043f\u0440\u0430\u0432\u043d\u043e \u0441\u043f\u043e\u0440\u0430\u0437\u0443\u043c\u0435\u043d\u0438\u0435 \u0441 \u043e\u0431\u0432\u044a\u0440\u0437\u0432\u0430\u0449\u0430 \u0441\u0438\u043b\u0430 \u043c\u0435\u0436\u0434\u0443 \u043e\u043d\u043b\u0430\u0439\u043d \u043c\u0430\u0433\u0430\u0437\u0438\u043d www.sooraw.eu \u043d\u0430 \u201e\u0421\u041e\u0423 \u0420\u041e\u0423\u201c \u0415\u041e\u041e\u0414 \u0438 \u043f\u043e\u0442\u0440\u0435\u0431\u0438\u0442\u0435\u043b\u0438\u0442\u0435 (\u0412\u0438\u0435) \u0432\u044a\u0432 \u0432\u0440\u044a\u0437\u043a\u0430 \u0441 \u0443\u0441\u043b\u0443\u0433\u0438\u0442\u0435, \u043f\u0440\u0435\u0434\u043b\u0430\u0433\u0430\u043d\u0438 \u043e\u0442 sooraw.eu. \u0421 \u0440\u0430\u0437\u0433\u043b\u0435\u0436\u0434\u0430\u043d\u0435\u0442\u043e \u043d\u0430 \u0441\u0442\u0440\u0430\u043d\u0438\u0446\u0438\u0442\u0435, \u043d\u0430\u0442\u0438\u0441\u043a\u0430\u043d\u0435\u0442\u043e \u043d\u0430 \u043e\u0431\u0435\u043a\u0442\u0438\u0442\u0435 \u0438\u043b\u0438 \u0432\u0440\u044a\u0437\u043a\u0438\u0442\u0435, \u0440\u0430\u0437\u043f\u043e\u043b\u043e\u0436\u0435\u043d\u0438 \u043d\u0430 \u0441\u0442\u0440\u0430\u043d\u0438\u0446\u0438\u0442\u0435 \u043d\u0430 sooraw.eu, \u0412\u0438\u0435 \u0441\u0435 \u0441\u044a\u0433\u043b\u0430\u0441\u044f\u0432\u0430\u0442\u0435, \u043f\u0440\u0438\u0435\u043c\u0430\u0442\u0435 \u0438 \u0441\u0435 \u0437\u0430\u0434\u044a\u043b\u0436\u0430\u0432\u0430\u0442\u0435 \u0434\u0430 [&hellip;]<\/p>\n","protected":false},"author":1,"featured_media":0,"parent":0,"menu_order":0,"comment_status":"closed","ping_status":"closed","template":"","meta":{"slim_seo":{"noindex":"1","title":"Condiciones generales - Soo Raw","description":"Condiciones generales de contrataci\u00f3n Soo Raw Qui\u00e9nes somos Las presentes condiciones generales de contrataci\u00f3n constituyen un acuerdo jur\u00eddicamente vinculante entre la tienda en l\u00ednea www.sooraw.eu de \u201eSOU ROW\u201c Ltd. y n"},"footnotes":""},"class_list":["post-545","page","type-page","status-publish","hentry"],"_links":{"self":[{"href":"https:\/\/www.sooraw.eu\/es\/wp-json\/wp\/v2\/pages\/545","targetHints":{"allow":["GET"]}}],"collection":[{"href":"https:\/\/www.sooraw.eu\/es\/wp-json\/wp\/v2\/pages"}],"about":[{"href":"https:\/\/www.sooraw.eu\/es\/wp-json\/wp\/v2\/types\/page"}],"author":[{"embeddable":true,"href":"https:\/\/www.sooraw.eu\/es\/wp-json\/wp\/v2\/users\/1"}],"replies":[{"embeddable":true,"href":"https:\/\/www.sooraw.eu\/es\/wp-json\/wp\/v2\/comments?post=545"}],"version-history":[{"count":4,"href":"https:\/\/www.sooraw.eu\/es\/wp-json\/wp\/v2\/pages\/545\/revisions"}],"predecessor-version":[{"id":553,"href":"https:\/\/www.sooraw.eu\/es\/wp-json\/wp\/v2\/pages\/545\/revisions\/553"}],"wp:attachment":[{"href":"https:\/\/www.sooraw.eu\/es\/wp-json\/wp\/v2\/media?parent=545"}],"curies":[{"name":"wp","href":"https:\/\/api.w.org\/{rel}","templated":true}]}}