{"id":230,"date":"2024-04-14T19:07:07","date_gmt":"2024-04-14T16:07:07","guid":{"rendered":"https:\/\/www.sooraw.eu\/?post_type=product&#038;p=230"},"modified":"2024-08-29T13:57:45","modified_gmt":"2024-08-29T10:57:45","slug":"detski-bio-bar-soo-raw-yagodov-pat","status":"publish","type":"product","link":"https:\/\/www.sooraw.eu\/es\/producto\/detski-bio-bar-soo-raw-yagodov-pat\/","title":{"rendered":"Barrita ecol\u00f3gica infantil SOO RAW camino de fresa"},"content":{"rendered":"<p>Nuestra barrita de fresas es como el sol en cada bocado. Es tan jugosa y dulce que te sentir\u00e1s como si estuvieras de picnic en un jard\u00edn de fresas.<\/p>\n<p>Elaborado con gran esmero, resulta muy adecuado como tentempi\u00e9 de media ma\u00f1ana para los ni\u00f1os y les aportar\u00e1 la energ\u00eda que tanto necesitan para jugar alegremente.<\/p>\n<p><strong>* Entrega gratuita en pedidos superiores a 60 BGN.<\/strong><\/p>","protected":false},"excerpt":{"rendered":"<p>Caja de 12 unidades<\/p>\n<p>Peso: 20 g. 20 g x 12 piezas<\/p>\n<p>Ingredientes: d\u00e1tiles; fresas 20 %, pipas de calabaza, avena sin gluten, pasta de cacao, manteca de cacao<\/p>","protected":false},"featured_media":247,"template":"","meta":{"slim_seo":{"title":"Barrita ecol\u00f3gica infantil SOO RAW camino de fresa - Soo Raw","description":"Caja de 12 piezas Peso: 20 g. x 12 piezas Ingredientes: d\u00e1tiles; fresas 20 %, pipas de calabaza, avena sin gluten, pasta de cacao, manteca de cacao."}},"product_brand":[],"product_cat":[21],"product_tag":[],"class_list":{"0":"post-230","1":"product","2":"type-product","3":"status-publish","4":"has-post-thumbnail","6":"product_cat-naturalni-deserti","8":"first","9":"instock","10":"shipping-taxable","11":"purchasable","12":"product-type-simple"},"_links":{"self":[{"href":"https:\/\/www.sooraw.eu\/es\/wp-json\/wp\/v2\/product\/230","targetHints":{"allow":["GET"]}}],"collection":[{"href":"https:\/\/www.sooraw.eu\/es\/wp-json\/wp\/v2\/product"}],"about":[{"href":"https:\/\/www.sooraw.eu\/es\/wp-json\/wp\/v2\/types\/product"}],"wp:featuredmedia":[{"embeddable":true,"href":"https:\/\/www.sooraw.eu\/es\/wp-json\/wp\/v2\/media\/247"}],"wp:attachment":[{"href":"https:\/\/www.sooraw.eu\/es\/wp-json\/wp\/v2\/media?parent=230"}],"wp:term":[{"taxonomy":"product_brand","embeddable":true,"href":"https:\/\/www.sooraw.eu\/es\/wp-json\/wp\/v2\/product_brand?post=230"},{"taxonomy":"product_cat","embeddable":true,"href":"https:\/\/www.sooraw.eu\/es\/wp-json\/wp\/v2\/product_cat?post=230"},{"taxonomy":"product_tag","embeddable":true,"href":"https:\/\/www.sooraw.eu\/es\/wp-json\/wp\/v2\/product_tag?post=230"}],"curies":[{"name":"wp","href":"https:\/\/api.w.org\/{rel}","templated":true}]}}