{"id":237,"date":"2024-04-14T19:07:08","date_gmt":"2024-04-14T16:07:08","guid":{"rendered":"https:\/\/www.sooraw.eu\/?post_type=product&#038;p=237"},"modified":"2024-08-29T13:56:42","modified_gmt":"2024-08-29T10:56:42","slug":"susheni-krekeri-soo-raw-domat-i-bosilek","status":"publish","type":"product","link":"https:\/\/www.sooraw.eu\/es\/producto\/susheni-krekeri-soo-raw-domat-i-bosilek\/","title":{"rendered":"Galletas secas SOO RAW tomate y albahaca"},"content":{"rendered":"<p>Un d\u00fao energ\u00e9tico nutritivo de semillas de c\u00e1\u00f1amo y ch\u00eda, que contienen muchos \u00e1cidos grasos esenciales y prote\u00ednas vegetales.<\/p>\n<p>Elaboradas con ingredientes naturales cuidadosamente seleccionados, las galletas Soo Raw son un testimonio del poder de los alimentos crudos. Cada bocado es una explosi\u00f3n de sabores naturales y nutrientes que te dan la energ\u00eda para alimentar tu estilo de vida activo.<\/p>\n<p><strong>* Entrega gratuita en pedidos superiores a 60 BGN.<\/strong><\/p>","protected":false},"excerpt":{"rendered":"<p>Envase de 50 g.<\/p>\n<p>Ingredientes: semillas de girasol, tomates secos 16 %, ch\u00eda, anacardos, albahaca 0,39%, c\u00e1scara, especias naturales.<\/p>\n<p>Al\u00e9rgenos: gachas<\/p>","protected":false},"featured_media":244,"template":"","meta":{"slim_seo":{"title":"\u0421\u0443\u0448\u0435\u043d\u0438 \u043a\u0440\u0435\u043a\u0435\u0440\u0438 SOO RAW \u0434\u043e\u043c\u0430\u0442 \u0438 \u0431\u043e\u0441\u0438\u043b\u0435\u043a - Soo Raw","description":"\u041e\u043f\u0430\u043a\u043e\u0432\u043a\u0430 50 \u0433\u0440. \u0421\u044a\u0441\u0442\u0430\u0432\u043a\u0438: \u0441\u043b\u044a\u043d\u0447\u043e\u0433\u043b\u0435\u0434\u043e\u0432\u043e \u0441\u0435\u043c\u0435, \u0441\u0443\u0448\u0435\u043d\u0438 \u0434\u043e\u043c\u0430\u0442\u0438 16 %, \u0447\u0438\u044f, \u043a\u0430\u0448\u0443, \u0431\u043e\u0441\u0438\u043b\u0435\u043a 0.39%, \u0445\u0443\u0441\u043a, \u043d\u0430\u0442\u0443\u0440\u0430\u043b\u043d\u0438 \u043f\u043e\u0434\u043f\u0440\u0430\u0432\u043a\u0438. \u0410\u043b\u0435\u0440\u0433\u0435\u043d\u0438: \u043a\u0430\u0448\u0443"}},"product_brand":[],"product_cat":[22],"product_tag":[],"class_list":{"0":"post-237","1":"product","2":"type-product","3":"status-publish","4":"has-post-thumbnail","6":"product_cat-susheni-krekeri","8":"first","9":"instock","10":"shipping-taxable","11":"purchasable","12":"product-type-simple"},"_links":{"self":[{"href":"https:\/\/www.sooraw.eu\/es\/wp-json\/wp\/v2\/product\/237","targetHints":{"allow":["GET"]}}],"collection":[{"href":"https:\/\/www.sooraw.eu\/es\/wp-json\/wp\/v2\/product"}],"about":[{"href":"https:\/\/www.sooraw.eu\/es\/wp-json\/wp\/v2\/types\/product"}],"wp:featuredmedia":[{"embeddable":true,"href":"https:\/\/www.sooraw.eu\/es\/wp-json\/wp\/v2\/media\/244"}],"wp:attachment":[{"href":"https:\/\/www.sooraw.eu\/es\/wp-json\/wp\/v2\/media?parent=237"}],"wp:term":[{"taxonomy":"product_brand","embeddable":true,"href":"https:\/\/www.sooraw.eu\/es\/wp-json\/wp\/v2\/product_brand?post=237"},{"taxonomy":"product_cat","embeddable":true,"href":"https:\/\/www.sooraw.eu\/es\/wp-json\/wp\/v2\/product_cat?post=237"},{"taxonomy":"product_tag","embeddable":true,"href":"https:\/\/www.sooraw.eu\/es\/wp-json\/wp\/v2\/product_tag?post=237"}],"curies":[{"name":"wp","href":"https:\/\/api.w.org\/{rel}","templated":true}]}}