{"id":734,"date":"2025-01-07T23:42:07","date_gmt":"2025-01-07T21:42:07","guid":{"rendered":"https:\/\/www.sooraw.eu\/?post_type=product&#038;p=734"},"modified":"2025-02-06T09:57:00","modified_gmt":"2025-02-06T07:57:00","slug":"naturalni-bonboni-kajsii-s-protein-kutiya","status":"publish","type":"product","link":"https:\/\/www.sooraw.eu\/es\/producto\/naturalni-bonboni-kajsii-s-protein-kutiya\/","title":{"rendered":"Caja de caramelos naturales de albaricoque con prote\u00ednas"},"content":{"rendered":"<p><strong>* Entrega gratuita en pedidos superiores a 60 BGN.<\/strong><\/p>","protected":false},"excerpt":{"rendered":"<p>La caja contiene 16 piezas.<\/p>\n<p>Ingredientes: d\u00e1tiles, albaricoque, anacardos, nibs de cacao, pasta de cacao, prote\u00edna de guisante, prote\u00edna de arroz, miel.<\/p>","protected":false},"featured_media":739,"template":"","meta":{"slim_seo":{"title":"Caramelo Natural de Albaricoque con Caja de Prote\u00ednas - Soo Raw","description":"La caja contiene 16 piezas. Ingredientes."}},"product_brand":[],"product_cat":[20],"product_tag":[],"class_list":{"0":"post-734","1":"product","2":"type-product","3":"status-publish","4":"has-post-thumbnail","6":"product_cat-surovi-bonboni","8":"first","9":"instock","10":"shipping-taxable","11":"purchasable","12":"product-type-simple"},"_links":{"self":[{"href":"https:\/\/www.sooraw.eu\/es\/wp-json\/wp\/v2\/product\/734","targetHints":{"allow":["GET"]}}],"collection":[{"href":"https:\/\/www.sooraw.eu\/es\/wp-json\/wp\/v2\/product"}],"about":[{"href":"https:\/\/www.sooraw.eu\/es\/wp-json\/wp\/v2\/types\/product"}],"wp:featuredmedia":[{"embeddable":true,"href":"https:\/\/www.sooraw.eu\/es\/wp-json\/wp\/v2\/media\/739"}],"wp:attachment":[{"href":"https:\/\/www.sooraw.eu\/es\/wp-json\/wp\/v2\/media?parent=734"}],"wp:term":[{"taxonomy":"product_brand","embeddable":true,"href":"https:\/\/www.sooraw.eu\/es\/wp-json\/wp\/v2\/product_brand?post=734"},{"taxonomy":"product_cat","embeddable":true,"href":"https:\/\/www.sooraw.eu\/es\/wp-json\/wp\/v2\/product_cat?post=734"},{"taxonomy":"product_tag","embeddable":true,"href":"https:\/\/www.sooraw.eu\/es\/wp-json\/wp\/v2\/product_tag?post=734"}],"curies":[{"name":"wp","href":"https:\/\/api.w.org\/{rel}","templated":true}]}}