{"id":736,"date":"2025-01-07T23:42:09","date_gmt":"2025-01-07T21:42:09","guid":{"rendered":"https:\/\/www.sooraw.eu\/?post_type=product&#038;p=736"},"modified":"2025-02-06T09:56:59","modified_gmt":"2025-02-06T07:56:59","slug":"naturalni-bonboni-borovinka-s-bademi-kutiya","status":"publish","type":"product","link":"https:\/\/www.sooraw.eu\/es\/producto\/naturalni-bonboni-borovinka-s-bademi-kutiya\/","title":{"rendered":"Caramelo natural Caja de ar\u00e1ndanos con almendras"},"content":{"rendered":"<p><strong>* Entrega gratuita en pedidos superiores a 60 BGN.<\/strong><\/p>","protected":false},"excerpt":{"rendered":"<p>La caja contiene 16 piezas.<\/p>\n<p>Ingredientes: d\u00e1tiles, ar\u00e1ndanos, pasta de cacao, almendra, manteca de cacao, cacao en polvo<\/p>","protected":false},"featured_media":741,"template":"","meta":{"slim_seo":{"title":"Caramelo natural Caja de ar\u00e1ndanos con almendras - Soo Raw","description":"La caja contiene 16 piezas. Ingredientes: d\u00e1tiles, ar\u00e1ndanos, pasta de cacao, almendra, manteca de cacao, cacao en polvo."}},"product_brand":[],"product_cat":[20],"product_tag":[],"class_list":{"0":"post-736","1":"product","2":"type-product","3":"status-publish","4":"has-post-thumbnail","6":"product_cat-surovi-bonboni","8":"first","9":"instock","10":"shipping-taxable","11":"purchasable","12":"product-type-simple"},"_links":{"self":[{"href":"https:\/\/www.sooraw.eu\/es\/wp-json\/wp\/v2\/product\/736","targetHints":{"allow":["GET"]}}],"collection":[{"href":"https:\/\/www.sooraw.eu\/es\/wp-json\/wp\/v2\/product"}],"about":[{"href":"https:\/\/www.sooraw.eu\/es\/wp-json\/wp\/v2\/types\/product"}],"wp:featuredmedia":[{"embeddable":true,"href":"https:\/\/www.sooraw.eu\/es\/wp-json\/wp\/v2\/media\/741"}],"wp:attachment":[{"href":"https:\/\/www.sooraw.eu\/es\/wp-json\/wp\/v2\/media?parent=736"}],"wp:term":[{"taxonomy":"product_brand","embeddable":true,"href":"https:\/\/www.sooraw.eu\/es\/wp-json\/wp\/v2\/product_brand?post=736"},{"taxonomy":"product_cat","embeddable":true,"href":"https:\/\/www.sooraw.eu\/es\/wp-json\/wp\/v2\/product_cat?post=736"},{"taxonomy":"product_tag","embeddable":true,"href":"https:\/\/www.sooraw.eu\/es\/wp-json\/wp\/v2\/product_tag?post=736"}],"curies":[{"name":"wp","href":"https:\/\/api.w.org\/{rel}","templated":true}]}}