{"id":745,"date":"2025-01-08T00:00:43","date_gmt":"2025-01-07T22:00:43","guid":{"rendered":"https:\/\/www.sooraw.eu\/?post_type=product&#038;p=745"},"modified":"2025-02-06T09:57:31","modified_gmt":"2025-02-06T07:57:31","slug":"naturalni-bonboni-kajsii-s-protein","status":"publish","type":"product","link":"https:\/\/www.sooraw.eu\/es\/producto\/naturalni-bonboni-kajsii-s-protein\/","title":{"rendered":"Caramelo Natural de Albaricoque con Prote\u00ednas"},"content":{"rendered":"<p><strong>* Entrega gratuita en pedidos superiores a 60 BGN.<\/strong><\/p>","protected":false},"excerpt":{"rendered":"<p>La caja contiene 16 piezas.<\/p>\n<p>Ingredientes: d\u00e1tiles, albaricoque, anacardos, nibs de cacao, pasta de cacao, prote\u00edna de guisante, prote\u00edna de arroz, miel.<\/p>","protected":false},"featured_media":748,"template":"","meta":{"slim_seo":{"title":"\u041d\u0430\u0442\u0443\u0440\u0430\u043b\u043d\u0438 \u0431\u043e\u043d\u0431\u043e\u043d\u0438 \u041a\u0430\u0439\u0441\u0438\u0438 \u0441 \u041f\u0440\u043e\u0442\u0435\u0438\u043d - Soo Raw","description":"La caja contiene 16 piezas. Ingredientes."}},"product_brand":[],"product_cat":[20],"product_tag":[],"class_list":{"0":"post-745","1":"product","2":"type-product","3":"status-publish","4":"has-post-thumbnail","6":"product_cat-surovi-bonboni","8":"first","9":"instock","10":"shipping-taxable","11":"purchasable","12":"product-type-simple"},"_links":{"self":[{"href":"https:\/\/www.sooraw.eu\/es\/wp-json\/wp\/v2\/product\/745","targetHints":{"allow":["GET"]}}],"collection":[{"href":"https:\/\/www.sooraw.eu\/es\/wp-json\/wp\/v2\/product"}],"about":[{"href":"https:\/\/www.sooraw.eu\/es\/wp-json\/wp\/v2\/types\/product"}],"wp:featuredmedia":[{"embeddable":true,"href":"https:\/\/www.sooraw.eu\/es\/wp-json\/wp\/v2\/media\/748"}],"wp:attachment":[{"href":"https:\/\/www.sooraw.eu\/es\/wp-json\/wp\/v2\/media?parent=745"}],"wp:term":[{"taxonomy":"product_brand","embeddable":true,"href":"https:\/\/www.sooraw.eu\/es\/wp-json\/wp\/v2\/product_brand?post=745"},{"taxonomy":"product_cat","embeddable":true,"href":"https:\/\/www.sooraw.eu\/es\/wp-json\/wp\/v2\/product_cat?post=745"},{"taxonomy":"product_tag","embeddable":true,"href":"https:\/\/www.sooraw.eu\/es\/wp-json\/wp\/v2\/product_tag?post=745"}],"curies":[{"name":"wp","href":"https:\/\/api.w.org\/{rel}","templated":true}]}}