{"id":747,"date":"2025-01-08T00:00:47","date_gmt":"2025-01-07T22:00:47","guid":{"rendered":"https:\/\/www.sooraw.eu\/?post_type=product&#038;p=747"},"modified":"2025-02-06T09:57:29","modified_gmt":"2025-02-06T07:57:29","slug":"naturalni-bonboni-borovinka-s-bademi","status":"publish","type":"product","link":"https:\/\/www.sooraw.eu\/es\/producto\/naturalni-bonboni-borovinka-s-bademi\/","title":{"rendered":"Caramelo natural Ar\u00e1ndano con Almendras"},"content":{"rendered":"<p><strong>* Entrega gratuita en pedidos superiores a 60 BGN.<\/strong><\/p>","protected":false},"excerpt":{"rendered":"<p>La caja contiene 16 piezas.<\/p>\n<p>Ingredientes: d\u00e1tiles, ar\u00e1ndanos, pasta de cacao, almendra, manteca de cacao, cacao en polvo<\/p>","protected":false},"featured_media":750,"template":"","meta":{"slim_seo":{"title":"Caramelo natural de ar\u00e1ndano con almendras - Soo Raw","description":"La caja contiene 16 piezas. Ingredientes: d\u00e1tiles, ar\u00e1ndanos, pasta de cacao, almendra, manteca de cacao, cacao en polvo."}},"product_brand":[],"product_cat":[20],"product_tag":[],"class_list":{"0":"post-747","1":"product","2":"type-product","3":"status-publish","4":"has-post-thumbnail","6":"product_cat-surovi-bonboni","8":"first","9":"instock","10":"shipping-taxable","11":"purchasable","12":"product-type-simple"},"_links":{"self":[{"href":"https:\/\/www.sooraw.eu\/es\/wp-json\/wp\/v2\/product\/747","targetHints":{"allow":["GET"]}}],"collection":[{"href":"https:\/\/www.sooraw.eu\/es\/wp-json\/wp\/v2\/product"}],"about":[{"href":"https:\/\/www.sooraw.eu\/es\/wp-json\/wp\/v2\/types\/product"}],"wp:featuredmedia":[{"embeddable":true,"href":"https:\/\/www.sooraw.eu\/es\/wp-json\/wp\/v2\/media\/750"}],"wp:attachment":[{"href":"https:\/\/www.sooraw.eu\/es\/wp-json\/wp\/v2\/media?parent=747"}],"wp:term":[{"taxonomy":"product_brand","embeddable":true,"href":"https:\/\/www.sooraw.eu\/es\/wp-json\/wp\/v2\/product_brand?post=747"},{"taxonomy":"product_cat","embeddable":true,"href":"https:\/\/www.sooraw.eu\/es\/wp-json\/wp\/v2\/product_cat?post=747"},{"taxonomy":"product_tag","embeddable":true,"href":"https:\/\/www.sooraw.eu\/es\/wp-json\/wp\/v2\/product_tag?post=747"}],"curies":[{"name":"wp","href":"https:\/\/api.w.org\/{rel}","templated":true}]}}