{"id":112,"date":"2024-04-14T16:55:15","date_gmt":"2024-04-14T13:55:15","guid":{"rendered":"https:\/\/www.sooraw.eu\/?page_id=112"},"modified":"2025-02-06T10:05:24","modified_gmt":"2025-02-06T08:05:24","slug":"za-nas","status":"publish","type":"page","link":"https:\/\/www.sooraw.eu\/ro\/za-nas\/","title":{"rendered":"Despre noi"},"content":{"rendered":"<div data-elementor-type=\"wp-page\" data-elementor-id=\"112\" class=\"elementor elementor-112\" data-elementor-post-type=\"page\">\n\t\t\t\t\t\t<section class=\"elementor-section elementor-top-section elementor-element elementor-element-12d93573 elementor-section-boxed elementor-section-height-default elementor-section-height-default\" data-id=\"12d93573\" data-element_type=\"section\" data-e-type=\"section\" data-settings=\"{&quot;background_background&quot;:&quot;classic&quot;}\">\n\t\t\t\t\t\t\t<div class=\"elementor-background-overlay\"><\/div>\n\t\t\t\t\t\t\t<div class=\"elementor-container elementor-column-gap-default\">\n\t\t\t\t\t<div class=\"elementor-column elementor-col-100 elementor-top-column elementor-element elementor-element-5da86d22\" data-id=\"5da86d22\" data-element_type=\"column\" data-e-type=\"column\">\n\t\t\t<div class=\"elementor-widget-wrap elementor-element-populated\">\n\t\t\t\t\t<div class=\"elementor-background-overlay\"><\/div>\n\t\t\t\t\t\t<div class=\"elementor-element elementor-element-270803b7 elementor-widget elementor-widget-heading\" data-id=\"270803b7\" data-element_type=\"widget\" data-e-type=\"widget\" data-widget_type=\"heading.default\">\n\t\t\t\t<div class=\"elementor-widget-container\">\n\t\t\t\t\t<h2 class=\"elementor-heading-title elementor-size-default\">Despre noi<\/h2>\t\t\t\t<\/div>\n\t\t\t\t<\/div>\n\t\t\t\t<div class=\"elementor-element elementor-element-495bad3e elementor-icon-list--layout-inline elementor-align-center elementor-list-item-link-full_width elementor-widget elementor-widget-icon-list\" data-id=\"495bad3e\" data-element_type=\"widget\" data-e-type=\"widget\" data-widget_type=\"icon-list.default\">\n\t\t\t\t<div class=\"elementor-widget-container\">\n\t\t\t\t\t\t\t<ul class=\"elementor-icon-list-items elementor-inline-items\">\n\t\t\t\t\t\t\t<li class=\"elementor-icon-list-item elementor-inline-item\">\n\t\t\t\t\t\t\t\t\t\t<span class=\"elementor-icon-list-text\">Soo Raw<\/span>\n\t\t\t\t\t\t\t\t\t<\/li>\n\t\t\t\t\t\t\t\t<li class=\"elementor-icon-list-item elementor-inline-item\">\n\t\t\t\t\t\t\t\t\t\t\t<span class=\"elementor-icon-list-icon\">\n\t\t\t\t\t\t\t<svg aria-hidden=\"true\" class=\"e-font-icon-svg e-fas-chevron-right\" viewbox=\"0 0 320 512\" xmlns=\"http:\/\/www.w3.org\/2000\/svg\"><path d=\"M285.476 272.971L91.132 467.314c-9.373 9.373-24.569 9.373-33.941 0l-22.667-22.667c-9.357-9.357-9.375-24.522-.04-33.901L188.505 256 34.484 101.255c-9.335-9.379-9.317-24.544.04-33.901l22.667-22.667c9.373-9.373 24.569-9.373 33.941 0L285.475 239.03c9.373 9.372 9.373 24.568.001 33.941z\"><\/path><\/svg>\t\t\t\t\t\t<\/span>\n\t\t\t\t\t\t\t\t\t\t<span class=\"elementor-icon-list-text\">Despre noi<\/span>\n\t\t\t\t\t\t\t\t\t<\/li>\n\t\t\t\t\t\t<\/ul>\n\t\t\t\t\t\t<\/div>\n\t\t\t\t<\/div>\n\t\t\t\t\t<\/div>\n\t\t<\/div>\n\t\t\t\t\t<\/div>\n\t\t<\/section>\n\t\t<div class=\"elementor-element elementor-element-e764356 e-flex e-con-boxed e-con e-parent\" data-id=\"e764356\" data-element_type=\"container\" data-e-type=\"container\">\n\t\t\t\t\t<div class=\"e-con-inner\">\n\t\t<div class=\"elementor-element elementor-element-9863e6c e-flex e-con-boxed e-con e-child\" data-id=\"9863e6c\" data-element_type=\"container\" data-e-type=\"container\">\n\t\t\t\t\t<div class=\"e-con-inner\">\n\t\t\t\t<div class=\"elementor-element elementor-element-58f34ef elementor-widget elementor-widget-heading\" data-id=\"58f34ef\" data-element_type=\"widget\" data-e-type=\"widget\" data-widget_type=\"heading.default\">\n\t\t\t\t<div class=\"elementor-widget-container\">\n\t\t\t\t\t<h2 class=\"elementor-heading-title elementor-size-default\">FABRICAT \u00ceN BULGARIA... INSPIRAT DE NATUR\u0102<\/h2>\t\t\t\t<\/div>\n\t\t\t\t<\/div>\n\t\t\t\t\t<\/div>\n\t\t\t\t<\/div>\n\t\t\t\t\t<\/div>\n\t\t\t\t<\/div>\n\t\t<div class=\"elementor-element elementor-element-79fa137 e-flex e-con-boxed e-con e-parent\" data-id=\"79fa137\" data-element_type=\"container\" data-e-type=\"container\">\n\t\t\t\t\t<div class=\"e-con-inner\">\n\t\t<div class=\"elementor-element elementor-element-11a7581 e-flex e-con-boxed e-con e-child\" data-id=\"11a7581\" data-element_type=\"container\" data-e-type=\"container\">\n\t\t\t\t\t<div class=\"e-con-inner\">\n\t\t<div class=\"elementor-element elementor-element-6bf5d49 e-con-full e-flex e-con e-child\" data-id=\"6bf5d49\" data-element_type=\"container\" data-e-type=\"container\">\n\t\t\t\t<div class=\"elementor-element elementor-element-5379f79 elementor-widget elementor-widget-text-editor\" data-id=\"5379f79\" data-element_type=\"widget\" data-e-type=\"widget\" data-widget_type=\"text-editor.default\">\n\t\t\t\t<div class=\"elementor-widget-container\">\n\t\t\t\t\t\t\t\t\t<p>Impulsiona\u021bi de dorin\u021ba de a alege o alimenta\u021bie curat\u0103, \u00een ultimii ani ne-am confruntat cu o ofert\u0103 uria\u0219\u0103 de produse care includ din ce \u00een ce mai mul\u021bi aditivi, poten\u021biatori, coloran\u021bi, arome... toate lucruri pe care orice persoan\u0103 preocupat\u0103 de s\u0103n\u0103tate ar dori s\u0103 le evite. A\u0219a s-a n\u0103scut ideea de a crea produse care s\u0103 nu con\u021bin\u0103 aditivi, s\u0103 treac\u0103 printr-o procesare minim\u0103 \u0219i s\u0103 includ\u0103 doar ingrediente de calitate. Am vrut s\u0103 creez deserturi \u0219i biscui\u021bi s\u0103\u021bio\u0219i care s\u0103 fie comozi pentru a fi lua\u021bi cu noi \u00een deplasare - la serviciu sau \u00een timpul c\u0103l\u0103toriilor, dar \u0219i delicio\u0219i \u0219i lipsi\u021bi de vinov\u0103\u021bie pentru a fi m\u00e2nca\u021bi acas\u0103.<\/p>\n<p>Ne dezvolt\u0103m propria noastr\u0103 fabric\u0103 de produc\u021bie, unde ne cre\u0103m produsele - cu ingrediente pure - naturale sau organice.<\/p>\n<p>Produsele noastre sunt realizate din fructe, nuci \u0219i semin\u021be, legume \u0219i condimente bulg\u0103re\u0219ti. Re\u021betele la care lucr\u0103m de luni de zile sunt create cu mult\u0103 dragoste pentru un stil de via\u021b\u0103 s\u0103n\u0103tos \u0219i aten\u021bie la gustul de calitate. Ingredientele sunt selectate, combinate \u0219i testate \u00een fiecare zi pentru a ob\u021bine un echilibru perfect \u0219i o satura\u021bie de arome noi \u0219i inedite.<\/p>\t\t\t\t\t\t\t\t<\/div>\n\t\t\t\t<\/div>\n\t\t\t\t<\/div>\n\t\t<div class=\"elementor-element elementor-element-1c2fd6f e-con-full e-flex e-con e-child\" data-id=\"1c2fd6f\" data-element_type=\"container\" data-e-type=\"container\">\n\t\t\t\t<div class=\"elementor-element elementor-element-532c751 elementor-widget elementor-widget-image\" data-id=\"532c751\" data-element_type=\"widget\" data-e-type=\"widget\" data-widget_type=\"image.default\">\n\t\t\t\t<div class=\"elementor-widget-container\">\n\t\t\t\t\t\t\t\t\t\t\t\t\t\t\t<img fetchpriority=\"high\" decoding=\"async\" width=\"916\" height=\"628\" src=\"https:\/\/www.sooraw.eu\/wp-content\/uploads\/sooraw-199119.png\" class=\"attachment-full size-full wp-image-721\" alt=\"Sooraw 199119\" srcset=\"https:\/\/www.sooraw.eu\/wp-content\/uploads\/sooraw-199119.png 916w, https:\/\/www.sooraw.eu\/wp-content\/uploads\/sooraw-199119-300x206.png 300w, https:\/\/www.sooraw.eu\/wp-content\/uploads\/sooraw-199119-768x527.png 768w, https:\/\/www.sooraw.eu\/wp-content\/uploads\/sooraw-199119-18x12.png 18w, https:\/\/www.sooraw.eu\/wp-content\/uploads\/sooraw-199119-600x411.png 600w\" sizes=\"(max-width: 916px) 100vw, 916px\" \/>\t\t\t\t\t\t\t\t\t\t\t\t\t\t\t<\/div>\n\t\t\t\t<\/div>\n\t\t\t\t<\/div>\n\t\t\t\t\t<\/div>\n\t\t\t\t<\/div>\n\t\t\t\t\t<\/div>\n\t\t\t\t<\/div>\n\t\t<div class=\"elementor-element elementor-element-63a49c9 e-flex e-con-boxed e-con e-parent\" data-id=\"63a49c9\" data-element_type=\"container\" data-e-type=\"container\">\n\t\t\t\t\t<div class=\"e-con-inner\">\n\t\t<div class=\"elementor-element elementor-element-27fd3de e-flex e-con-boxed e-con e-child\" data-id=\"27fd3de\" data-element_type=\"container\" data-e-type=\"container\">\n\t\t\t\t\t<div class=\"e-con-inner\">\n\t\t<div class=\"elementor-element elementor-element-b036007 e-flex e-con-boxed e-con e-child\" data-id=\"b036007\" data-element_type=\"container\" data-e-type=\"container\">\n\t\t\t\t\t<div class=\"e-con-inner\">\n\t\t<div class=\"elementor-element elementor-element-d093a25 e-con-full e-flex e-con e-child\" data-id=\"d093a25\" data-element_type=\"container\" data-e-type=\"container\">\n\t\t\t\t<div class=\"elementor-element elementor-element-a3add93 elementor-widget elementor-widget-image\" data-id=\"a3add93\" data-element_type=\"widget\" data-e-type=\"widget\" data-widget_type=\"image.default\">\n\t\t\t\t<div class=\"elementor-widget-container\">\n\t\t\t\t\t\t\t\t\t\t\t\t\t\t\t<img decoding=\"async\" width=\"916\" height=\"628\" src=\"https:\/\/www.sooraw.eu\/wp-content\/uploads\/sooraw-199222.png\" class=\"attachment-full size-full wp-image-757\" alt=\"Sooraw 199222\" srcset=\"https:\/\/www.sooraw.eu\/wp-content\/uploads\/sooraw-199222.png 916w, https:\/\/www.sooraw.eu\/wp-content\/uploads\/sooraw-199222-300x206.png 300w, https:\/\/www.sooraw.eu\/wp-content\/uploads\/sooraw-199222-768x527.png 768w, https:\/\/www.sooraw.eu\/wp-content\/uploads\/sooraw-199222-18x12.png 18w, https:\/\/www.sooraw.eu\/wp-content\/uploads\/sooraw-199222-600x411.png 600w\" sizes=\"(max-width: 916px) 100vw, 916px\" \/>\t\t\t\t\t\t\t\t\t\t\t\t\t\t\t<\/div>\n\t\t\t\t<\/div>\n\t\t\t\t<\/div>\n\t\t<div class=\"elementor-element elementor-element-6693d17 e-con-full e-flex e-con e-child\" data-id=\"6693d17\" data-element_type=\"container\" data-e-type=\"container\">\n\t\t\t\t<div class=\"elementor-element elementor-element-cd40893 elementor-widget elementor-widget-heading\" data-id=\"cd40893\" data-element_type=\"widget\" data-e-type=\"widget\" data-widget_type=\"heading.default\">\n\t\t\t\t<div class=\"elementor-widget-container\">\n\t\t\t\t\t<h2 class=\"elementor-heading-title elementor-size-default\">FILOZOFIA NOASTR\u0102<\/h2>\t\t\t\t<\/div>\n\t\t\t\t<\/div>\n\t\t\t\t<div class=\"elementor-element elementor-element-ac29a9d elementor-widget elementor-widget-text-editor\" data-id=\"ac29a9d\" data-element_type=\"widget\" data-e-type=\"widget\" data-widget_type=\"text-editor.default\">\n\t\t\t\t<div class=\"elementor-widget-container\">\n\t\t\t\t\t\t\t\t\t<p>Obiceiul pe care \u00eel crea\u021bi ast\u0103zi pentru copiii dumneavoastr\u0103, m\u00e2ine \u00eel vor l\u0103sa mo\u0219tenire nepo\u021bilor dumneavoastr\u0103.\u00a0<\/p><p>\u00cen acest sens, am ales s\u0103 realiz\u0103m produse noi \u0219i diferite pentru a educa un nou mod de a m\u00e2nca, pentru a fi aten\u021bi la ceea ce \u00eemp\u0103rt\u0103\u0219im cu cei dragi. Prin intermediul produselor noastre dorim s\u0103 transmitem aceast\u0103 filozofie a alimenta\u021biei s\u0103n\u0103toase, a g\u00e2ndirii s\u0103n\u0103toase, deci a unei vie\u021bi s\u0103n\u0103toase.<\/p><p>S\u0103 ne g\u00e2ndim la noi, la mo\u0219tenitorii no\u0219tri, acesta este mesajul pe care vrem s\u0103-l transmitem. \u0218i nu vorbim doar despre o alimenta\u021bie s\u0103n\u0103toas\u0103, ci despre un mod de g\u00e2ndire \u0219i o educa\u021bie pe care s\u0103 le transmitem genera\u021biei urm\u0103toare. Ceea ce \u00eei \u00eenv\u0103\u021b\u0103m ast\u0103zi pe copiii \u0219i nepo\u021bii no\u0219tri este una dintre principalele metode de a ne l\u0103sa amprenta asupra genera\u021biilor viitoare.<\/p>\t\t\t\t\t\t\t\t<\/div>\n\t\t\t\t<\/div>\n\t\t\t\t<div class=\"elementor-element elementor-element-2907187 elementor-align-center elementor-widget elementor-widget-button\" data-id=\"2907187\" data-element_type=\"widget\" data-e-type=\"widget\" data-widget_type=\"button.default\">\n\t\t\t\t<div class=\"elementor-widget-container\">\n\t\t\t\t\t\t\t\t\t<div class=\"elementor-button-wrapper\">\n\t\t\t\t\t<a class=\"elementor-button elementor-button-link elementor-size-sm\" href=\"\/ro\/kontakti\/\">\n\t\t\t\t\t\t<span class=\"elementor-button-content-wrapper\">\n\t\t\t\t\t\t\t\t\t<span class=\"elementor-button-text\">Contacta\u021bi<\/span>\n\t\t\t\t\t<\/span>\n\t\t\t\t\t<\/a>\n\t\t\t\t<\/div>\n\t\t\t\t\t\t\t\t<\/div>\n\t\t\t\t<\/div>\n\t\t\t\t<\/div>\n\t\t\t\t\t<\/div>\n\t\t\t\t<\/div>\n\t\t\t\t\t<\/div>\n\t\t\t\t<\/div>\n\t\t\t\t\t<\/div>\n\t\t\t\t<\/div>\n\t\t\t\t<\/div>","protected":false},"excerpt":{"rendered":"<p>\u0417\u0430 \u043d\u0430\u0441 Soo Raw \u0417\u0430 \u043d\u0430\u0441 \u041f\u0420\u041e\u0418\u0417\u0412\u0415\u0414\u0415\u041d\u041e \u0412 \u0411\u042a\u041b\u0413\u0410\u0420\u0418\u042f&#8230; \u0412\u0414\u042a\u0425\u041d\u041e\u0412\u0415\u041d\u041e \u041e\u0422 \u041f\u0420\u0418\u0420\u041e\u0414\u0410\u0422\u0410 \u0412\u043e\u0434\u0435\u043d\u0438 \u043e\u0442 \u0436\u0435\u043b\u0430\u043d\u0438\u0435\u0442\u043e \u0437\u0430 \u0438\u0437\u0431\u043e\u0440 \u043d\u0430 \u0447\u0438\u0441\u0442\u0430 \u0445\u0440\u0430\u043d\u0430, \u043f\u0440\u0435\u0437 \u043f\u043e\u0441\u043b\u0435\u0434\u043d\u0438\u0442\u0435 \u0433\u043e\u0434\u0438\u043d\u0438 \u0441\u0435 \u0441\u0431\u043b\u044a\u0441\u043a\u0430\u0445\u043c\u0435 \u0441 \u043e\u0433\u0440\u043e\u043c\u043d\u043e\u0442\u043e \u043f\u0440\u0435\u0434\u043b\u0430\u0433\u0430\u043d\u0435 \u043d\u0430 \u043f\u0440\u043e\u0434\u0443\u043a\u0442\u0438, \u043a\u043e\u0438\u0442\u043e \u0432\u043a\u043b\u044e\u0447\u0432\u0430\u0442 \u0432\u0441\u0435 \u043f\u043e\u0432\u0435\u0447\u0435 \u0434\u043e\u0431\u0430\u0432\u043a\u0438, \u043f\u043e\u0434\u043e\u0431\u0440\u0438\u0442\u0435\u043b\u0438, \u043e\u0446\u0432\u0435\u0442\u0438\u0442\u0435\u043b\u0438, \u0430\u0440\u043e\u043c\u0430\u0442\u0438\u0437\u0430\u0442\u043e\u0440\u0438\u2026 \u0432\u0441\u0435 \u043d\u0435\u0449\u0430, \u043a\u043e\u0438\u0442\u043e \u0432\u0441\u0435\u043a\u0438 \u0447\u043e\u0432\u0435\u043a, \u0433\u0440\u0438\u0436\u0435\u0449 \u0441\u0435 \u0437\u0430 \u0437\u0434\u0440\u0430\u0432\u0435\u0442\u043e \u0441\u0438 \u0431\u0438 \u0438\u0441\u043a\u0430\u043b \u0434\u0430 \u0438\u0437\u0431\u0435\u0433\u043d\u0435. \u0422\u0430\u043a\u0430 \u0441\u0435 \u0437\u0430\u0440\u043e\u0434\u0438 [&hellip;]<\/p>\n","protected":false},"author":1,"featured_media":0,"parent":0,"menu_order":0,"comment_status":"closed","ping_status":"closed","template":"","meta":{"slim_seo":{"description":"Avem propria noastr\u0103 fabric\u0103 de produc\u021bie unde suntem foarte dornici s\u0103 ne cre\u0103m produsele - cu ingrediente pure - naturale sau organice.","title":"Despre noi - Soo Raw"},"footnotes":""},"class_list":["post-112","page","type-page","status-publish","hentry"],"_links":{"self":[{"href":"https:\/\/www.sooraw.eu\/ro\/wp-json\/wp\/v2\/pages\/112","targetHints":{"allow":["GET"]}}],"collection":[{"href":"https:\/\/www.sooraw.eu\/ro\/wp-json\/wp\/v2\/pages"}],"about":[{"href":"https:\/\/www.sooraw.eu\/ro\/wp-json\/wp\/v2\/types\/page"}],"author":[{"embeddable":true,"href":"https:\/\/www.sooraw.eu\/ro\/wp-json\/wp\/v2\/users\/1"}],"replies":[{"embeddable":true,"href":"https:\/\/www.sooraw.eu\/ro\/wp-json\/wp\/v2\/comments?post=112"}],"version-history":[{"count":37,"href":"https:\/\/www.sooraw.eu\/ro\/wp-json\/wp\/v2\/pages\/112\/revisions"}],"predecessor-version":[{"id":760,"href":"https:\/\/www.sooraw.eu\/ro\/wp-json\/wp\/v2\/pages\/112\/revisions\/760"}],"wp:attachment":[{"href":"https:\/\/www.sooraw.eu\/ro\/wp-json\/wp\/v2\/media?parent=112"}],"curies":[{"name":"wp","href":"https:\/\/api.w.org\/{rel}","templated":true}]}}