{"id":545,"date":"2024-04-18T20:36:08","date_gmt":"2024-04-18T17:36:08","guid":{"rendered":"https:\/\/www.sooraw.eu\/?page_id=545"},"modified":"2024-04-18T21:20:38","modified_gmt":"2024-04-18T18:20:38","slug":"obsthi-usloviya","status":"publish","type":"page","link":"https:\/\/www.sooraw.eu\/ro\/obsthi-usloviya\/","title":{"rendered":"Condi\u021bii generale"},"content":{"rendered":"<div data-elementor-type=\"wp-page\" data-elementor-id=\"545\" class=\"elementor elementor-545\" data-elementor-post-type=\"page\">\n\t\t\t\t\t\t<section class=\"elementor-section elementor-top-section elementor-element elementor-element-6ea5dea5 elementor-section-boxed elementor-section-height-default elementor-section-height-default\" data-id=\"6ea5dea5\" data-element_type=\"section\" data-e-type=\"section\" data-settings=\"{&quot;background_background&quot;:&quot;classic&quot;}\">\n\t\t\t\t\t\t\t<div class=\"elementor-background-overlay\"><\/div>\n\t\t\t\t\t\t\t<div class=\"elementor-container elementor-column-gap-default\">\n\t\t\t\t\t<div class=\"elementor-column elementor-col-100 elementor-top-column elementor-element elementor-element-6a9f24d7\" data-id=\"6a9f24d7\" data-element_type=\"column\" data-e-type=\"column\">\n\t\t\t<div class=\"elementor-widget-wrap elementor-element-populated\">\n\t\t\t\t\t<div class=\"elementor-background-overlay\"><\/div>\n\t\t\t\t\t\t<div class=\"elementor-element elementor-element-1bce5ce elementor-widget elementor-widget-heading\" data-id=\"1bce5ce\" data-element_type=\"widget\" data-e-type=\"widget\" data-widget_type=\"heading.default\">\n\t\t\t\t<div class=\"elementor-widget-container\">\n\t\t\t\t\t<h2 class=\"elementor-heading-title elementor-size-default\">Condi\u021bii generale<\/h2>\t\t\t\t<\/div>\n\t\t\t\t<\/div>\n\t\t\t\t<div class=\"elementor-element elementor-element-3cb1ff51 elementor-icon-list--layout-inline elementor-align-center elementor-list-item-link-full_width elementor-widget elementor-widget-icon-list\" data-id=\"3cb1ff51\" data-element_type=\"widget\" data-e-type=\"widget\" data-widget_type=\"icon-list.default\">\n\t\t\t\t<div class=\"elementor-widget-container\">\n\t\t\t\t\t\t\t<ul class=\"elementor-icon-list-items elementor-inline-items\">\n\t\t\t\t\t\t\t<li class=\"elementor-icon-list-item elementor-inline-item\">\n\t\t\t\t\t\t\t\t\t\t<span class=\"elementor-icon-list-text\">Soo Raw<\/span>\n\t\t\t\t\t\t\t\t\t<\/li>\n\t\t\t\t\t\t\t\t<li class=\"elementor-icon-list-item elementor-inline-item\">\n\t\t\t\t\t\t\t\t\t\t\t<span class=\"elementor-icon-list-icon\">\n\t\t\t\t\t\t\t<svg aria-hidden=\"true\" class=\"e-font-icon-svg e-fas-chevron-right\" viewbox=\"0 0 320 512\" xmlns=\"http:\/\/www.w3.org\/2000\/svg\"><path d=\"M285.476 272.971L91.132 467.314c-9.373 9.373-24.569 9.373-33.941 0l-22.667-22.667c-9.357-9.357-9.375-24.522-.04-33.901L188.505 256 34.484 101.255c-9.335-9.379-9.317-24.544.04-33.901l22.667-22.667c9.373-9.373 24.569-9.373 33.941 0L285.475 239.03c9.373 9.372 9.373 24.568.001 33.941z\"><\/path><\/svg>\t\t\t\t\t\t<\/span>\n\t\t\t\t\t\t\t\t\t\t<span class=\"elementor-icon-list-text\">Despre noi<\/span>\n\t\t\t\t\t\t\t\t\t<\/li>\n\t\t\t\t\t\t<\/ul>\n\t\t\t\t\t\t<\/div>\n\t\t\t\t<\/div>\n\t\t\t\t\t<\/div>\n\t\t<\/div>\n\t\t\t\t\t<\/div>\n\t\t<\/section>\n\t\t<div class=\"elementor-element elementor-element-2df0bfd e-flex e-con-boxed e-con e-parent\" data-id=\"2df0bfd\" data-element_type=\"container\" data-e-type=\"container\">\n\t\t\t\t\t<div class=\"e-con-inner\">\n\t\t\t\t<div class=\"elementor-element elementor-element-5f32615e elementor-widget elementor-widget-text-editor\" data-id=\"5f32615e\" data-element_type=\"widget\" data-e-type=\"widget\" data-widget_type=\"text-editor.default\">\n\t\t\t\t<div class=\"elementor-widget-container\">\n\t\t\t\t\t\t\t\t\t<p>Ace\u0219ti Termeni \u0219i Condi\u021bii constituie un acord obligatoriu din punct de vedere juridic \u00eentre magazinul online www.sooraw.eu al \"SOU ROW\" SRL \u0219i utilizatori (dumneavoastr\u0103) \u00een leg\u0103tur\u0103 cu serviciile oferite de sooraw.eu. Prin vizualizarea paginilor, ap\u0103sarea site-urilor sau a link-urilor aflate pe paginile sooraw.eu, sunte\u021bi de acord, accepta\u021bi \u0219i v\u0103 angaja\u021bi s\u0103 respecta\u021bi ace\u0219ti Termeni \u0219i Condi\u021bii.<br \/>\"SOU ROU\" Ltd. este o societate \u00eenregistrat\u0103 \u00een conformitate cu legisla\u021bia comercial\u0103 a Republicii Bulgaria cu UIC 207345549, sediul \u0219i adresa po\u0219tal\u0103. 1450 1505 \"Shipka\" \u211622, etaj 1, birou 1<\/p><p><strong>Despre confiden\u021bialitatea dvs.<\/strong><br \/>\"SOU ROU\" SRL prelucreaz\u0103 \u0219i ia m\u0103suri de protec\u021bie a datelor cu caracter personal ale utilizatorilor \u00een conformitate cu cerin\u021bele Legii privind protec\u021bia datelor cu caracter personal. Utilizatorii sunt de acord ca SOU ROU SRL s\u0103 aib\u0103 dreptul de a prelucra datele lor personale \u00een leg\u0103tur\u0103 cu utilizarea serviciilor site-ului web. Pentru a v\u0103 servi \u0219i pentru a v\u0103 \u00eendeplini comenzile, este necesar s\u0103 accept\u0103m urm\u0103toarele date:<\/p><p>numele \u0219i prenumele<br \/>e-mail<br \/>telefon de contact<br \/>adresa de facturare \u0219i de livrare<br \/>codul po\u0219tal<br \/>numele companiei<br \/>UIC<\/p><p>Datele pe care le vom primi atunci c\u00e2nd comanda\u021bi, v\u0103 \u00eenregistra\u021bi sau naviga\u021bi pe pagini vor fi folosite exclusiv pentru serviciul dumneavoastr\u0103 - acceptarea \u0219i \u00eendeplinirea comenzilor, contactarea dumneavoastr\u0103 \u00een caz de nevoie \u00een leg\u0103tur\u0103 cu comanda \u0219i \u00eembun\u0103t\u0103\u021birea serviciului \"SOU ROU\" SRL. Garant\u0103m c\u0103 aceste date nu vor fi furnizate sub nicio form\u0103 unor ter\u021be p\u0103r\u021bi sau folosite \u00een alte scopuri dec\u00e2t cele descrise mai sus.<br \/>Profilul dvs. de utilizator poate fi \u0219ters din sistemul \"SOU ROU\" SRL \u00eempreun\u0103 cu datele asociate cu acesta, dac\u0103 dori\u021bi.<\/p><p><strong>Ordinul<\/strong><br \/>Fiecare comand\u0103 a unui produs sau serviciu prin intermediul sistemului \"SOU ROU\" SRL este asociat\u0103 cu obliga\u021bia de a pl\u0103ti prin metoda de plat\u0103 aleas\u0103 de dumneavoastr\u0103. Accept\u0103m comenzi 24 de ore pe zi, inclusiv \u00een weekend \u0219i \u00een zilele de s\u0103rb\u0103tori legale. \u00cen procesul de comand\u0103, ave\u021bi posibilitatea de a vedea produsele pe care le cump\u0103ra\u021bi \u0219i pre\u021burile acestora, numele dumneavoastr\u0103, e-mail, telefon, adres\u0103, cod po\u0219tal, metoda de livrare \u0219i metoda de plat\u0103. Dup\u0103 finalizarea comenzii, ve\u021bi primi un apel din partea noastr\u0103 la num\u0103rul de telefon furnizat, confirm\u00e2nd acelea\u0219i informa\u021bii.<\/p><p><strong>Pre\u021buri<\/strong><br \/>Toate pre\u021burile sunt exprimate \u00een BGN, inclusiv TVA. Pre\u021burile produselor sunt afi\u0219ate f\u0103r\u0103 costurile de transport, despre care ve\u021bi primi informa\u021bii \u00een timpul procesului de comand\u0103.<\/p><p>Probleme \u00een executarea comenzilor<br \/>Executarea ordinului dumneavoastr\u0103 poate fi \u00eempiedicat\u0103 din oricare dintre urm\u0103toarele motive:<br \/>Este posibil ca unul dintre produsele comandate s\u0103 nu fie disponibil; \u00een acest caz v\u0103 vom contacta \u00een cel mai scurt timp posibil prin telefon sau e-mail.<br \/>A\u021bi furnizat detalii de livrare incorecte sau incomplete - nume, adres\u0103, num\u0103r de telefon, cod po\u0219tal.<\/p><p>\u00cen cazul unei discrepan\u021be \u00eentre produsele primite \u0219i produsele comandate sau \u00een cazul \u00een care apare o inexactitate din vina noastr\u0103, vom suporta costurile de returnare \u0219i \u00eenlocuire ulterioar\u0103 a produselor neconforme. \u00cen cazul \u00een care livrarea nu este posibil\u0103 din vina SOU ROU SRL (nu v\u0103 afla\u021bi la adresa indicat\u0103 sau nu r\u0103spunde\u021bi la apelurile furnizorului), comanda dumneavoastr\u0103 va fi returnat\u0103 p\u00e2n\u0103 c\u00e2nd v\u0103 vom contacta.<\/p><p><strong>Plata<\/strong><br \/>Oferim plata la livrare: la primirea comenzii, pl\u0103ti\u021bi curierul \u00een numerar sau cu cardul de debit.<\/p><p><strong>Livrarea \u0219i primirea produselor<\/strong><br \/>Livrare la:<br \/>Selectat \u00een timpul procesului de achizi\u021bie dup\u0103 completarea adresei exacte, a numelor, a codului po\u0219tal.<br \/>Livrare la biroul unei firme de curierat:<br \/>Loca\u021bia biroului \u0219i numele acestuia sunt selectate \u00een timpul procesului de comand\u0103.<\/p><p><strong>Anularea \u0219i returnarea comenzii<\/strong><br \/>Pute\u021bi anula gratuit comanda \u00een ziua \u00een care a\u021bi plasat-o p\u00e2n\u0103 la ora 16:00. Pentru a anula o comand\u0103, v\u0103 rug\u0103m s\u0103 suna\u021bi la 0889 371 074 sau s\u0103 ne trimite\u021bi un e-mail la office@sooraw.eu.<br \/>\u00cen cazul \u00een care o comand\u0103 este refuzat\u0103 \u00een afara limitelor de timp indicate, clientul trebuie s\u0103 pl\u0103teasc\u0103 curierul care se \u00eentoarce la depozitul nostru.<br \/>Clientul are dreptul de a returna produsul \u00een termen de 14 zile, dac\u0103 tipul \u0219i integritatea ambalajului nu sunt compromise.<br \/>Pute\u021bi schimba produsele cu altele sau v\u0103 vom rambursa valoarea dac\u0103 nu dori\u021bi un schimb. Ramburs\u0103m valoarea produselor, cu excep\u021bia costurilor de transport.<\/p><p><strong>Reclama\u021bii \u0219i \u00eentreb\u0103ri adresate nou\u0103<\/strong><br \/>V\u0103 rug\u0103m s\u0103 ne contacta\u021bi la numerele de telefon 0889 371 074 sau 0885 149 216 pentru orice \u00eentreb\u0103ri legate de produsele sau serviciile oferite de SOU ROU SRL.<\/p><p><strong>Con\u021binut \u0219i drepturi de autor<\/strong><br \/>Site-ul web con\u021bine materiale \u0219i texte cu drepturi de autor, imagini, logo-uri grafice, grafice, logo-uri de marc\u0103, baze de date \u0219i software care sunt de\u021binute sau licen\u021biate de SOU ROU Ltd. \u0219i sunt protejate de legisla\u021bia bulgar\u0103 \u0219i de alte legi \u0219i conven\u021bii aplicabile privind drepturile de autor, drepturile conexe \u0219i alte drepturi de proprietate intelectual\u0103. Reproducerea con\u021binutului site-ului web \u0219i\/sau a oric\u0103rui element de proprietate intelectual\u0103 al acestuia se poate face numai cu acordul scris al SOU ROU Ltd. sau al reprezentan\u021bilor s\u0103i. Utilizarea serviciilor \u0219i a site-ului sooraw.eu nu confer\u0103 utilizatorilor niciun drept asupra obiectelor de proprietate intelectual\u0103 \u00een \u00eentregime sau asupra oric\u0103rei p\u0103r\u021bi a acestora.<\/p><p><strong>Despre produse<\/strong><br \/>Informa\u021biile \u0219i produsele de pe acest site nu sunt destinate s\u0103 diagnosticheze, s\u0103 trateze, s\u0103 vindece sau s\u0103 previn\u0103 nicio boal\u0103 sau problem\u0103 de s\u0103n\u0103tate.<\/p><p>\u00cen conformitate cu Legea privind protec\u021bia consumatorilor, consumatorii magazinului online www.sooraw.eu pot, \u00een lipsa unei solu\u021bion\u0103ri pe cale amiabil\u0103, s\u0103 adreseze o pl\u00e2ngere autorit\u0103\u021bilor de reglementare la urm\u0103toarea adres\u0103:<\/p><p>* Web: kzp.bg<br \/>* Tel: 0700 111 22<br \/>* Adresa. Sofia, PC 1000, pl. \"Slaveykov\" \u21164A<br \/>* Email: email: info@kzp.bg<\/p><p><a href=\"https:\/\/ec.europa.eu\/consumers\/odr\/main\/?event=main.complaints.screeningphase\" target=\"_blank\" rel=\"noopener\">Platforma UE de solu\u021bionare online a litigiilor (Platforma ODR)<\/a><\/p><p><a href=\"https:\/\/europa.eu\/youreurope\/business\/dealing-with-customers\/solving-disputes\/online-dispute-resolution\/index_bg.htm\" target=\"_blank\" rel=\"noopener\">Solu\u021bionarea alternativ\u0103 a litigiilor<\/a><\/p>\t\t\t\t\t\t\t\t<\/div>\n\t\t\t\t<\/div>\n\t\t\t\t\t<\/div>\n\t\t\t\t<\/div>\n\t\t\t\t<\/div>","protected":false},"excerpt":{"rendered":"<p>\u041e\u0431\u0449\u0438 \u0443\u0441\u043b\u043e\u0432\u0438\u044f Soo Raw \u0417\u0430 \u043d\u0430\u0441 \u041d\u0430\u0441\u0442\u043e\u044f\u0449\u0438\u0442\u0435 \u041e\u0431\u0449\u0438 \u0443\u0441\u043b\u043e\u0432\u0438\u044f \u043f\u0440\u0435\u0434\u0441\u0442\u0430\u0432\u043b\u044f\u0432\u0430\u0442 \u043f\u0440\u0430\u0432\u043d\u043e \u0441\u043f\u043e\u0440\u0430\u0437\u0443\u043c\u0435\u043d\u0438\u0435 \u0441 \u043e\u0431\u0432\u044a\u0440\u0437\u0432\u0430\u0449\u0430 \u0441\u0438\u043b\u0430 \u043c\u0435\u0436\u0434\u0443 \u043e\u043d\u043b\u0430\u0439\u043d \u043c\u0430\u0433\u0430\u0437\u0438\u043d www.sooraw.eu \u043d\u0430 \u201e\u0421\u041e\u0423 \u0420\u041e\u0423\u201c \u0415\u041e\u041e\u0414 \u0438 \u043f\u043e\u0442\u0440\u0435\u0431\u0438\u0442\u0435\u043b\u0438\u0442\u0435 (\u0412\u0438\u0435) \u0432\u044a\u0432 \u0432\u0440\u044a\u0437\u043a\u0430 \u0441 \u0443\u0441\u043b\u0443\u0433\u0438\u0442\u0435, \u043f\u0440\u0435\u0434\u043b\u0430\u0433\u0430\u043d\u0438 \u043e\u0442 sooraw.eu. \u0421 \u0440\u0430\u0437\u0433\u043b\u0435\u0436\u0434\u0430\u043d\u0435\u0442\u043e \u043d\u0430 \u0441\u0442\u0440\u0430\u043d\u0438\u0446\u0438\u0442\u0435, \u043d\u0430\u0442\u0438\u0441\u043a\u0430\u043d\u0435\u0442\u043e \u043d\u0430 \u043e\u0431\u0435\u043a\u0442\u0438\u0442\u0435 \u0438\u043b\u0438 \u0432\u0440\u044a\u0437\u043a\u0438\u0442\u0435, \u0440\u0430\u0437\u043f\u043e\u043b\u043e\u0436\u0435\u043d\u0438 \u043d\u0430 \u0441\u0442\u0440\u0430\u043d\u0438\u0446\u0438\u0442\u0435 \u043d\u0430 sooraw.eu, \u0412\u0438\u0435 \u0441\u0435 \u0441\u044a\u0433\u043b\u0430\u0441\u044f\u0432\u0430\u0442\u0435, \u043f\u0440\u0438\u0435\u043c\u0430\u0442\u0435 \u0438 \u0441\u0435 \u0437\u0430\u0434\u044a\u043b\u0436\u0430\u0432\u0430\u0442\u0435 \u0434\u0430 [&hellip;]<\/p>\n","protected":false},"author":1,"featured_media":0,"parent":0,"menu_order":0,"comment_status":"closed","ping_status":"closed","template":"","meta":{"slim_seo":{"noindex":"1","title":"Termeni \u0219i condi\u021bii generale - Soo Raw","description":"Termeni \u0219i condi\u021bii generale Soo Raw Despre noi Ace\u0219ti Termeni \u0219i condi\u021bii generale constituie un acord legal obligatoriu \u00eentre magazinul online www.sooraw.eu al \"SOU ROW\" Ltd. \u0219i n"},"footnotes":""},"class_list":["post-545","page","type-page","status-publish","hentry"],"_links":{"self":[{"href":"https:\/\/www.sooraw.eu\/ro\/wp-json\/wp\/v2\/pages\/545","targetHints":{"allow":["GET"]}}],"collection":[{"href":"https:\/\/www.sooraw.eu\/ro\/wp-json\/wp\/v2\/pages"}],"about":[{"href":"https:\/\/www.sooraw.eu\/ro\/wp-json\/wp\/v2\/types\/page"}],"author":[{"embeddable":true,"href":"https:\/\/www.sooraw.eu\/ro\/wp-json\/wp\/v2\/users\/1"}],"replies":[{"embeddable":true,"href":"https:\/\/www.sooraw.eu\/ro\/wp-json\/wp\/v2\/comments?post=545"}],"version-history":[{"count":4,"href":"https:\/\/www.sooraw.eu\/ro\/wp-json\/wp\/v2\/pages\/545\/revisions"}],"predecessor-version":[{"id":553,"href":"https:\/\/www.sooraw.eu\/ro\/wp-json\/wp\/v2\/pages\/545\/revisions\/553"}],"wp:attachment":[{"href":"https:\/\/www.sooraw.eu\/ro\/wp-json\/wp\/v2\/media?parent=545"}],"curies":[{"name":"wp","href":"https:\/\/api.w.org\/{rel}","templated":true}]}}