{"id":229,"date":"2024-04-14T19:07:07","date_gmt":"2024-04-14T16:07:07","guid":{"rendered":"https:\/\/www.sooraw.eu\/?post_type=product&#038;p=229"},"modified":"2024-08-29T13:58:07","modified_gmt":"2024-08-29T10:58:07","slug":"surovi-bonboni-soo-raw-golyama-kutiya-2-vida","status":"publish","type":"product","link":"https:\/\/www.sooraw.eu\/ro\/produs\/surovi-bonboni-soo-raw-golyama-kutiya-2-vida\/","title":{"rendered":"Bomboane crude SOO RAW cutie mare 2 tipuri"},"content":{"rendered":"<p>O colec\u021bie conceput\u0103 pentru a redefini esen\u021ba gustului gastronomic. Bomboanele noastre crude sunt realizate manual, folosind un amestec magistral de fructe uscate, nuci de calitate, nuci de cacao delicate, cacao natural\u0103 \u0219i o not\u0103 de miere organic\u0103 aurie \u0219i dulce.<\/p>\n<p><strong>* Livrare gratuit\u0103 la comenzi de peste 60 BGN.<\/strong><\/p>","protected":false},"excerpt":{"rendered":"<p>Cutia con\u021bine 16 bomboane, cu o greutate total\u0103 de 180 g.<\/p>\n<p>8 buc. CIOCOLAT\u0102 CU PORTOCAL\u0102<br \/>\nIngrediente: curmale; caju 30%, caise 18%, mas\u0103 de cacao, unt de cacao, pudr\u0103 de cacao, ulei natural de portocale.<\/p>\n<p>8 buc. CAISE CU PROTEINE<br \/>\nIngrediente: curmale; caise 15%, protein\u0103 de maz\u0103re \u0219i orez 14 %, caju 12 %, miere, mas\u0103 de cacao, cacao nibs, unt de cacao, ulei natural de l\u0103m\u00e2ie.<\/p>","protected":false},"featured_media":238,"template":"","meta":{"slim_seo":{"title":"\u0421\u0443\u0440\u043e\u0432\u0438 \u0431\u043e\u043d\u0431\u043e\u043d\u0438 SOO RAW \u0433\u043e\u043b\u044f\u043c\u0430 \u043a\u0443\u0442\u0438\u044f 2 \u0432\u0438\u0434\u0430 - Soo Raw","description":"\u041a\u0443\u0442\u0438\u044f\u0442\u0430 \u0441\u044a\u0434\u044a\u0440\u0436\u0430 16 \u0431\u043e\u043d\u0431\u043e\u043d\u0430, \u0441 \u043e\u0431\u0449 \u0433\u0440\u0430\u043c\u0430\u0436 180 \u0433\u0440. 8 \u0431\u0440. \u0428\u041e\u041a\u041e\u041b\u0410\u0414 \u0421 \u041f\u041e\u0420\u0422\u041e\u041a\u0410\u041b \u0421\u044a\u0434\u044a\u0440\u0436\u0430\u043d\u0438\u0435: \u0424\u0443\u0440\u043c\u0438; \u041a\u0430\u0448\u0443 30%, \u041a\u0430\u0439\u0441\u0438\u0438 18%, \u041a\u0430\u043a\u0430\u043e\u0432\u0430 \u043c\u0430\u0441\u0430, \u041a\u0430\u043a\u0430\u043e\u0432\u043e \u043c\u0430\u0441\u043b\u043e, \u041a\u0430\u043a\u0430\u043e \u043d\u0430 \u043f\u0440\u0430\u0445, \u041d"}},"product_brand":[],"product_cat":[20],"product_tag":[],"class_list":{"0":"post-229","1":"product","2":"type-product","3":"status-publish","4":"has-post-thumbnail","6":"product_cat-surovi-bonboni","8":"first","9":"instock","10":"shipping-taxable","11":"purchasable","12":"product-type-simple"},"_links":{"self":[{"href":"https:\/\/www.sooraw.eu\/ro\/wp-json\/wp\/v2\/product\/229","targetHints":{"allow":["GET"]}}],"collection":[{"href":"https:\/\/www.sooraw.eu\/ro\/wp-json\/wp\/v2\/product"}],"about":[{"href":"https:\/\/www.sooraw.eu\/ro\/wp-json\/wp\/v2\/types\/product"}],"wp:featuredmedia":[{"embeddable":true,"href":"https:\/\/www.sooraw.eu\/ro\/wp-json\/wp\/v2\/media\/238"}],"wp:attachment":[{"href":"https:\/\/www.sooraw.eu\/ro\/wp-json\/wp\/v2\/media?parent=229"}],"wp:term":[{"taxonomy":"product_brand","embeddable":true,"href":"https:\/\/www.sooraw.eu\/ro\/wp-json\/wp\/v2\/product_brand?post=229"},{"taxonomy":"product_cat","embeddable":true,"href":"https:\/\/www.sooraw.eu\/ro\/wp-json\/wp\/v2\/product_cat?post=229"},{"taxonomy":"product_tag","embeddable":true,"href":"https:\/\/www.sooraw.eu\/ro\/wp-json\/wp\/v2\/product_tag?post=229"}],"curies":[{"name":"wp","href":"https:\/\/api.w.org\/{rel}","templated":true}]}}