{"id":230,"date":"2024-04-14T19:07:07","date_gmt":"2024-04-14T16:07:07","guid":{"rendered":"https:\/\/www.sooraw.eu\/?post_type=product&#038;p=230"},"modified":"2024-08-29T13:57:45","modified_gmt":"2024-08-29T10:57:45","slug":"detski-bio-bar-soo-raw-yagodov-pat","status":"publish","type":"product","link":"https:\/\/www.sooraw.eu\/ro\/produs\/detski-bio-bar-soo-raw-yagodov-pat\/","title":{"rendered":"Batoane ecologice pentru copii SOO RAW drum de c\u0103p\u0219uni"},"content":{"rendered":"<p>Bara noastr\u0103 de c\u0103p\u0219uni este ca o raz\u0103 de soare \u00een fiecare mu\u0219c\u0103tur\u0103! Este at\u00e2t de suculent\u0103 \u0219i dulce, \u00eenc\u00e2t te vei sim\u021bi ca \u0219i cum ai face un picnic \u00eentr-o gr\u0103din\u0103 de c\u0103p\u0219uni.<\/p>\n<p>Fabricat cu mare grij\u0103, extrem de potrivit pentru o gustare la mijlocul dimine\u021bii pentru copii, care le va da energia necesar\u0103 pentru jocuri vesele.<\/p>\n<p><strong>* Livrare gratuit\u0103 la comenzi de peste 60 BGN.<\/strong><\/p>","protected":false},"excerpt":{"rendered":"<p>Cutie de 12 buc\u0103\u021bi<\/p>\n<p>Greutate: 20 g. 20 g x 12 buc\u0103\u021bi<\/p>\n<p>Ingrediente: curmale; c\u0103p\u0219uni 20 %, semin\u021be de dovleac, ov\u0103z f\u0103r\u0103 gluten, mas\u0103 de cacao, unt de cacao.<\/p>","protected":false},"featured_media":247,"template":"","meta":{"slim_seo":{"title":"\u0414\u0435\u0442\u0441\u043a\u0438 \u0431\u0438\u043e \u0431\u0430\u0440 SOO RAW \u044f\u0433\u043e\u0434\u043e\u0432 \u043f\u044a\u0442 - Soo Raw","description":"\u041a\u0443\u0442\u0438\u044f 12 \u0431\u0440\u043e\u044f \u0413\u0440\u0430\u043c\u0430\u0436: 20 \u0433\u0440. x 12 \u0431\u0440\u043e\u044f \u0421\u044a\u0434\u044a\u0440\u0436\u0430\u043d\u0438\u0435: \u0444\u0443\u0440\u043c\u0438; \u044f\u0433\u043e\u0434\u0438 20 %, \u0442\u0438\u043a\u0432\u0435\u043d\u0438 \u0441\u0435\u043c\u043a\u0438, \u043e\u0432\u0435\u0441\u0435\u043d\u0438 \u044f\u0434\u043a\u0438 \u0431\u0435\u0437 \u0433\u043b\u0443\u0442\u0435\u043d, \u043a\u0430\u043a\u0430\u043e\u0432\u0430 \u043c\u0430\u0441\u0430, \u043a\u0430\u043a\u0430\u043e\u0432\u043e \u043c\u0430\u0441\u043b\u043e"}},"product_brand":[],"product_cat":[21],"product_tag":[],"class_list":{"0":"post-230","1":"product","2":"type-product","3":"status-publish","4":"has-post-thumbnail","6":"product_cat-naturalni-deserti","8":"first","9":"instock","10":"shipping-taxable","11":"purchasable","12":"product-type-simple"},"_links":{"self":[{"href":"https:\/\/www.sooraw.eu\/ro\/wp-json\/wp\/v2\/product\/230","targetHints":{"allow":["GET"]}}],"collection":[{"href":"https:\/\/www.sooraw.eu\/ro\/wp-json\/wp\/v2\/product"}],"about":[{"href":"https:\/\/www.sooraw.eu\/ro\/wp-json\/wp\/v2\/types\/product"}],"wp:featuredmedia":[{"embeddable":true,"href":"https:\/\/www.sooraw.eu\/ro\/wp-json\/wp\/v2\/media\/247"}],"wp:attachment":[{"href":"https:\/\/www.sooraw.eu\/ro\/wp-json\/wp\/v2\/media?parent=230"}],"wp:term":[{"taxonomy":"product_brand","embeddable":true,"href":"https:\/\/www.sooraw.eu\/ro\/wp-json\/wp\/v2\/product_brand?post=230"},{"taxonomy":"product_cat","embeddable":true,"href":"https:\/\/www.sooraw.eu\/ro\/wp-json\/wp\/v2\/product_cat?post=230"},{"taxonomy":"product_tag","embeddable":true,"href":"https:\/\/www.sooraw.eu\/ro\/wp-json\/wp\/v2\/product_tag?post=230"}],"curies":[{"name":"wp","href":"https:\/\/api.w.org\/{rel}","templated":true}]}}