{"id":232,"date":"2024-04-14T19:07:07","date_gmt":"2024-04-14T16:07:07","guid":{"rendered":"https:\/\/www.sooraw.eu\/?post_type=product&#038;p=232"},"modified":"2024-08-29T13:57:37","modified_gmt":"2024-08-29T10:57:37","slug":"detski-bio-bar-soo-raw-kosmicheska-borovinka","status":"publish","type":"product","link":"https:\/\/www.sooraw.eu\/ro\/produs\/detski-bio-bar-soo-raw-kosmicheska-borovinka\/","title":{"rendered":"Batoane bio pentru copii SOO RAW cosmic blueberry"},"content":{"rendered":"<p>Bara noastr\u0103 de fructe de p\u0103dure este ca o explozie de gust! Este ca o aventur\u0103 fructat\u0103 pe care nu ve\u021bi dori s\u0103 o rata\u021bi.<\/p>\n<p>F\u0103cut\u0103 cu mare grij\u0103, extrem de potrivit\u0103 pentru o gustare la mijlocul dimine\u021bii pentru copii, care le va da energia de care au nevoie.<\/p>\n<p><strong>* Livrare gratuit\u0103 la comenzi de peste 60 BGN.<\/strong><\/p>","protected":false},"excerpt":{"rendered":"<p>Cutie de 12 buc\u0103\u021bi<\/p>\n<p>Greutate: 20 g. 20 g x 12 buc\u0103\u021bi<\/p>\n<p>Ingrediente: curmale; afine 23 %, fulgi de ov\u0103z f\u0103r\u0103 gluten, mas\u0103 de cacao, migdale, pudr\u0103 de cacao.<\/p>","protected":false},"featured_media":245,"template":"","meta":{"slim_seo":{"title":"\u0414\u0435\u0442\u0441\u043a\u0438 \u0431\u0438\u043e \u0431\u0430\u0440 SOO RAW \u043a\u043e\u0441\u043c\u0438\u0447\u0435\u0441\u043a\u0430 \u0431\u043e\u0440\u043e\u0432\u0438\u043d\u043a\u0430 - Soo Raw","description":"\u041a\u0443\u0442\u0438\u044f 12 \u0431\u0440\u043e\u044f \u0413\u0440\u0430\u043c\u0430\u0436: 20 \u0433\u0440. x 12 \u0431\u0440\u043e\u044f \u0421\u044a\u0434\u044a\u0440\u0436\u0430\u043d\u0438\u0435: \u0444\u0443\u0440\u043c\u0438; \u0447\u0435\u0440\u0432\u0435\u043d\u0430 \u0431\u043e\u0440\u043e\u0432\u0438\u043d\u043a\u0430 23 %, \u043e\u0432\u0435\u0441\u0435\u043d\u0438 \u044f\u0434\u043a\u0438 \u0431\u0435\u0437 \u0433\u043b\u0443\u0442\u0435\u043d, \u043a\u0430\u043a\u0430\u043e\u0432\u0430 \u043c\u0430\u0441\u0430, \u0431\u0430\u0434\u0435\u043c\u0438, \u043a\u0430\u043a\u0430\u043e \u043d\u0430 \u043f\u0440\u0430\u0445."}},"product_brand":[],"product_cat":[21],"product_tag":[],"class_list":{"0":"post-232","1":"product","2":"type-product","3":"status-publish","4":"has-post-thumbnail","6":"product_cat-naturalni-deserti","8":"first","9":"instock","10":"shipping-taxable","11":"purchasable","12":"product-type-simple"},"_links":{"self":[{"href":"https:\/\/www.sooraw.eu\/ro\/wp-json\/wp\/v2\/product\/232","targetHints":{"allow":["GET"]}}],"collection":[{"href":"https:\/\/www.sooraw.eu\/ro\/wp-json\/wp\/v2\/product"}],"about":[{"href":"https:\/\/www.sooraw.eu\/ro\/wp-json\/wp\/v2\/types\/product"}],"wp:featuredmedia":[{"embeddable":true,"href":"https:\/\/www.sooraw.eu\/ro\/wp-json\/wp\/v2\/media\/245"}],"wp:attachment":[{"href":"https:\/\/www.sooraw.eu\/ro\/wp-json\/wp\/v2\/media?parent=232"}],"wp:term":[{"taxonomy":"product_brand","embeddable":true,"href":"https:\/\/www.sooraw.eu\/ro\/wp-json\/wp\/v2\/product_brand?post=232"},{"taxonomy":"product_cat","embeddable":true,"href":"https:\/\/www.sooraw.eu\/ro\/wp-json\/wp\/v2\/product_cat?post=232"},{"taxonomy":"product_tag","embeddable":true,"href":"https:\/\/www.sooraw.eu\/ro\/wp-json\/wp\/v2\/product_tag?post=232"}],"curies":[{"name":"wp","href":"https:\/\/api.w.org\/{rel}","templated":true}]}}