{"id":234,"date":"2024-04-14T19:07:08","date_gmt":"2024-04-14T16:07:08","guid":{"rendered":"https:\/\/www.sooraw.eu\/?post_type=product&#038;p=234"},"modified":"2024-08-29T13:57:28","modified_gmt":"2024-08-29T10:57:28","slug":"susheni-krekeri-soo-raw-protein","status":"publish","type":"product","link":"https:\/\/www.sooraw.eu\/ro\/produs\/susheni-krekeri-soo-raw-protein\/","title":{"rendered":"Biscui\u021bi usca\u021bi SOO RAW protein"},"content":{"rendered":"<p>Fabrica\u021bi cu ingrediente naturale atent selec\u021bionate, biscui\u021bii Soo Raw sunt o m\u0103rturie a puterii alimentelor crude. Fiecare \u00eembuc\u0103tur\u0103 este o explozie de arome naturale \u0219i nutrien\u021bi care v\u0103 ofer\u0103 energia necesar\u0103 pentru a v\u0103 alimenta stilul de via\u021b\u0103 activ.<\/p>\n<p><strong>* Livrare gratuit\u0103 la comenzi de peste 60 BGN.<\/strong><\/p>","protected":false},"excerpt":{"rendered":"<p>Ambalare 50 g.<\/p>\n<p>Ingrediente: proteine de dovleac 17%, semin\u021be de susan alb, semin\u021be de floarea-soarelui, semin\u021be de dovleac, morcovi usca\u021bi, chia, ulei de susan, coaj\u0103, sare de Himalaya, turmeric, condimente naturale.<\/p>\n<p>Alergeni: susan, ulei de susan<\/p>","protected":false},"featured_media":242,"template":"","meta":{"slim_seo":{"title":"Cracker uscat SOO RAW proteine - Soo Raw","description":"Ambalaj 50 g. Ingrediente."}},"product_brand":[],"product_cat":[22],"product_tag":[],"class_list":{"0":"post-234","1":"product","2":"type-product","3":"status-publish","4":"has-post-thumbnail","6":"product_cat-susheni-krekeri","8":"first","9":"instock","10":"shipping-taxable","11":"purchasable","12":"product-type-simple"},"_links":{"self":[{"href":"https:\/\/www.sooraw.eu\/ro\/wp-json\/wp\/v2\/product\/234","targetHints":{"allow":["GET"]}}],"collection":[{"href":"https:\/\/www.sooraw.eu\/ro\/wp-json\/wp\/v2\/product"}],"about":[{"href":"https:\/\/www.sooraw.eu\/ro\/wp-json\/wp\/v2\/types\/product"}],"wp:featuredmedia":[{"embeddable":true,"href":"https:\/\/www.sooraw.eu\/ro\/wp-json\/wp\/v2\/media\/242"}],"wp:attachment":[{"href":"https:\/\/www.sooraw.eu\/ro\/wp-json\/wp\/v2\/media?parent=234"}],"wp:term":[{"taxonomy":"product_brand","embeddable":true,"href":"https:\/\/www.sooraw.eu\/ro\/wp-json\/wp\/v2\/product_brand?post=234"},{"taxonomy":"product_cat","embeddable":true,"href":"https:\/\/www.sooraw.eu\/ro\/wp-json\/wp\/v2\/product_cat?post=234"},{"taxonomy":"product_tag","embeddable":true,"href":"https:\/\/www.sooraw.eu\/ro\/wp-json\/wp\/v2\/product_tag?post=234"}],"curies":[{"name":"wp","href":"https:\/\/api.w.org\/{rel}","templated":true}]}}