{"id":235,"date":"2024-04-14T19:07:08","date_gmt":"2024-04-14T16:07:08","guid":{"rendered":"https:\/\/www.sooraw.eu\/?post_type=product&#038;p=235"},"modified":"2024-08-29T13:57:01","modified_gmt":"2024-08-29T10:57:01","slug":"susheni-krekeri-soo-raw-kopriva-i-cheren-kimion","status":"publish","type":"product","link":"https:\/\/www.sooraw.eu\/ro\/produs\/susheni-krekeri-soo-raw-kopriva-i-cheren-kimion\/","title":{"rendered":"Biscui\u021bi usca\u021bi SOO RAW urzic\u0103 \u0219i chimen negru"},"content":{"rendered":"<p>Pentru cei care caut\u0103 o variant\u0103 p\u0103m\u00e2ntean\u0103, biscui\u021bii no\u0219tri de urzic\u0103 cu chimen negru ofer\u0103 o combina\u021bie unic\u0103 de arome \u0219i gusturi delicate.<\/p>\n<p>Fabrica\u021bi cu ingrediente naturale atent selec\u021bionate, biscui\u021bii Soo Raw sunt o m\u0103rturie a puterii alimentelor crude. Fiecare \u00eembuc\u0103tur\u0103 este o explozie de arome naturale \u0219i nutrien\u021bi care v\u0103 ofer\u0103 energia necesar\u0103 pentru a v\u0103 alimenta stilul de via\u021b\u0103 activ.<\/p>\n<p><strong>* Livrare gratuit\u0103 la comenzi de peste 60 BGN.<\/strong><\/p>","protected":false},"excerpt":{"rendered":"<p>Ambalare 50 g.<\/p>\n<p>Ingrediente: semin\u021be de floarea-soarelui, semin\u021be de chia, semin\u021be de dovleac, urzic\u0103 uscat\u0103 8%, migdale, ulei de susan, coaj\u0103, sare de Himalaya, oregano, piper negru, chimen negru 0,4%, condimente naturale.<\/p>\n<p>Alergeni: migdale, ulei de susan<\/p>","protected":false},"featured_media":241,"template":"","meta":{"slim_seo":{"title":"\u0421\u0443\u0448\u0435\u043d\u0438 \u043a\u0440\u0435\u043a\u0435\u0440\u0438 SOO RAW \u043a\u043e\u043f\u0440\u0438\u0432\u0430 \u0438 \u0447\u0435\u0440\u0435\u043d \u043a\u0438\u043c\u0438\u043e\u043d - Soo Raw","description":"\u041e\u043f\u0430\u043a\u043e\u0432\u043a\u0430 50 \u0433\u0440. \u0421\u044a\u0441\u0442\u0430\u0432\u043a\u0438: \u0441\u043b\u044a\u043d\u0447\u043e\u0433\u043b\u0435\u0434\u043e\u0432\u043e \u0441\u0435\u043c\u0435, \u0447\u0438\u044f, \u0442\u0438\u043a\u0432\u0435\u043d\u043e \u0441\u0435\u043c\u0435, \u043a\u043e\u043f\u0440\u0438\u0432\u0430 \u0441\u0443\u0448\u0435\u043d\u0430 8%, \u0431\u0430\u0434\u0435\u043c\u0438, \u0441\u0443\u0441\u0430\u043c\u043e\u0432\u043e \u043e\u043b\u0438\u043e, \u0445\u0443\u0441\u043a, \u0445\u0438\u043c\u0430\u043b\u0430\u0439\u0441\u043a\u0430 \u0441\u043e\u043b, \u0440\u0438\u0433\u0430\u043d, \u0447\u0435\u0440\u0435\u043d \u043f\u0438\u043f\u0435\u0440, \u0447\u0435\u0440\u0435\u043d \u043a\u0438\u043c\u0438\u043e"}},"product_brand":[],"product_cat":[22],"product_tag":[],"class_list":{"0":"post-235","1":"product","2":"type-product","3":"status-publish","4":"has-post-thumbnail","6":"product_cat-susheni-krekeri","8":"first","9":"instock","10":"shipping-taxable","11":"purchasable","12":"product-type-simple"},"_links":{"self":[{"href":"https:\/\/www.sooraw.eu\/ro\/wp-json\/wp\/v2\/product\/235","targetHints":{"allow":["GET"]}}],"collection":[{"href":"https:\/\/www.sooraw.eu\/ro\/wp-json\/wp\/v2\/product"}],"about":[{"href":"https:\/\/www.sooraw.eu\/ro\/wp-json\/wp\/v2\/types\/product"}],"wp:featuredmedia":[{"embeddable":true,"href":"https:\/\/www.sooraw.eu\/ro\/wp-json\/wp\/v2\/media\/241"}],"wp:attachment":[{"href":"https:\/\/www.sooraw.eu\/ro\/wp-json\/wp\/v2\/media?parent=235"}],"wp:term":[{"taxonomy":"product_brand","embeddable":true,"href":"https:\/\/www.sooraw.eu\/ro\/wp-json\/wp\/v2\/product_brand?post=235"},{"taxonomy":"product_cat","embeddable":true,"href":"https:\/\/www.sooraw.eu\/ro\/wp-json\/wp\/v2\/product_cat?post=235"},{"taxonomy":"product_tag","embeddable":true,"href":"https:\/\/www.sooraw.eu\/ro\/wp-json\/wp\/v2\/product_tag?post=235"}],"curies":[{"name":"wp","href":"https:\/\/api.w.org\/{rel}","templated":true}]}}