{"id":236,"date":"2024-04-14T19:07:08","date_gmt":"2024-04-14T16:07:08","guid":{"rendered":"https:\/\/www.sooraw.eu\/?post_type=product&#038;p=236"},"modified":"2024-08-29T13:56:50","modified_gmt":"2024-08-29T10:56:50","slug":"susheni-krekeri-soo-raw-konop","status":"publish","type":"product","link":"https:\/\/www.sooraw.eu\/ro\/produs\/susheni-krekeri-soo-raw-konop\/","title":{"rendered":"Biscui\u021bi usca\u021bi de c\u00e2nep\u0103 SOO RAW"},"content":{"rendered":"<p>Un duo energetic nutri\u021bional din semin\u021be de c\u00e2nep\u0103 \u0219i chia, care con\u021bin mul\u021bi acizi gra\u0219i esen\u021biali \u0219i proteine vegetale.<\/p>\n<p>Fabrica\u021bi cu ingrediente naturale atent selec\u021bionate, biscui\u021bii Soo Raw sunt o m\u0103rturie a puterii alimentelor crude. Fiecare \u00eembuc\u0103tur\u0103 este o explozie de arome naturale \u0219i nutrien\u021bi care v\u0103 ofer\u0103 energia necesar\u0103 pentru a v\u0103 alimenta stilul de via\u021b\u0103 activ.<\/p>\n<p><strong>* Livrare gratuit\u0103 la comenzi de peste 60 BGN.<\/strong><\/p>","protected":false},"excerpt":{"rendered":"<p>Ambalare 50 g.<\/p>\n<p>Ingrediente: semin\u021be de floarea-soarelui, ro\u0219ii uscate 16 %, chia, caju, busuioc 0,39%, coaj\u0103, condimente naturale.<\/p>\n<p>Alergeni: terci<\/p>","protected":false},"featured_media":240,"template":"","meta":{"slim_seo":{"title":"\u0421\u0443\u0448\u0435\u043d\u0438 \u043a\u0440\u0435\u043a\u0435\u0440\u0438 SOO RAW \u043a\u043e\u043d\u043e\u043f - Soo Raw","description":"\u041e\u043f\u0430\u043a\u043e\u0432\u043a\u0430 50 \u0433\u0440. \u0421\u044a\u0441\u0442\u0430\u0432\u043a\u0438: \u0441\u043b\u044a\u043d\u0447\u043e\u0433\u043b\u0435\u0434\u043e\u0432\u043e \u0441\u0435\u043c\u0435, \u0441\u0443\u0448\u0435\u043d\u0438 \u0434\u043e\u043c\u0430\u0442\u0438 16 %, \u0447\u0438\u044f, \u043a\u0430\u0448\u0443, \u0431\u043e\u0441\u0438\u043b\u0435\u043a 0.39%, \u0445\u0443\u0441\u043a, \u043d\u0430\u0442\u0443\u0440\u0430\u043b\u043d\u0438 \u043f\u043e\u0434\u043f\u0440\u0430\u0432\u043a\u0438. \u0410\u043b\u0435\u0440\u0433\u0435\u043d\u0438: \u043a\u0430\u0448\u0443"}},"product_brand":[],"product_cat":[22],"product_tag":[],"class_list":{"0":"post-236","1":"product","2":"type-product","3":"status-publish","4":"has-post-thumbnail","6":"product_cat-susheni-krekeri","8":"first","9":"instock","10":"shipping-taxable","11":"purchasable","12":"product-type-simple"},"_links":{"self":[{"href":"https:\/\/www.sooraw.eu\/ro\/wp-json\/wp\/v2\/product\/236","targetHints":{"allow":["GET"]}}],"collection":[{"href":"https:\/\/www.sooraw.eu\/ro\/wp-json\/wp\/v2\/product"}],"about":[{"href":"https:\/\/www.sooraw.eu\/ro\/wp-json\/wp\/v2\/types\/product"}],"wp:featuredmedia":[{"embeddable":true,"href":"https:\/\/www.sooraw.eu\/ro\/wp-json\/wp\/v2\/media\/240"}],"wp:attachment":[{"href":"https:\/\/www.sooraw.eu\/ro\/wp-json\/wp\/v2\/media?parent=236"}],"wp:term":[{"taxonomy":"product_brand","embeddable":true,"href":"https:\/\/www.sooraw.eu\/ro\/wp-json\/wp\/v2\/product_brand?post=236"},{"taxonomy":"product_cat","embeddable":true,"href":"https:\/\/www.sooraw.eu\/ro\/wp-json\/wp\/v2\/product_cat?post=236"},{"taxonomy":"product_tag","embeddable":true,"href":"https:\/\/www.sooraw.eu\/ro\/wp-json\/wp\/v2\/product_tag?post=236"}],"curies":[{"name":"wp","href":"https:\/\/api.w.org\/{rel}","templated":true}]}}