{"id":685,"date":"2024-10-28T14:18:49","date_gmt":"2024-10-28T12:18:49","guid":{"rendered":"https:\/\/www.sooraw.eu\/?post_type=product&#038;p=685"},"modified":"2025-02-06T11:04:31","modified_gmt":"2025-02-06T09:04:31","slug":"konopeno-barche-s-menta-12-broya","status":"publish","type":"product","link":"https:\/\/www.sooraw.eu\/ro\/produs\/konopeno-barche-s-menta-12-broya\/","title":{"rendered":"Soo Hemp Mint 12 buc\u0103\u021bi"},"content":{"rendered":"<p>Bar s\u0103n\u0103tos f\u0103r\u0103 gluten cu semin\u021be de c\u00e2nep\u0103 \u0219i ment\u0103. Bogat \u00een fibre. Con\u021bine doar zaharuri naturale.<\/p>\n<p>Lua\u021bi masa \u0219i relaxa\u021bi-v\u0103 cu barul nostru SOO HEMP.<\/p>\n<p><strong>* Livrare gratuit\u0103 la comenzi de peste 60 BGN.<\/strong><\/p>","protected":false},"excerpt":{"rendered":"<p>Greutate: 36 g.<\/p>\n<p>Ingrediente: past\u0103 de curmale, semin\u021be de c\u00e2nep\u0103, mas\u0103 de cacao, prune uscate, ov\u0103z f\u0103r\u0103 gluten, nibs de cacao, pudr\u0103 de cacao, coaj\u0103 de l\u0103m\u00e2ie, ulei natural de ment\u0103, mal\u021b natural de l\u0103m\u00e2ie<\/p>","protected":false},"featured_media":731,"template":"","meta":{"slim_seo":{"description":"\u0411\u0430\u0440\u0447\u0435 \u0437\u0430 \u043f\u044a\u043b\u0435\u043d \u0440\u0435\u043b\u0430\u043a\u0441 \u0441 \u043c\u0435\u043d\u0442\u0430 \u0438 \u0441\u0435\u043c\u0435\u043d\u0430 \u043e\u0442 \u043a\u043e\u043d\u043e\u043f, \u0432\u0438\u0441\u043e\u043a\u043e \u0441\u044a\u0434\u044a\u0440\u0436\u0430\u043d\u0438\u0435 \u043d\u0430 \u0444\u0438\u0431\u0440\u0438 \u0438 \u0441\u0430\u043c\u043e \u0435\u0441\u0442\u0435\u0441\u0442\u0432\u0435\u043d\u0438 \u0437\u0430\u0445\u0430\u0440\u0438.","title":"Soo Hemp \u041c\u0435\u043d\u0442\u0430 12 \u0431\u0440\u043e\u044f - Soo Raw"}},"product_brand":[],"product_cat":[21],"product_tag":[],"class_list":{"0":"post-685","1":"product","2":"type-product","3":"status-publish","4":"has-post-thumbnail","6":"product_cat-naturalni-deserti","8":"first","9":"instock","10":"shipping-taxable","11":"purchasable","12":"product-type-simple"},"_links":{"self":[{"href":"https:\/\/www.sooraw.eu\/ro\/wp-json\/wp\/v2\/product\/685","targetHints":{"allow":["GET"]}}],"collection":[{"href":"https:\/\/www.sooraw.eu\/ro\/wp-json\/wp\/v2\/product"}],"about":[{"href":"https:\/\/www.sooraw.eu\/ro\/wp-json\/wp\/v2\/types\/product"}],"wp:featuredmedia":[{"embeddable":true,"href":"https:\/\/www.sooraw.eu\/ro\/wp-json\/wp\/v2\/media\/731"}],"wp:attachment":[{"href":"https:\/\/www.sooraw.eu\/ro\/wp-json\/wp\/v2\/media?parent=685"}],"wp:term":[{"taxonomy":"product_brand","embeddable":true,"href":"https:\/\/www.sooraw.eu\/ro\/wp-json\/wp\/v2\/product_brand?post=685"},{"taxonomy":"product_cat","embeddable":true,"href":"https:\/\/www.sooraw.eu\/ro\/wp-json\/wp\/v2\/product_cat?post=685"},{"taxonomy":"product_tag","embeddable":true,"href":"https:\/\/www.sooraw.eu\/ro\/wp-json\/wp\/v2\/product_tag?post=685"}],"curies":[{"name":"wp","href":"https:\/\/api.w.org\/{rel}","templated":true}]}}