{"id":689,"date":"2024-10-28T14:23:38","date_gmt":"2024-10-28T12:23:38","guid":{"rendered":"https:\/\/www.sooraw.eu\/?post_type=product&#038;p=689"},"modified":"2025-02-06T09:55:06","modified_gmt":"2025-02-06T07:55:06","slug":"soo-hemp-cheresha-12-broya","status":"publish","type":"product","link":"https:\/\/www.sooraw.eu\/ro\/produs\/soo-hemp-cheresha-12-broya\/","title":{"rendered":"Soo Hemp Cherry 12 buc\u0103\u021bi"},"content":{"rendered":"<p>Bar s\u0103n\u0103tos f\u0103r\u0103 gluten cu semin\u021be de c\u00e2nep\u0103 \u0219i cire\u0219e. Bogat \u00een fibre. Con\u021bine numai zaharuri naturale.<\/p>\n<p>Lua\u021bi masa \u0219i relaxa\u021bi-v\u0103 cu barul nostru SOO HEMP.<\/p>\n<p><strong>* Livrare gratuit\u0103 la comenzi de peste 60 BGN.<\/strong><\/p>","protected":false},"excerpt":{"rendered":"<p>Greutate: 36 g.<\/p>\n<p>Ingrediente: past\u0103 de curmale, cire\u0219e uscate 25%, semin\u021be de c\u00e2nep\u0103 18%, mas\u0103 de cacao, f\u0103in\u0103 de nuc\u0103 de cocos, pudr\u0103 de cacao<\/p>","protected":false},"featured_media":732,"template":"","meta":{"slim_seo":{"description":"\u0411\u0430\u0440\u0447\u0435 \u0437\u0430 \u043f\u044a\u043b\u0435\u043d \u0440\u0435\u043b\u0430\u043a\u0441 \u0441 \u0447\u0435\u0440\u0435\u0448\u0430 \u0438 \u0441\u0435\u043c\u0435\u043d\u0430 \u043e\u0442 \u043a\u043e\u043d\u043e\u043f, \u0432\u0438\u0441\u043e\u043a\u043e \u0441\u044a\u0434\u044a\u0440\u0436\u0430\u043d\u0438\u0435 \u043d\u0430 \u0444\u0438\u0431\u0440\u0438 \u0438 \u0441\u0430\u043c\u043e \u0435\u0441\u0442\u0435\u0441\u0442\u0432\u0435\u043d\u0438 \u0437\u0430\u0445\u0430\u0440\u0438.","title":"Soo Hemp \u0427\u0435\u0440\u0435\u0448\u0430 12 \u0431\u0440\u043e\u044f - Soo Raw"}},"product_brand":[],"product_cat":[21],"product_tag":[],"class_list":{"0":"post-689","1":"product","2":"type-product","3":"status-publish","4":"has-post-thumbnail","6":"product_cat-naturalni-deserti","8":"first","9":"instock","10":"sale","11":"shipping-taxable","12":"purchasable","13":"product-type-simple"},"_links":{"self":[{"href":"https:\/\/www.sooraw.eu\/ro\/wp-json\/wp\/v2\/product\/689","targetHints":{"allow":["GET"]}}],"collection":[{"href":"https:\/\/www.sooraw.eu\/ro\/wp-json\/wp\/v2\/product"}],"about":[{"href":"https:\/\/www.sooraw.eu\/ro\/wp-json\/wp\/v2\/types\/product"}],"wp:featuredmedia":[{"embeddable":true,"href":"https:\/\/www.sooraw.eu\/ro\/wp-json\/wp\/v2\/media\/732"}],"wp:attachment":[{"href":"https:\/\/www.sooraw.eu\/ro\/wp-json\/wp\/v2\/media?parent=689"}],"wp:term":[{"taxonomy":"product_brand","embeddable":true,"href":"https:\/\/www.sooraw.eu\/ro\/wp-json\/wp\/v2\/product_brand?post=689"},{"taxonomy":"product_cat","embeddable":true,"href":"https:\/\/www.sooraw.eu\/ro\/wp-json\/wp\/v2\/product_cat?post=689"},{"taxonomy":"product_tag","embeddable":true,"href":"https:\/\/www.sooraw.eu\/ro\/wp-json\/wp\/v2\/product_tag?post=689"}],"curies":[{"name":"wp","href":"https:\/\/api.w.org\/{rel}","templated":true}]}}